{"id":18,"date":"2025-12-09T12:57:42","date_gmt":"2025-12-09T12:57:42","guid":{"rendered":"https:\/\/imperialcasino.eu\/roma2\/?page_id=18"},"modified":"2026-01-26T08:59:41","modified_gmt":"2026-01-26T08:59:41","slug":"herni-nabidka-live-game","status":"publish","type":"page","link":"https:\/\/www.imperialcasino.eu\/roma\/herni-nabidka-live-game\/","title":{"rendered":"Hern\u00ed nab\u00eddka Live Game"},"content":{"rendered":"<section class=\"games-section\">\n<h1 class=\"games-title\">LIVE GAME<\/h1>\n<div class=\"games-wrapper\">\n<p><!-- 1. BOX \u2013 EVROPSK\u00c1 RULETA --><\/p>\n<div class=\"game-box\"><img decoding=\"async\" class=\"game-img\" src=\"\/roma\/wp-content\/uploads\/2025\/12\/ruleta.webp\" alt=\"Evropsk\u00e1 ruleta\" \/><\/p>\n<h2 class=\"game-name\">EVROPSK\u00c1 RULETA<\/h2>\n<div class=\"game-divider\"><\/div>\n<div class=\"game-limits\">\n<p><strong>Min:<\/strong> 25 K\u010d<\/p>\n<p><strong>Max:<\/strong> 3000 K\u010d<\/p>\n<\/div>\n<\/div>\n<p><!-- 2. BOX \u2013 BLACK JACK --><\/p>\n<div class=\"game-box\"><img decoding=\"async\" class=\"game-img\" src=\"\/roma\/wp-content\/uploads\/2025\/12\/bj.webp\" alt=\"Black Jack\" \/><\/p>\n<h2 class=\"game-name\">BLACK JACK<\/h2>\n<div class=\"game-divider\"><\/div>\n<div class=\"game-limits\">\n<p><strong>Min:<\/strong> 100 K\u010d<\/p>\n<p><strong>Max:<\/strong> 5000 K\u010d<\/p>\n<\/div>\n<\/div>\n<p><!-- 3. BOX \u2013 Ultimate Texas Hold\u2019em --><\/p>\n<div class=\"game-box\"><img decoding=\"async\" class=\"game-img\" src=\"\/roma\/wp-content\/uploads\/2025\/12\/uth.webp\" alt=\"Ultimate Texas Hold'em Poker\" \/><\/p>\n<h2 class=\"game-name\">ULTIMATE TEXAS HOLD\u2019EM<\/h2>\n<div class=\"game-divider\"><\/div>\n<div class=\"game-limits\">\n<p><strong>Min:<\/strong> 100 K\u010d<\/p>\n<p><strong>Max:<\/strong> 1000 K\u010d<\/p>\n<\/div>\n<\/div>\n<\/div>\n<\/section>\n","protected":false},"excerpt":{"rendered":"<p>LIVE GAME EVROPSK\u00c1 RULETA Min: 25 K\u010d Max: 3000 K\u010d BLACK JACK Min: 100 K\u010d Max: 5000 K\u010d ULTIMATE TEXAS [&hellip;]<\/p>\n","protected":false},"author":1,"featured_media":0,"parent":0,"menu_order":0,"comment_status":"closed","ping_status":"closed","template":"","meta":{"site-sidebar-layout":"default","site-content-layout":"","ast-site-content-layout":"full-width-container","site-content-style":"default","site-sidebar-style":"default","ast-global-header-display":"","ast-banner-title-visibility":"","ast-main-header-display":"","ast-hfb-above-header-display":"","ast-hfb-below-header-display":"","ast-hfb-mobile-header-display":"","site-post-title":"","ast-breadcrumbs-content":"","ast-featured-img":"","footer-sml-layout":"","ast-disable-related-posts":"","theme-transparent-header-meta":"default","adv-header-id-meta":"","stick-header-meta":"","header-above-stick-meta":"","header-main-stick-meta":"","header-below-stick-meta":"","astra-migrate-meta-layouts":"set","ast-page-background-enabled":"default","ast-page-background-meta":{"desktop":{"background-color":"var(--ast-global-color-5)","background-image":"","background-repeat":"repeat","background-position":"center center","background-size":"auto","background-attachment":"scroll","background-type":"","background-media":"","overlay-type":"","overlay-color":"","overlay-opacity":"","overlay-gradient":""},"tablet":{"background-color":"","background-image":"","background-repeat":"repeat","background-position":"center center","background-size":"auto","background-attachment":"scroll","background-type":"","background-media":"","overlay-type":"","overlay-color":"","overlay-opacity":"","overlay-gradient":""},"mobile":{"background-color":"","background-image":"","background-repeat":"repeat","background-position":"center center","background-size":"auto","background-attachment":"scroll","background-type":"","background-media":"","overlay-type":"","overlay-color":"","overlay-opacity":"","overlay-gradient":""}},"ast-content-background-meta":{"desktop":{"background-color":"var(--ast-global-color-4)","background-image":"","background-repeat":"repeat","background-position":"center center","background-size":"auto","background-attachment":"scroll","background-type":"","background-media":"","overlay-type":"","overlay-color":"","overlay-opacity":"","overlay-gradient":""},"tablet":{"background-color":"var(--ast-global-color-4)","background-image":"","background-repeat":"repeat","background-position":"center center","background-size":"auto","background-attachment":"scroll","background-type":"","background-media":"","overlay-type":"","overlay-color":"","overlay-opacity":"","overlay-gradient":""},"mobile":{"background-color":"var(--ast-global-color-4)","background-image":"","background-repeat":"repeat","background-position":"center center","background-size":"auto","background-attachment":"scroll","background-type":"","background-media":"","overlay-type":"","overlay-color":"","overlay-opacity":"","overlay-gradient":""}},"footnotes":""},"class_list":["post-18","page","type-page","status-publish","hentry"],"yoast_head":"<!-- This site is optimized with the Yoast SEO plugin v27.3 - https:\/\/yoast.com\/product\/yoast-seo-wordpress\/ -->\n<title>Hern\u00ed nab\u00eddka Live Game - IMPERIAL CASINO ROMA<\/title>\n<meta name=\"description\" content=\"Live game v Imperial Casino Roma Teplice \u2013 ruleta, blackjack, poker a dal\u0161\u00ed \u017eiv\u00e9 hry s profesion\u00e1ln\u00ed obsluhou.\" \/>\n<meta name=\"robots\" content=\"index, follow, max-snippet:-1, max-image-preview:large, max-video-preview:-1\" \/>\n<link rel=\"canonical\" href=\"https:\/\/www.imperialcasino.eu\/roma\/herni-nabidka-live-game\/\" \/>\n<meta property=\"og:locale\" content=\"cs_CZ\" \/>\n<meta property=\"og:type\" content=\"article\" \/>\n<meta property=\"og:title\" content=\"Hern\u00ed nab\u00eddka Live Game - IMPERIAL CASINO ROMA\" \/>\n<meta property=\"og:description\" content=\"Live game v Imperial Casino Roma Teplice \u2013 ruleta, blackjack, poker a dal\u0161\u00ed \u017eiv\u00e9 hry s profesion\u00e1ln\u00ed obsluhou.\" \/>\n<meta property=\"og:url\" content=\"https:\/\/www.imperialcasino.eu\/roma\/herni-nabidka-live-game\/\" \/>\n<meta property=\"og:site_name\" content=\"IMPERIAL CASINO ROMA\" \/>\n<meta property=\"article:publisher\" content=\"https:\/\/www.facebook.com\/casinoroma\" \/>\n<meta property=\"article:modified_time\" content=\"2026-01-26T08:59:41+00:00\" \/>\n<meta name=\"twitter:card\" content=\"summary_large_image\" \/>\n<meta name=\"twitter:label1\" content=\"Odhadovan\u00e1 doba \u010dten\u00ed\" \/>\n\t<meta name=\"twitter:data1\" content=\"1 minuta\" \/>\n<script type=\"application\/ld+json\" class=\"yoast-schema-graph\">{\"@context\":\"https:\\\/\\\/schema.org\",\"@graph\":[{\"@type\":\"WebPage\",\"@id\":\"https:\\\/\\\/www.imperialcasino.eu\\\/roma\\\/herni-nabidka-live-game\\\/\",\"url\":\"https:\\\/\\\/www.imperialcasino.eu\\\/roma\\\/herni-nabidka-live-game\\\/\",\"name\":\"Hern\u00ed nab\u00eddka Live Game - IMPERIAL CASINO ROMA\",\"isPartOf\":{\"@id\":\"https:\\\/\\\/www.imperialcasino.eu\\\/roma\\\/#website\"},\"datePublished\":\"2025-12-09T12:57:42+00:00\",\"dateModified\":\"2026-01-26T08:59:41+00:00\",\"description\":\"Live game v Imperial Casino Roma Teplice \u2013 ruleta, blackjack, poker a dal\u0161\u00ed \u017eiv\u00e9 hry s profesion\u00e1ln\u00ed obsluhou.\",\"breadcrumb\":{\"@id\":\"https:\\\/\\\/www.imperialcasino.eu\\\/roma\\\/herni-nabidka-live-game\\\/#breadcrumb\"},\"inLanguage\":\"cs\",\"potentialAction\":[{\"@type\":\"ReadAction\",\"target\":[\"https:\\\/\\\/www.imperialcasino.eu\\\/roma\\\/herni-nabidka-live-game\\\/\"]}]},{\"@type\":\"BreadcrumbList\",\"@id\":\"https:\\\/\\\/www.imperialcasino.eu\\\/roma\\\/herni-nabidka-live-game\\\/#breadcrumb\",\"itemListElement\":[{\"@type\":\"ListItem\",\"position\":1,\"name\":\"Dom\u016f\",\"item\":\"https:\\\/\\\/www.imperialcasino.eu\\\/roma\\\/\"},{\"@type\":\"ListItem\",\"position\":2,\"name\":\"Hern\u00ed nab\u00eddka Live Game\"}]},{\"@type\":\"WebSite\",\"@id\":\"https:\\\/\\\/www.imperialcasino.eu\\\/roma\\\/#website\",\"url\":\"https:\\\/\\\/www.imperialcasino.eu\\\/roma\\\/\",\"name\":\"IMPERIAL CASINO ROMA\",\"description\":\"\",\"publisher\":{\"@id\":\"https:\\\/\\\/www.imperialcasino.eu\\\/roma\\\/#organization\"},\"potentialAction\":[{\"@type\":\"SearchAction\",\"target\":{\"@type\":\"EntryPoint\",\"urlTemplate\":\"https:\\\/\\\/www.imperialcasino.eu\\\/roma\\\/?s={search_term_string}\"},\"query-input\":{\"@type\":\"PropertyValueSpecification\",\"valueRequired\":true,\"valueName\":\"search_term_string\"}}],\"inLanguage\":\"cs\"},{\"@type\":\"Organization\",\"@id\":\"https:\\\/\\\/www.imperialcasino.eu\\\/roma\\\/#organization\",\"name\":\"IMPERIAL CASINO ROMA\",\"url\":\"https:\\\/\\\/www.imperialcasino.eu\\\/roma\\\/\",\"logo\":{\"@type\":\"ImageObject\",\"inLanguage\":\"cs\",\"@id\":\"https:\\\/\\\/www.imperialcasino.eu\\\/roma\\\/#\\\/schema\\\/logo\\\/image\\\/\",\"url\":\"https:\\\/\\\/www.imperialcasino.eu\\\/roma\\\/wp-content\\\/uploads\\\/2025\\\/12\\\/casino_roma_silver.webp\",\"contentUrl\":\"https:\\\/\\\/www.imperialcasino.eu\\\/roma\\\/wp-content\\\/uploads\\\/2025\\\/12\\\/casino_roma_silver.webp\",\"width\":1600,\"height\":673,\"caption\":\"IMPERIAL CASINO ROMA\"},\"image\":{\"@id\":\"https:\\\/\\\/www.imperialcasino.eu\\\/roma\\\/#\\\/schema\\\/logo\\\/image\\\/\"},\"sameAs\":[\"https:\\\/\\\/www.facebook.com\\\/casinoroma\",\"https:\\\/\\\/www.instagram.com\\\/casino_roma_teplice\\\/\"]}]}<\/script>\n<!-- \/ Yoast SEO plugin. -->","yoast_head_json":{"title":"Hern\u00ed nab\u00eddka Live Game - IMPERIAL CASINO ROMA","description":"Live game v Imperial Casino Roma Teplice \u2013 ruleta, blackjack, poker a dal\u0161\u00ed \u017eiv\u00e9 hry s profesion\u00e1ln\u00ed obsluhou.","robots":{"index":"index","follow":"follow","max-snippet":"max-snippet:-1","max-image-preview":"max-image-preview:large","max-video-preview":"max-video-preview:-1"},"canonical":"https:\/\/www.imperialcasino.eu\/roma\/herni-nabidka-live-game\/","og_locale":"cs_CZ","og_type":"article","og_title":"Hern\u00ed nab\u00eddka Live Game - IMPERIAL CASINO ROMA","og_description":"Live game v Imperial Casino Roma Teplice \u2013 ruleta, blackjack, poker a dal\u0161\u00ed \u017eiv\u00e9 hry s profesion\u00e1ln\u00ed obsluhou.","og_url":"https:\/\/www.imperialcasino.eu\/roma\/herni-nabidka-live-game\/","og_site_name":"IMPERIAL CASINO ROMA","article_publisher":"https:\/\/www.facebook.com\/casinoroma","article_modified_time":"2026-01-26T08:59:41+00:00","twitter_card":"summary_large_image","twitter_misc":{"Odhadovan\u00e1 doba \u010dten\u00ed":"1 minuta"},"schema":{"@context":"https:\/\/schema.org","@graph":[{"@type":"WebPage","@id":"https:\/\/www.imperialcasino.eu\/roma\/herni-nabidka-live-game\/","url":"https:\/\/www.imperialcasino.eu\/roma\/herni-nabidka-live-game\/","name":"Hern\u00ed nab\u00eddka Live Game - IMPERIAL CASINO ROMA","isPartOf":{"@id":"https:\/\/www.imperialcasino.eu\/roma\/#website"},"datePublished":"2025-12-09T12:57:42+00:00","dateModified":"2026-01-26T08:59:41+00:00","description":"Live game v Imperial Casino Roma Teplice \u2013 ruleta, blackjack, poker a dal\u0161\u00ed \u017eiv\u00e9 hry s profesion\u00e1ln\u00ed obsluhou.","breadcrumb":{"@id":"https:\/\/www.imperialcasino.eu\/roma\/herni-nabidka-live-game\/#breadcrumb"},"inLanguage":"cs","potentialAction":[{"@type":"ReadAction","target":["https:\/\/www.imperialcasino.eu\/roma\/herni-nabidka-live-game\/"]}]},{"@type":"BreadcrumbList","@id":"https:\/\/www.imperialcasino.eu\/roma\/herni-nabidka-live-game\/#breadcrumb","itemListElement":[{"@type":"ListItem","position":1,"name":"Dom\u016f","item":"https:\/\/www.imperialcasino.eu\/roma\/"},{"@type":"ListItem","position":2,"name":"Hern\u00ed nab\u00eddka Live Game"}]},{"@type":"WebSite","@id":"https:\/\/www.imperialcasino.eu\/roma\/#website","url":"https:\/\/www.imperialcasino.eu\/roma\/","name":"IMPERIAL CASINO ROMA","description":"","publisher":{"@id":"https:\/\/www.imperialcasino.eu\/roma\/#organization"},"potentialAction":[{"@type":"SearchAction","target":{"@type":"EntryPoint","urlTemplate":"https:\/\/www.imperialcasino.eu\/roma\/?s={search_term_string}"},"query-input":{"@type":"PropertyValueSpecification","valueRequired":true,"valueName":"search_term_string"}}],"inLanguage":"cs"},{"@type":"Organization","@id":"https:\/\/www.imperialcasino.eu\/roma\/#organization","name":"IMPERIAL CASINO ROMA","url":"https:\/\/www.imperialcasino.eu\/roma\/","logo":{"@type":"ImageObject","inLanguage":"cs","@id":"https:\/\/www.imperialcasino.eu\/roma\/#\/schema\/logo\/image\/","url":"https:\/\/www.imperialcasino.eu\/roma\/wp-content\/uploads\/2025\/12\/casino_roma_silver.webp","contentUrl":"https:\/\/www.imperialcasino.eu\/roma\/wp-content\/uploads\/2025\/12\/casino_roma_silver.webp","width":1600,"height":673,"caption":"IMPERIAL CASINO ROMA"},"image":{"@id":"https:\/\/www.imperialcasino.eu\/roma\/#\/schema\/logo\/image\/"},"sameAs":["https:\/\/www.facebook.com\/casinoroma","https:\/\/www.instagram.com\/casino_roma_teplice\/"]}]}},"_links":{"self":[{"href":"https:\/\/www.imperialcasino.eu\/roma\/wp-json\/wp\/v2\/pages\/18","targetHints":{"allow":["GET"]}}],"collection":[{"href":"https:\/\/www.imperialcasino.eu\/roma\/wp-json\/wp\/v2\/pages"}],"about":[{"href":"https:\/\/www.imperialcasino.eu\/roma\/wp-json\/wp\/v2\/types\/page"}],"author":[{"embeddable":true,"href":"https:\/\/www.imperialcasino.eu\/roma\/wp-json\/wp\/v2\/users\/1"}],"replies":[{"embeddable":true,"href":"https:\/\/www.imperialcasino.eu\/roma\/wp-json\/wp\/v2\/comments?post=18"}],"version-history":[{"count":9,"href":"https:\/\/www.imperialcasino.eu\/roma\/wp-json\/wp\/v2\/pages\/18\/revisions"}],"predecessor-version":[{"id":1028,"href":"https:\/\/www.imperialcasino.eu\/roma\/wp-json\/wp\/v2\/pages\/18\/revisions\/1028"}],"wp:attachment":[{"href":"https:\/\/www.imperialcasino.eu\/roma\/wp-json\/wp\/v2\/media?parent=18"}],"curies":[{"name":"wp","href":"https:\/\/api.w.org\/{rel}","templated":true}]}}