{"id":22,"date":"2025-12-09T12:58:30","date_gmt":"2025-12-09T12:58:30","guid":{"rendered":"https:\/\/imperialcasino.eu\/roma2\/?page_id=22"},"modified":"2026-01-23T09:44:24","modified_gmt":"2026-01-23T09:44:24","slug":"kariera","status":"publish","type":"page","link":"https:\/\/www.imperialcasino.eu\/roma\/kariera\/","title":{"rendered":"Kari\u00e9ra"},"content":{"rendered":"<p>&lt;<\/p>\n<div class=\"kariera-wrapper\">\n<h1 class=\"kariera-title\">KARI\u00c9RA<\/h1>\n<h3 class=\"kariera-below\">HLED\u00c1ME NOV\u00c9 KOLEGY DO NA\u0160EHO T\u00ddMU.<\/h3>\n<div class=\"kariera-columns\">\n<div class=\"kariera-left\"><div class=\"job_listings\" data-location=\"\" data-keywords=\"\" data-show_filters=\"false\" data-show_pagination=\"false\" data-per_page=\"5\" data-orderby=\"featured\" data-order=\"DESC\" data-categories=\"\" data-disable-form-state-storage=\"\" data-featured_first=\"false\" data-post_id=\"22\" >\t<p class=\"no_job_listings_found\">V sou\u010dasn\u00e9 dob\u011b nenab\u00edz\u00edme \u017e\u00e1dn\u00e9 voln\u00e9 pozice.<\/p>\n<\/div><\/div>\n<div class=\"kariera-right\">\n<div class=\"kariera-contact-box\">\n<h2>KONTAKTUJTE N\u00c1S<\/h2>\n<p><strong>Adresa:<\/strong><br \/>\nImperial Casino Roma<br \/>\nU Divadla 2992<br \/>\n415 01 Teplice 1<\/p>\n<p><strong>Tel:<\/strong><br \/>\n+420 720 829 245<\/p>\n<p><strong>Email:<\/strong><br \/>\nmichaela.houserova@imperialcasino.eu<\/p>\n<\/div>\n<\/div>\n<\/div>\n<\/div>\n","protected":false},"excerpt":{"rendered":"<p>&lt; KARI\u00c9RA HLED\u00c1ME NOV\u00c9 KOLEGY DO NA\u0160EHO T\u00ddMU. KONTAKTUJTE N\u00c1S Adresa: Imperial Casino Roma U Divadla 2992 415 01 Teplice [&hellip;]<\/p>\n","protected":false},"author":1,"featured_media":0,"parent":0,"menu_order":0,"comment_status":"closed","ping_status":"closed","template":"","meta":{"site-sidebar-layout":"default","site-content-layout":"","ast-site-content-layout":"full-width-container","site-content-style":"default","site-sidebar-style":"default","ast-global-header-display":"","ast-banner-title-visibility":"","ast-main-header-display":"","ast-hfb-above-header-display":"","ast-hfb-below-header-display":"","ast-hfb-mobile-header-display":"","site-post-title":"","ast-breadcrumbs-content":"","ast-featured-img":"","footer-sml-layout":"","ast-disable-related-posts":"","theme-transparent-header-meta":"default","adv-header-id-meta":"","stick-header-meta":"","header-above-stick-meta":"","header-main-stick-meta":"","header-below-stick-meta":"","astra-migrate-meta-layouts":"set","ast-page-background-enabled":"default","ast-page-background-meta":{"desktop":{"background-color":"var(--ast-global-color-5)","background-image":"","background-repeat":"repeat","background-position":"center center","background-size":"auto","background-attachment":"scroll","background-type":"","background-media":"","overlay-type":"","overlay-color":"","overlay-opacity":"","overlay-gradient":""},"tablet":{"background-color":"","background-image":"","background-repeat":"repeat","background-position":"center center","background-size":"auto","background-attachment":"scroll","background-type":"","background-media":"","overlay-type":"","overlay-color":"","overlay-opacity":"","overlay-gradient":""},"mobile":{"background-color":"","background-image":"","background-repeat":"repeat","background-position":"center center","background-size":"auto","background-attachment":"scroll","background-type":"","background-media":"","overlay-type":"","overlay-color":"","overlay-opacity":"","overlay-gradient":""}},"ast-content-background-meta":{"desktop":{"background-color":"var(--ast-global-color-4)","background-image":"","background-repeat":"repeat","background-position":"center center","background-size":"auto","background-attachment":"scroll","background-type":"","background-media":"","overlay-type":"","overlay-color":"","overlay-opacity":"","overlay-gradient":""},"tablet":{"background-color":"var(--ast-global-color-4)","background-image":"","background-repeat":"repeat","background-position":"center center","background-size":"auto","background-attachment":"scroll","background-type":"","background-media":"","overlay-type":"","overlay-color":"","overlay-opacity":"","overlay-gradient":""},"mobile":{"background-color":"var(--ast-global-color-4)","background-image":"","background-repeat":"repeat","background-position":"center center","background-size":"auto","background-attachment":"scroll","background-type":"","background-media":"","overlay-type":"","overlay-color":"","overlay-opacity":"","overlay-gradient":""}},"footnotes":""},"class_list":["post-22","page","type-page","status-publish","hentry"],"yoast_head":"<!-- This site is optimized with the Yoast SEO plugin v27.3 - https:\/\/yoast.com\/product\/yoast-seo-wordpress\/ -->\n<title>Kari\u00e9ra - IMPERIAL CASINO ROMA | Voln\u00e1 pracovn\u00ed m\u00edsta<\/title>\n<meta name=\"description\" content=\"Hled\u00e1te pr\u00e1ci v kasinu? Imperial Casino Roma Teplice nab\u00edz\u00ed stabiln\u00ed zam\u011bstn\u00e1n\u00ed v atraktivn\u00edm prost\u0159ed\u00ed modern\u00edho casina v Teplic\u00edch.\" \/>\n<meta name=\"robots\" content=\"index, follow, max-snippet:-1, max-image-preview:large, max-video-preview:-1\" \/>\n<link rel=\"canonical\" href=\"https:\/\/www.imperialcasino.eu\/roma\/kariera\/\" \/>\n<meta property=\"og:locale\" content=\"cs_CZ\" \/>\n<meta property=\"og:type\" content=\"article\" \/>\n<meta property=\"og:title\" content=\"Kari\u00e9ra - IMPERIAL CASINO ROMA | Voln\u00e1 pracovn\u00ed m\u00edsta\" \/>\n<meta property=\"og:description\" content=\"Hled\u00e1te pr\u00e1ci v kasinu? Imperial Casino Roma Teplice nab\u00edz\u00ed stabiln\u00ed zam\u011bstn\u00e1n\u00ed v atraktivn\u00edm prost\u0159ed\u00ed modern\u00edho casina v Teplic\u00edch.\" \/>\n<meta property=\"og:url\" content=\"https:\/\/www.imperialcasino.eu\/roma\/kariera\/\" \/>\n<meta property=\"og:site_name\" content=\"IMPERIAL CASINO ROMA\" \/>\n<meta property=\"article:publisher\" content=\"https:\/\/www.facebook.com\/casinoroma\" \/>\n<meta property=\"article:modified_time\" content=\"2026-01-23T09:44:24+00:00\" \/>\n<meta name=\"twitter:card\" content=\"summary_large_image\" \/>\n<meta name=\"twitter:label1\" content=\"Odhadovan\u00e1 doba \u010dten\u00ed\" \/>\n\t<meta name=\"twitter:data1\" content=\"1 minuta\" \/>\n<script type=\"application\/ld+json\" class=\"yoast-schema-graph\">{\"@context\":\"https:\\\/\\\/schema.org\",\"@graph\":[{\"@type\":\"WebPage\",\"@id\":\"https:\\\/\\\/www.imperialcasino.eu\\\/roma\\\/kariera\\\/\",\"url\":\"https:\\\/\\\/www.imperialcasino.eu\\\/roma\\\/kariera\\\/\",\"name\":\"Kari\u00e9ra - IMPERIAL CASINO ROMA | Voln\u00e1 pracovn\u00ed m\u00edsta\",\"isPartOf\":{\"@id\":\"https:\\\/\\\/www.imperialcasino.eu\\\/roma\\\/#website\"},\"datePublished\":\"2025-12-09T12:58:30+00:00\",\"dateModified\":\"2026-01-23T09:44:24+00:00\",\"description\":\"Hled\u00e1te pr\u00e1ci v kasinu? Imperial Casino Roma Teplice nab\u00edz\u00ed stabiln\u00ed zam\u011bstn\u00e1n\u00ed v atraktivn\u00edm prost\u0159ed\u00ed modern\u00edho casina v Teplic\u00edch.\",\"breadcrumb\":{\"@id\":\"https:\\\/\\\/www.imperialcasino.eu\\\/roma\\\/kariera\\\/#breadcrumb\"},\"inLanguage\":\"cs\",\"potentialAction\":[{\"@type\":\"ReadAction\",\"target\":[\"https:\\\/\\\/www.imperialcasino.eu\\\/roma\\\/kariera\\\/\"]}]},{\"@type\":\"BreadcrumbList\",\"@id\":\"https:\\\/\\\/www.imperialcasino.eu\\\/roma\\\/kariera\\\/#breadcrumb\",\"itemListElement\":[{\"@type\":\"ListItem\",\"position\":1,\"name\":\"Dom\u016f\",\"item\":\"https:\\\/\\\/www.imperialcasino.eu\\\/roma\\\/\"},{\"@type\":\"ListItem\",\"position\":2,\"name\":\"Kari\u00e9ra\"}]},{\"@type\":\"WebSite\",\"@id\":\"https:\\\/\\\/www.imperialcasino.eu\\\/roma\\\/#website\",\"url\":\"https:\\\/\\\/www.imperialcasino.eu\\\/roma\\\/\",\"name\":\"IMPERIAL CASINO ROMA\",\"description\":\"\",\"publisher\":{\"@id\":\"https:\\\/\\\/www.imperialcasino.eu\\\/roma\\\/#organization\"},\"potentialAction\":[{\"@type\":\"SearchAction\",\"target\":{\"@type\":\"EntryPoint\",\"urlTemplate\":\"https:\\\/\\\/www.imperialcasino.eu\\\/roma\\\/?s={search_term_string}\"},\"query-input\":{\"@type\":\"PropertyValueSpecification\",\"valueRequired\":true,\"valueName\":\"search_term_string\"}}],\"inLanguage\":\"cs\"},{\"@type\":\"Organization\",\"@id\":\"https:\\\/\\\/www.imperialcasino.eu\\\/roma\\\/#organization\",\"name\":\"IMPERIAL CASINO ROMA\",\"url\":\"https:\\\/\\\/www.imperialcasino.eu\\\/roma\\\/\",\"logo\":{\"@type\":\"ImageObject\",\"inLanguage\":\"cs\",\"@id\":\"https:\\\/\\\/www.imperialcasino.eu\\\/roma\\\/#\\\/schema\\\/logo\\\/image\\\/\",\"url\":\"https:\\\/\\\/www.imperialcasino.eu\\\/roma\\\/wp-content\\\/uploads\\\/2025\\\/12\\\/casino_roma_silver.webp\",\"contentUrl\":\"https:\\\/\\\/www.imperialcasino.eu\\\/roma\\\/wp-content\\\/uploads\\\/2025\\\/12\\\/casino_roma_silver.webp\",\"width\":1600,\"height\":673,\"caption\":\"IMPERIAL CASINO ROMA\"},\"image\":{\"@id\":\"https:\\\/\\\/www.imperialcasino.eu\\\/roma\\\/#\\\/schema\\\/logo\\\/image\\\/\"},\"sameAs\":[\"https:\\\/\\\/www.facebook.com\\\/casinoroma\",\"https:\\\/\\\/www.instagram.com\\\/casino_roma_teplice\\\/\"]}]}<\/script>\n<!-- \/ Yoast SEO plugin. -->","yoast_head_json":{"title":"Kari\u00e9ra - IMPERIAL CASINO ROMA | Voln\u00e1 pracovn\u00ed m\u00edsta","description":"Hled\u00e1te pr\u00e1ci v kasinu? Imperial Casino Roma Teplice nab\u00edz\u00ed stabiln\u00ed zam\u011bstn\u00e1n\u00ed v atraktivn\u00edm prost\u0159ed\u00ed modern\u00edho casina v Teplic\u00edch.","robots":{"index":"index","follow":"follow","max-snippet":"max-snippet:-1","max-image-preview":"max-image-preview:large","max-video-preview":"max-video-preview:-1"},"canonical":"https:\/\/www.imperialcasino.eu\/roma\/kariera\/","og_locale":"cs_CZ","og_type":"article","og_title":"Kari\u00e9ra - IMPERIAL CASINO ROMA | Voln\u00e1 pracovn\u00ed m\u00edsta","og_description":"Hled\u00e1te pr\u00e1ci v kasinu? Imperial Casino Roma Teplice nab\u00edz\u00ed stabiln\u00ed zam\u011bstn\u00e1n\u00ed v atraktivn\u00edm prost\u0159ed\u00ed modern\u00edho casina v Teplic\u00edch.","og_url":"https:\/\/www.imperialcasino.eu\/roma\/kariera\/","og_site_name":"IMPERIAL CASINO ROMA","article_publisher":"https:\/\/www.facebook.com\/casinoroma","article_modified_time":"2026-01-23T09:44:24+00:00","twitter_card":"summary_large_image","twitter_misc":{"Odhadovan\u00e1 doba \u010dten\u00ed":"1 minuta"},"schema":{"@context":"https:\/\/schema.org","@graph":[{"@type":"WebPage","@id":"https:\/\/www.imperialcasino.eu\/roma\/kariera\/","url":"https:\/\/www.imperialcasino.eu\/roma\/kariera\/","name":"Kari\u00e9ra - IMPERIAL CASINO ROMA | Voln\u00e1 pracovn\u00ed m\u00edsta","isPartOf":{"@id":"https:\/\/www.imperialcasino.eu\/roma\/#website"},"datePublished":"2025-12-09T12:58:30+00:00","dateModified":"2026-01-23T09:44:24+00:00","description":"Hled\u00e1te pr\u00e1ci v kasinu? Imperial Casino Roma Teplice nab\u00edz\u00ed stabiln\u00ed zam\u011bstn\u00e1n\u00ed v atraktivn\u00edm prost\u0159ed\u00ed modern\u00edho casina v Teplic\u00edch.","breadcrumb":{"@id":"https:\/\/www.imperialcasino.eu\/roma\/kariera\/#breadcrumb"},"inLanguage":"cs","potentialAction":[{"@type":"ReadAction","target":["https:\/\/www.imperialcasino.eu\/roma\/kariera\/"]}]},{"@type":"BreadcrumbList","@id":"https:\/\/www.imperialcasino.eu\/roma\/kariera\/#breadcrumb","itemListElement":[{"@type":"ListItem","position":1,"name":"Dom\u016f","item":"https:\/\/www.imperialcasino.eu\/roma\/"},{"@type":"ListItem","position":2,"name":"Kari\u00e9ra"}]},{"@type":"WebSite","@id":"https:\/\/www.imperialcasino.eu\/roma\/#website","url":"https:\/\/www.imperialcasino.eu\/roma\/","name":"IMPERIAL CASINO ROMA","description":"","publisher":{"@id":"https:\/\/www.imperialcasino.eu\/roma\/#organization"},"potentialAction":[{"@type":"SearchAction","target":{"@type":"EntryPoint","urlTemplate":"https:\/\/www.imperialcasino.eu\/roma\/?s={search_term_string}"},"query-input":{"@type":"PropertyValueSpecification","valueRequired":true,"valueName":"search_term_string"}}],"inLanguage":"cs"},{"@type":"Organization","@id":"https:\/\/www.imperialcasino.eu\/roma\/#organization","name":"IMPERIAL CASINO ROMA","url":"https:\/\/www.imperialcasino.eu\/roma\/","logo":{"@type":"ImageObject","inLanguage":"cs","@id":"https:\/\/www.imperialcasino.eu\/roma\/#\/schema\/logo\/image\/","url":"https:\/\/www.imperialcasino.eu\/roma\/wp-content\/uploads\/2025\/12\/casino_roma_silver.webp","contentUrl":"https:\/\/www.imperialcasino.eu\/roma\/wp-content\/uploads\/2025\/12\/casino_roma_silver.webp","width":1600,"height":673,"caption":"IMPERIAL CASINO ROMA"},"image":{"@id":"https:\/\/www.imperialcasino.eu\/roma\/#\/schema\/logo\/image\/"},"sameAs":["https:\/\/www.facebook.com\/casinoroma","https:\/\/www.instagram.com\/casino_roma_teplice\/"]}]}},"_links":{"self":[{"href":"https:\/\/www.imperialcasino.eu\/roma\/wp-json\/wp\/v2\/pages\/22","targetHints":{"allow":["GET"]}}],"collection":[{"href":"https:\/\/www.imperialcasino.eu\/roma\/wp-json\/wp\/v2\/pages"}],"about":[{"href":"https:\/\/www.imperialcasino.eu\/roma\/wp-json\/wp\/v2\/types\/page"}],"author":[{"embeddable":true,"href":"https:\/\/www.imperialcasino.eu\/roma\/wp-json\/wp\/v2\/users\/1"}],"replies":[{"embeddable":true,"href":"https:\/\/www.imperialcasino.eu\/roma\/wp-json\/wp\/v2\/comments?post=22"}],"version-history":[{"count":15,"href":"https:\/\/www.imperialcasino.eu\/roma\/wp-json\/wp\/v2\/pages\/22\/revisions"}],"predecessor-version":[{"id":615,"href":"https:\/\/www.imperialcasino.eu\/roma\/wp-json\/wp\/v2\/pages\/22\/revisions\/615"}],"wp:attachment":[{"href":"https:\/\/www.imperialcasino.eu\/roma\/wp-json\/wp\/v2\/media?parent=22"}],"curies":[{"name":"wp","href":"https:\/\/api.w.org\/{rel}","templated":true}]}}