{"id":24,"date":"2025-12-09T12:58:42","date_gmt":"2025-12-09T12:58:42","guid":{"rendered":"https:\/\/imperialcasino.eu\/roma2\/?page_id=24"},"modified":"2026-01-23T09:56:19","modified_gmt":"2026-01-23T09:56:19","slug":"kontakt","status":"publish","type":"page","link":"https:\/\/www.imperialcasino.eu\/roma\/kontakt\/","title":{"rendered":"Kontakt"},"content":{"rendered":"<p><!-- FontAwesome pro v\u0161echny ikonky -->\n<link rel=\"stylesheet\" href=\"https:\/\/cdnjs.cloudflare.com\/ajax\/libs\/font-awesome\/6.5.0\/css\/all.min.css\" \/>\n<section class=\"contact-page\">\n<div class=\"contact-wrapper container\">\n<h1 class=\"contact-title\">KONTAKT<\/h1>\n<div class=\"contact-box\">\n<p><!-- Lev\u00e1 strana --><\/p>\n<div class=\"contact-box-left\">\n<p><!-- Logo + NONSTOP nad kontaktem --><\/p>\n<div class=\"contact-header-small\"><img decoding=\"async\" class=\"contact-logo-small\" src=\"\/roma\/wp-content\/uploads\/2025\/12\/casino_roma_silver.webp\" alt=\"Imperial Casino Roma\" \/><\/p>\n<div class=\"contact-nonstop-small\"><i class=\"fa-solid fa-clock\"><\/i> NONSTOP<\/div>\n<\/div>\n<h2>KONTAKTUJTE N\u00c1S<\/h2>\n<p class=\"contact-line address-line\"><i class=\"fa-solid fa-house\"><\/i><br \/>\n<span class=\"address-text\"><br \/>\n<strong>Imperial Casino Roma<\/strong><br \/>\nU Divadla 2992, 415 01 Teplice 1<br \/>\n<\/span><\/p>\n<p class=\"contact-line\"><i class=\"fa-solid fa-phone\"><\/i> Telefon:<br \/>\n<a href=\"tel:+420720829245\">+420 720 829 245<\/a><\/p>\n<p class=\"contact-line\"><i class=\"fa-solid fa-envelope\"><\/i> Email:<a href=\"mailto:michaela.houserova@imperialcasino.eu\">michaela.houserova@imperialcasino.eu<br \/>\n<\/a><\/p>\n<\/div>\n<p><!-- Prav\u00e1 strana (obr\u00e1zek) --><\/p>\n<div class=\"contact-box-right\"><img decoding=\"async\" class=\"contact-image\" src=\"\/roma\/wp-content\/uploads\/2025\/12\/contact-ro.webp\" alt=\"Kontakt Imperial Roma\" \/><\/div>\n<\/div>\n<p>        <!-- Social media --><\/p>\n<div class=\"contact-social\">\n<h3>Sledujte n\u00e1s<\/h3>\n<div class=\"social-icons\">\n                <a href=\"https:\/\/www.facebook.com\/casinoroma\" class=\"social-item\" aria-label=\"Facebook\"><br \/>\n                    <i class=\"fab fa-facebook-f\"><\/i><br \/>\n                <\/a><br \/>\n                <a href=\"https:\/\/www.instagram.com\/casino_roma_teplice\/\" class=\"social-item\" aria-label=\"Instagram\"><br \/>\n                    <i class=\"fab fa-instagram\"><\/i><br \/>\n                <\/a>\n            <\/div>\n<\/p><\/div>\n<\/p><\/div>\n<p><!-- Mapa --><\/p>\n<div class=\"contact-map\"><iframe src=\"https:\/\/www.google.com\/maps\/embed?pb=!1m18!1m12!1m3!1d2585.433807084686!2d13.827936199999999!3d50.6409554!2m3!1f0!2f0!3f0!3m2!1i1024!2i768!4f13.1!3m3!1m2!1s0x4709873b5e4d08a9%3A0xcec08c9ad36d5591!2sU%20Divadla%202992%2C%20415%2001%20Teplice!5e0!3m2!1scs!2scz!4v1733820000000\" allowfullscreen=\"allowfullscreen\"><\/iframe><\/div>\n<\/section>\n","protected":false},"excerpt":{"rendered":"<p>KONTAKT NONSTOP KONTAKTUJTE N\u00c1S Imperial Casino Roma U Divadla 2992, 415 01 Teplice 1 Telefon: +420 720 829 245 Email:michaela.houserova@imperialcasino.eu [&hellip;]<\/p>\n","protected":false},"author":1,"featured_media":0,"parent":0,"menu_order":0,"comment_status":"closed","ping_status":"closed","template":"","meta":{"site-sidebar-layout":"default","site-content-layout":"","ast-site-content-layout":"full-width-container","site-content-style":"default","site-sidebar-style":"default","ast-global-header-display":"","ast-banner-title-visibility":"","ast-main-header-display":"","ast-hfb-above-header-display":"","ast-hfb-below-header-display":"","ast-hfb-mobile-header-display":"","site-post-title":"","ast-breadcrumbs-content":"","ast-featured-img":"","footer-sml-layout":"","ast-disable-related-posts":"","theme-transparent-header-meta":"default","adv-header-id-meta":"","stick-header-meta":"","header-above-stick-meta":"","header-main-stick-meta":"","header-below-stick-meta":"","astra-migrate-meta-layouts":"set","ast-page-background-enabled":"default","ast-page-background-meta":{"desktop":{"background-color":"var(--ast-global-color-5)","background-image":"","background-repeat":"repeat","background-position":"center center","background-size":"auto","background-attachment":"scroll","background-type":"","background-media":"","overlay-type":"","overlay-color":"","overlay-opacity":"","overlay-gradient":""},"tablet":{"background-color":"","background-image":"","background-repeat":"repeat","background-position":"center center","background-size":"auto","background-attachment":"scroll","background-type":"","background-media":"","overlay-type":"","overlay-color":"","overlay-opacity":"","overlay-gradient":""},"mobile":{"background-color":"","background-image":"","background-repeat":"repeat","background-position":"center center","background-size":"auto","background-attachment":"scroll","background-type":"","background-media":"","overlay-type":"","overlay-color":"","overlay-opacity":"","overlay-gradient":""}},"ast-content-background-meta":{"desktop":{"background-color":"var(--ast-global-color-4)","background-image":"","background-repeat":"repeat","background-position":"center center","background-size":"auto","background-attachment":"scroll","background-type":"","background-media":"","overlay-type":"","overlay-color":"","overlay-opacity":"","overlay-gradient":""},"tablet":{"background-color":"var(--ast-global-color-4)","background-image":"","background-repeat":"repeat","background-position":"center center","background-size":"auto","background-attachment":"scroll","background-type":"","background-media":"","overlay-type":"","overlay-color":"","overlay-opacity":"","overlay-gradient":""},"mobile":{"background-color":"var(--ast-global-color-4)","background-image":"","background-repeat":"repeat","background-position":"center center","background-size":"auto","background-attachment":"scroll","background-type":"","background-media":"","overlay-type":"","overlay-color":"","overlay-opacity":"","overlay-gradient":""}},"footnotes":""},"class_list":["post-24","page","type-page","status-publish","hentry"],"yoast_head":"<!-- This site is optimized with the Yoast SEO plugin v27.3 - https:\/\/yoast.com\/product\/yoast-seo-wordpress\/ -->\n<title>Kontakt - IMPERIAL CASINO ROMA<\/title>\n<meta name=\"description\" content=\"Kontakt na Imperial Casino Roma Teplice. Najdete n\u00e1s v centru m\u011bsta, otev\u0159eno NonStop. P\u0159ij\u010fte si u\u017e\u00edt ve\u010der pln\u00fd z\u00e1\u017eitk\u016f a radosti.\" \/>\n<meta name=\"robots\" content=\"index, follow, max-snippet:-1, max-image-preview:large, max-video-preview:-1\" \/>\n<link rel=\"canonical\" href=\"https:\/\/www.imperialcasino.eu\/roma\/kontakt\/\" \/>\n<meta property=\"og:locale\" content=\"cs_CZ\" \/>\n<meta property=\"og:type\" content=\"article\" \/>\n<meta property=\"og:title\" content=\"Kontakt - IMPERIAL CASINO ROMA\" \/>\n<meta property=\"og:description\" content=\"Kontakt na Imperial Casino Roma Teplice. Najdete n\u00e1s v centru m\u011bsta, otev\u0159eno NonStop. P\u0159ij\u010fte si u\u017e\u00edt ve\u010der pln\u00fd z\u00e1\u017eitk\u016f a radosti.\" \/>\n<meta property=\"og:url\" content=\"https:\/\/www.imperialcasino.eu\/roma\/kontakt\/\" \/>\n<meta property=\"og:site_name\" content=\"IMPERIAL CASINO ROMA\" \/>\n<meta property=\"article:publisher\" content=\"https:\/\/www.facebook.com\/casinoroma\" \/>\n<meta property=\"article:modified_time\" content=\"2026-01-23T09:56:19+00:00\" \/>\n<meta name=\"twitter:card\" content=\"summary_large_image\" \/>\n<meta name=\"twitter:label1\" content=\"Odhadovan\u00e1 doba \u010dten\u00ed\" \/>\n\t<meta name=\"twitter:data1\" content=\"1 minuta\" \/>\n<script type=\"application\/ld+json\" class=\"yoast-schema-graph\">{\"@context\":\"https:\\\/\\\/schema.org\",\"@graph\":[{\"@type\":\"WebPage\",\"@id\":\"https:\\\/\\\/www.imperialcasino.eu\\\/roma\\\/kontakt\\\/\",\"url\":\"https:\\\/\\\/www.imperialcasino.eu\\\/roma\\\/kontakt\\\/\",\"name\":\"Kontakt - IMPERIAL CASINO ROMA\",\"isPartOf\":{\"@id\":\"https:\\\/\\\/www.imperialcasino.eu\\\/roma\\\/#website\"},\"datePublished\":\"2025-12-09T12:58:42+00:00\",\"dateModified\":\"2026-01-23T09:56:19+00:00\",\"description\":\"Kontakt na Imperial Casino Roma Teplice. Najdete n\u00e1s v centru m\u011bsta, otev\u0159eno NonStop. P\u0159ij\u010fte si u\u017e\u00edt ve\u010der pln\u00fd z\u00e1\u017eitk\u016f a radosti.\",\"breadcrumb\":{\"@id\":\"https:\\\/\\\/www.imperialcasino.eu\\\/roma\\\/kontakt\\\/#breadcrumb\"},\"inLanguage\":\"cs\",\"potentialAction\":[{\"@type\":\"ReadAction\",\"target\":[\"https:\\\/\\\/www.imperialcasino.eu\\\/roma\\\/kontakt\\\/\"]}]},{\"@type\":\"BreadcrumbList\",\"@id\":\"https:\\\/\\\/www.imperialcasino.eu\\\/roma\\\/kontakt\\\/#breadcrumb\",\"itemListElement\":[{\"@type\":\"ListItem\",\"position\":1,\"name\":\"Dom\u016f\",\"item\":\"https:\\\/\\\/www.imperialcasino.eu\\\/roma\\\/\"},{\"@type\":\"ListItem\",\"position\":2,\"name\":\"Kontakt\"}]},{\"@type\":\"WebSite\",\"@id\":\"https:\\\/\\\/www.imperialcasino.eu\\\/roma\\\/#website\",\"url\":\"https:\\\/\\\/www.imperialcasino.eu\\\/roma\\\/\",\"name\":\"IMPERIAL CASINO ROMA\",\"description\":\"\",\"publisher\":{\"@id\":\"https:\\\/\\\/www.imperialcasino.eu\\\/roma\\\/#organization\"},\"potentialAction\":[{\"@type\":\"SearchAction\",\"target\":{\"@type\":\"EntryPoint\",\"urlTemplate\":\"https:\\\/\\\/www.imperialcasino.eu\\\/roma\\\/?s={search_term_string}\"},\"query-input\":{\"@type\":\"PropertyValueSpecification\",\"valueRequired\":true,\"valueName\":\"search_term_string\"}}],\"inLanguage\":\"cs\"},{\"@type\":\"Organization\",\"@id\":\"https:\\\/\\\/www.imperialcasino.eu\\\/roma\\\/#organization\",\"name\":\"IMPERIAL CASINO ROMA\",\"url\":\"https:\\\/\\\/www.imperialcasino.eu\\\/roma\\\/\",\"logo\":{\"@type\":\"ImageObject\",\"inLanguage\":\"cs\",\"@id\":\"https:\\\/\\\/www.imperialcasino.eu\\\/roma\\\/#\\\/schema\\\/logo\\\/image\\\/\",\"url\":\"https:\\\/\\\/www.imperialcasino.eu\\\/roma\\\/wp-content\\\/uploads\\\/2025\\\/12\\\/casino_roma_silver.webp\",\"contentUrl\":\"https:\\\/\\\/www.imperialcasino.eu\\\/roma\\\/wp-content\\\/uploads\\\/2025\\\/12\\\/casino_roma_silver.webp\",\"width\":1600,\"height\":673,\"caption\":\"IMPERIAL CASINO ROMA\"},\"image\":{\"@id\":\"https:\\\/\\\/www.imperialcasino.eu\\\/roma\\\/#\\\/schema\\\/logo\\\/image\\\/\"},\"sameAs\":[\"https:\\\/\\\/www.facebook.com\\\/casinoroma\",\"https:\\\/\\\/www.instagram.com\\\/casino_roma_teplice\\\/\"]}]}<\/script>\n<!-- \/ Yoast SEO plugin. -->","yoast_head_json":{"title":"Kontakt - IMPERIAL CASINO ROMA","description":"Kontakt na Imperial Casino Roma Teplice. Najdete n\u00e1s v centru m\u011bsta, otev\u0159eno NonStop. P\u0159ij\u010fte si u\u017e\u00edt ve\u010der pln\u00fd z\u00e1\u017eitk\u016f a radosti.","robots":{"index":"index","follow":"follow","max-snippet":"max-snippet:-1","max-image-preview":"max-image-preview:large","max-video-preview":"max-video-preview:-1"},"canonical":"https:\/\/www.imperialcasino.eu\/roma\/kontakt\/","og_locale":"cs_CZ","og_type":"article","og_title":"Kontakt - IMPERIAL CASINO ROMA","og_description":"Kontakt na Imperial Casino Roma Teplice. Najdete n\u00e1s v centru m\u011bsta, otev\u0159eno NonStop. P\u0159ij\u010fte si u\u017e\u00edt ve\u010der pln\u00fd z\u00e1\u017eitk\u016f a radosti.","og_url":"https:\/\/www.imperialcasino.eu\/roma\/kontakt\/","og_site_name":"IMPERIAL CASINO ROMA","article_publisher":"https:\/\/www.facebook.com\/casinoroma","article_modified_time":"2026-01-23T09:56:19+00:00","twitter_card":"summary_large_image","twitter_misc":{"Odhadovan\u00e1 doba \u010dten\u00ed":"1 minuta"},"schema":{"@context":"https:\/\/schema.org","@graph":[{"@type":"WebPage","@id":"https:\/\/www.imperialcasino.eu\/roma\/kontakt\/","url":"https:\/\/www.imperialcasino.eu\/roma\/kontakt\/","name":"Kontakt - IMPERIAL CASINO ROMA","isPartOf":{"@id":"https:\/\/www.imperialcasino.eu\/roma\/#website"},"datePublished":"2025-12-09T12:58:42+00:00","dateModified":"2026-01-23T09:56:19+00:00","description":"Kontakt na Imperial Casino Roma Teplice. Najdete n\u00e1s v centru m\u011bsta, otev\u0159eno NonStop. P\u0159ij\u010fte si u\u017e\u00edt ve\u010der pln\u00fd z\u00e1\u017eitk\u016f a radosti.","breadcrumb":{"@id":"https:\/\/www.imperialcasino.eu\/roma\/kontakt\/#breadcrumb"},"inLanguage":"cs","potentialAction":[{"@type":"ReadAction","target":["https:\/\/www.imperialcasino.eu\/roma\/kontakt\/"]}]},{"@type":"BreadcrumbList","@id":"https:\/\/www.imperialcasino.eu\/roma\/kontakt\/#breadcrumb","itemListElement":[{"@type":"ListItem","position":1,"name":"Dom\u016f","item":"https:\/\/www.imperialcasino.eu\/roma\/"},{"@type":"ListItem","position":2,"name":"Kontakt"}]},{"@type":"WebSite","@id":"https:\/\/www.imperialcasino.eu\/roma\/#website","url":"https:\/\/www.imperialcasino.eu\/roma\/","name":"IMPERIAL CASINO ROMA","description":"","publisher":{"@id":"https:\/\/www.imperialcasino.eu\/roma\/#organization"},"potentialAction":[{"@type":"SearchAction","target":{"@type":"EntryPoint","urlTemplate":"https:\/\/www.imperialcasino.eu\/roma\/?s={search_term_string}"},"query-input":{"@type":"PropertyValueSpecification","valueRequired":true,"valueName":"search_term_string"}}],"inLanguage":"cs"},{"@type":"Organization","@id":"https:\/\/www.imperialcasino.eu\/roma\/#organization","name":"IMPERIAL CASINO ROMA","url":"https:\/\/www.imperialcasino.eu\/roma\/","logo":{"@type":"ImageObject","inLanguage":"cs","@id":"https:\/\/www.imperialcasino.eu\/roma\/#\/schema\/logo\/image\/","url":"https:\/\/www.imperialcasino.eu\/roma\/wp-content\/uploads\/2025\/12\/casino_roma_silver.webp","contentUrl":"https:\/\/www.imperialcasino.eu\/roma\/wp-content\/uploads\/2025\/12\/casino_roma_silver.webp","width":1600,"height":673,"caption":"IMPERIAL CASINO ROMA"},"image":{"@id":"https:\/\/www.imperialcasino.eu\/roma\/#\/schema\/logo\/image\/"},"sameAs":["https:\/\/www.facebook.com\/casinoroma","https:\/\/www.instagram.com\/casino_roma_teplice\/"]}]}},"_links":{"self":[{"href":"https:\/\/www.imperialcasino.eu\/roma\/wp-json\/wp\/v2\/pages\/24","targetHints":{"allow":["GET"]}}],"collection":[{"href":"https:\/\/www.imperialcasino.eu\/roma\/wp-json\/wp\/v2\/pages"}],"about":[{"href":"https:\/\/www.imperialcasino.eu\/roma\/wp-json\/wp\/v2\/types\/page"}],"author":[{"embeddable":true,"href":"https:\/\/www.imperialcasino.eu\/roma\/wp-json\/wp\/v2\/users\/1"}],"replies":[{"embeddable":true,"href":"https:\/\/www.imperialcasino.eu\/roma\/wp-json\/wp\/v2\/comments?post=24"}],"version-history":[{"count":46,"href":"https:\/\/www.imperialcasino.eu\/roma\/wp-json\/wp\/v2\/pages\/24\/revisions"}],"predecessor-version":[{"id":1000,"href":"https:\/\/www.imperialcasino.eu\/roma\/wp-json\/wp\/v2\/pages\/24\/revisions\/1000"}],"wp:attachment":[{"href":"https:\/\/www.imperialcasino.eu\/roma\/wp-json\/wp\/v2\/media?parent=24"}],"curies":[{"name":"wp","href":"https:\/\/api.w.org\/{rel}","templated":true}]}}