{"id":668,"date":"2025-12-13T17:04:14","date_gmt":"2025-12-13T17:04:14","guid":{"rendered":"https:\/\/www.imperialcasino.eu\/roma2\/home-english\/"},"modified":"2026-04-07T10:13:31","modified_gmt":"2026-04-07T10:13:31","slug":"home-english","status":"publish","type":"page","link":"https:\/\/www.imperialcasino.eu\/roma\/en\/home-english\/","title":{"rendered":"Home &#8211; En"},"content":{"rendered":"<p><!-- HERO SECTION --><\/p>\n<section id=\"hero\" class=\"sec hero-sec\">\n<div class=\"inner container\"><\/div>\n<\/section>\n<p><!-- 2ND SECTION: IMPERIAL ENTRY BONUS --><\/p>\n<section id=\"vstupni\" class=\"sec vstupni-sec\">\n<div class=\"bonus-header\">\n<h2>IMPERIAL BONUS PROGRAM<\/h2>\n<\/p><\/div>\n<div class=\"bonus-cards\">\n<div class=\"bonus-cards\">\n<p>      <!-- BLUE CARD --><\/p>\n<div class=\"card-modra\" onclick=\"window.location.href='\/roma\/en\/bonus-program-en\/#level-50'\" style=\"cursor: pointer;\">\n        <img decoding=\"async\" src=\"\/roma\/wp-content\/uploads\/2025\/12\/imperial-blue.webp\" alt=\"Blue Card\" \/><\/p>\n<div class=\"title-modra\">BLUE CARD<\/div>\n<div>ENTRY BONUS<\/div>\n<div class=\"bonus-modra\">200 = 300<\/div>\n<div>POINTS x 1<\/div>\n<div>+ FREE NON-ALCOHOLIC DRINKS<\/div>\n<\/p><\/div>\n<p>      <!-- GOLD CARD --><\/p>\n<div class=\"card-zlata\" onclick=\"window.location.href='\/roma\/en\/bonus-program-en\/#level-51'\" style=\"cursor: pointer;\">\n        <img decoding=\"async\" src=\"\/roma\/wp-content\/uploads\/2025\/12\/imperial-gold.webp\" alt=\"Gold Card\" \/><\/p>\n<div class=\"title-zlata\">GOLD CARD<\/div>\n<div>ENTRY BONUS<\/div>\n<div class=\"bonus-zlata\">200 = 400<\/div>\n<div>POINTS x 2<\/div>\n<div>+ SELECTED ALCOHOLIC DRINKS<\/div>\n<\/p><\/div>\n<p>      <!-- PLATINUM CARD --><\/p>\n<div class=\"card-platin\" onclick=\"window.location.href='\/roma\/en\/bonus-program-en\/#level-52'\" style=\"cursor: pointer;\">\n        <img decoding=\"async\" src=\"\/roma\/wp-content\/uploads\/2025\/12\/platina.webp\" alt=\"Platinum Card\" \/><\/p>\n<div class=\"title-platin\">PLATINUM CARD<\/div>\n<div>ENTRY BONUS<\/div>\n<div class=\"bonus-platin\">200 = 400<\/div>\n<div>POINTS x 3<\/div>\n<div>+ SELECTED ALCOHOLIC DRINKS<\/div>\n<\/p><\/div>\n<\/p><\/div>\n<\/p><\/div>\n<\/section>\n<p><!-- 3RD SECTION: JACKPOT SLIDER --><\/p>\n\n","protected":false},"excerpt":{"rendered":"<p>IMPERIAL BONUS PROGRAM BLUE CARD ENTRY BONUS 200 = 300 POINTS x 1 + FREE NON-ALCOHOLIC DRINKS GOLD CARD ENTRY [&hellip;]<\/p>\n","protected":false},"author":1,"featured_media":0,"parent":0,"menu_order":0,"comment_status":"closed","ping_status":"closed","template":"","meta":{"site-sidebar-layout":"default","site-content-layout":"","ast-site-content-layout":"full-width-container","site-content-style":"default","site-sidebar-style":"default","ast-global-header-display":"","ast-banner-title-visibility":"","ast-main-header-display":"","ast-hfb-above-header-display":"","ast-hfb-below-header-display":"","ast-hfb-mobile-header-display":"","site-post-title":"","ast-breadcrumbs-content":"","ast-featured-img":"","footer-sml-layout":"","ast-disable-related-posts":"","theme-transparent-header-meta":"default","adv-header-id-meta":"","stick-header-meta":"","header-above-stick-meta":"","header-main-stick-meta":"","header-below-stick-meta":"","astra-migrate-meta-layouts":"set","ast-page-background-enabled":"default","ast-page-background-meta":{"desktop":{"background-color":"var(--ast-global-color-5)","background-image":"","background-repeat":"repeat","background-position":"center center","background-size":"auto","background-attachment":"scroll","background-type":"","background-media":"","overlay-type":"","overlay-color":"","overlay-opacity":"","overlay-gradient":""},"tablet":{"background-color":"","background-image":"","background-repeat":"repeat","background-position":"center center","background-size":"auto","background-attachment":"scroll","background-type":"","background-media":"","overlay-type":"","overlay-color":"","overlay-opacity":"","overlay-gradient":""},"mobile":{"background-color":"","background-image":"","background-repeat":"repeat","background-position":"center center","background-size":"auto","background-attachment":"scroll","background-type":"","background-media":"","overlay-type":"","overlay-color":"","overlay-opacity":"","overlay-gradient":""}},"ast-content-background-meta":{"desktop":{"background-color":"var(--ast-global-color-4)","background-image":"","background-repeat":"repeat","background-position":"center center","background-size":"auto","background-attachment":"scroll","background-type":"","background-media":"","overlay-type":"","overlay-color":"","overlay-opacity":"","overlay-gradient":""},"tablet":{"background-color":"var(--ast-global-color-4)","background-image":"","background-repeat":"repeat","background-position":"center center","background-size":"auto","background-attachment":"scroll","background-type":"","background-media":"","overlay-type":"","overlay-color":"","overlay-opacity":"","overlay-gradient":""},"mobile":{"background-color":"var(--ast-global-color-4)","background-image":"","background-repeat":"repeat","background-position":"center center","background-size":"auto","background-attachment":"scroll","background-type":"","background-media":"","overlay-type":"","overlay-color":"","overlay-opacity":"","overlay-gradient":""}},"footnotes":""},"class_list":["post-668","page","type-page","status-publish","hentry"],"yoast_head":"<!-- This site is optimized with the Yoast SEO plugin v27.3 - https:\/\/yoast.com\/product\/yoast-seo-wordpress\/ -->\n<title>Home - En - IMPERIAL CASINO ROMA<\/title>\n<meta name=\"robots\" content=\"index, follow, max-snippet:-1, max-image-preview:large, max-video-preview:-1\" \/>\n<link rel=\"canonical\" href=\"https:\/\/www.imperialcasino.eu\/roma\/en\/home-english\/\" \/>\n<meta property=\"og:locale\" content=\"cs_CZ\" \/>\n<meta property=\"og:type\" content=\"article\" \/>\n<meta property=\"og:title\" content=\"Home - En - IMPERIAL CASINO ROMA\" \/>\n<meta property=\"og:description\" content=\"IMPERIAL BONUS PROGRAM BLUE CARD ENTRY BONUS 200 = 300 POINTS x 1 + FREE NON-ALCOHOLIC DRINKS GOLD CARD ENTRY [&hellip;]\" \/>\n<meta property=\"og:url\" content=\"https:\/\/www.imperialcasino.eu\/roma\/en\/home-english\/\" \/>\n<meta property=\"og:site_name\" content=\"IMPERIAL CASINO ROMA\" \/>\n<meta property=\"article:publisher\" content=\"https:\/\/www.facebook.com\/casinoroma\" \/>\n<meta property=\"article:modified_time\" content=\"2026-04-07T10:13:31+00:00\" \/>\n<meta name=\"twitter:card\" content=\"summary_large_image\" \/>\n<meta name=\"twitter:label1\" content=\"Odhadovan\u00e1 doba \u010dten\u00ed\" \/>\n\t<meta name=\"twitter:data1\" content=\"2 minuty\" \/>\n<script type=\"application\/ld+json\" class=\"yoast-schema-graph\">{\"@context\":\"https:\\\/\\\/schema.org\",\"@graph\":[{\"@type\":\"WebPage\",\"@id\":\"https:\\\/\\\/www.imperialcasino.eu\\\/roma\\\/en\\\/home-english\\\/\",\"url\":\"https:\\\/\\\/www.imperialcasino.eu\\\/roma\\\/en\\\/home-english\\\/\",\"name\":\"Home - En - IMPERIAL CASINO ROMA\",\"isPartOf\":{\"@id\":\"https:\\\/\\\/www.imperialcasino.eu\\\/roma\\\/#website\"},\"datePublished\":\"2025-12-13T17:04:14+00:00\",\"dateModified\":\"2026-04-07T10:13:31+00:00\",\"breadcrumb\":{\"@id\":\"https:\\\/\\\/www.imperialcasino.eu\\\/roma\\\/en\\\/home-english\\\/#breadcrumb\"},\"inLanguage\":\"cs\",\"potentialAction\":[{\"@type\":\"ReadAction\",\"target\":[\"https:\\\/\\\/www.imperialcasino.eu\\\/roma\\\/en\\\/home-english\\\/\"]}]},{\"@type\":\"BreadcrumbList\",\"@id\":\"https:\\\/\\\/www.imperialcasino.eu\\\/roma\\\/en\\\/home-english\\\/#breadcrumb\",\"itemListElement\":[{\"@type\":\"ListItem\",\"position\":1,\"name\":\"Dom\u016f\",\"item\":\"https:\\\/\\\/www.imperialcasino.eu\\\/roma\\\/\"},{\"@type\":\"ListItem\",\"position\":2,\"name\":\"Home &#8211; En\"}]},{\"@type\":\"WebSite\",\"@id\":\"https:\\\/\\\/www.imperialcasino.eu\\\/roma\\\/#website\",\"url\":\"https:\\\/\\\/www.imperialcasino.eu\\\/roma\\\/\",\"name\":\"IMPERIAL CASINO ROMA\",\"description\":\"\",\"publisher\":{\"@id\":\"https:\\\/\\\/www.imperialcasino.eu\\\/roma\\\/#organization\"},\"potentialAction\":[{\"@type\":\"SearchAction\",\"target\":{\"@type\":\"EntryPoint\",\"urlTemplate\":\"https:\\\/\\\/www.imperialcasino.eu\\\/roma\\\/?s={search_term_string}\"},\"query-input\":{\"@type\":\"PropertyValueSpecification\",\"valueRequired\":true,\"valueName\":\"search_term_string\"}}],\"inLanguage\":\"cs\"},{\"@type\":\"Organization\",\"@id\":\"https:\\\/\\\/www.imperialcasino.eu\\\/roma\\\/#organization\",\"name\":\"IMPERIAL CASINO ROMA\",\"url\":\"https:\\\/\\\/www.imperialcasino.eu\\\/roma\\\/\",\"logo\":{\"@type\":\"ImageObject\",\"inLanguage\":\"cs\",\"@id\":\"https:\\\/\\\/www.imperialcasino.eu\\\/roma\\\/#\\\/schema\\\/logo\\\/image\\\/\",\"url\":\"https:\\\/\\\/www.imperialcasino.eu\\\/roma\\\/wp-content\\\/uploads\\\/2025\\\/12\\\/casino_roma_silver.webp\",\"contentUrl\":\"https:\\\/\\\/www.imperialcasino.eu\\\/roma\\\/wp-content\\\/uploads\\\/2025\\\/12\\\/casino_roma_silver.webp\",\"width\":1600,\"height\":673,\"caption\":\"IMPERIAL CASINO ROMA\"},\"image\":{\"@id\":\"https:\\\/\\\/www.imperialcasino.eu\\\/roma\\\/#\\\/schema\\\/logo\\\/image\\\/\"},\"sameAs\":[\"https:\\\/\\\/www.facebook.com\\\/casinoroma\",\"https:\\\/\\\/www.instagram.com\\\/casino_roma_teplice\\\/\"]}]}<\/script>\n<!-- \/ Yoast SEO plugin. -->","yoast_head_json":{"title":"Home - En - IMPERIAL CASINO ROMA","robots":{"index":"index","follow":"follow","max-snippet":"max-snippet:-1","max-image-preview":"max-image-preview:large","max-video-preview":"max-video-preview:-1"},"canonical":"https:\/\/www.imperialcasino.eu\/roma\/en\/home-english\/","og_locale":"cs_CZ","og_type":"article","og_title":"Home - En - IMPERIAL CASINO ROMA","og_description":"IMPERIAL BONUS PROGRAM BLUE CARD ENTRY BONUS 200 = 300 POINTS x 1 + FREE NON-ALCOHOLIC DRINKS GOLD CARD ENTRY [&hellip;]","og_url":"https:\/\/www.imperialcasino.eu\/roma\/en\/home-english\/","og_site_name":"IMPERIAL CASINO ROMA","article_publisher":"https:\/\/www.facebook.com\/casinoroma","article_modified_time":"2026-04-07T10:13:31+00:00","twitter_card":"summary_large_image","twitter_misc":{"Odhadovan\u00e1 doba \u010dten\u00ed":"2 minuty"},"schema":{"@context":"https:\/\/schema.org","@graph":[{"@type":"WebPage","@id":"https:\/\/www.imperialcasino.eu\/roma\/en\/home-english\/","url":"https:\/\/www.imperialcasino.eu\/roma\/en\/home-english\/","name":"Home - En - IMPERIAL CASINO ROMA","isPartOf":{"@id":"https:\/\/www.imperialcasino.eu\/roma\/#website"},"datePublished":"2025-12-13T17:04:14+00:00","dateModified":"2026-04-07T10:13:31+00:00","breadcrumb":{"@id":"https:\/\/www.imperialcasino.eu\/roma\/en\/home-english\/#breadcrumb"},"inLanguage":"cs","potentialAction":[{"@type":"ReadAction","target":["https:\/\/www.imperialcasino.eu\/roma\/en\/home-english\/"]}]},{"@type":"BreadcrumbList","@id":"https:\/\/www.imperialcasino.eu\/roma\/en\/home-english\/#breadcrumb","itemListElement":[{"@type":"ListItem","position":1,"name":"Dom\u016f","item":"https:\/\/www.imperialcasino.eu\/roma\/"},{"@type":"ListItem","position":2,"name":"Home &#8211; En"}]},{"@type":"WebSite","@id":"https:\/\/www.imperialcasino.eu\/roma\/#website","url":"https:\/\/www.imperialcasino.eu\/roma\/","name":"IMPERIAL CASINO ROMA","description":"","publisher":{"@id":"https:\/\/www.imperialcasino.eu\/roma\/#organization"},"potentialAction":[{"@type":"SearchAction","target":{"@type":"EntryPoint","urlTemplate":"https:\/\/www.imperialcasino.eu\/roma\/?s={search_term_string}"},"query-input":{"@type":"PropertyValueSpecification","valueRequired":true,"valueName":"search_term_string"}}],"inLanguage":"cs"},{"@type":"Organization","@id":"https:\/\/www.imperialcasino.eu\/roma\/#organization","name":"IMPERIAL CASINO ROMA","url":"https:\/\/www.imperialcasino.eu\/roma\/","logo":{"@type":"ImageObject","inLanguage":"cs","@id":"https:\/\/www.imperialcasino.eu\/roma\/#\/schema\/logo\/image\/","url":"https:\/\/www.imperialcasino.eu\/roma\/wp-content\/uploads\/2025\/12\/casino_roma_silver.webp","contentUrl":"https:\/\/www.imperialcasino.eu\/roma\/wp-content\/uploads\/2025\/12\/casino_roma_silver.webp","width":1600,"height":673,"caption":"IMPERIAL CASINO ROMA"},"image":{"@id":"https:\/\/www.imperialcasino.eu\/roma\/#\/schema\/logo\/image\/"},"sameAs":["https:\/\/www.facebook.com\/casinoroma","https:\/\/www.instagram.com\/casino_roma_teplice\/"]}]}},"_links":{"self":[{"href":"https:\/\/www.imperialcasino.eu\/roma\/wp-json\/wp\/v2\/pages\/668","targetHints":{"allow":["GET"]}}],"collection":[{"href":"https:\/\/www.imperialcasino.eu\/roma\/wp-json\/wp\/v2\/pages"}],"about":[{"href":"https:\/\/www.imperialcasino.eu\/roma\/wp-json\/wp\/v2\/types\/page"}],"author":[{"embeddable":true,"href":"https:\/\/www.imperialcasino.eu\/roma\/wp-json\/wp\/v2\/users\/1"}],"replies":[{"embeddable":true,"href":"https:\/\/www.imperialcasino.eu\/roma\/wp-json\/wp\/v2\/comments?post=668"}],"version-history":[{"count":12,"href":"https:\/\/www.imperialcasino.eu\/roma\/wp-json\/wp\/v2\/pages\/668\/revisions"}],"predecessor-version":[{"id":1117,"href":"https:\/\/www.imperialcasino.eu\/roma\/wp-json\/wp\/v2\/pages\/668\/revisions\/1117"}],"wp:attachment":[{"href":"https:\/\/www.imperialcasino.eu\/roma\/wp-json\/wp\/v2\/media?parent=668"}],"curies":[{"name":"wp","href":"https:\/\/api.w.org\/{rel}","templated":true}]}}