{"id":737,"date":"2025-12-14T12:02:18","date_gmt":"2025-12-14T12:02:18","guid":{"rendered":"https:\/\/www.imperialcasino.eu\/roma2\/?page_id=737"},"modified":"2026-01-28T13:00:26","modified_gmt":"2026-01-28T13:00:26","slug":"whistleblowing","status":"publish","type":"page","link":"https:\/\/www.imperialcasino.eu\/roma\/whistleblowing\/","title":{"rendered":"whistleblowing"},"content":{"rendered":"<div class=\"gdpr\"><strong>Informace k ochran\u011b oznamovatel\u016f (whistleblowing)<\/strong><\/p>\n<p>V souladu se z\u00e1konem \u010d. 171\/2023 Sb., o ochran\u011b oznamovatel\u016f (d\u00e1le jen \u201ez\u00e1kon o ochran\u011b oznamovatel\u016f\u201c) z\u0159\u00eddila spole\u010dnost APEX gaming EUROPE a.s., se s\u00eddlem V\u00e1clavsk\u00e9 n\u00e1m\u011bst\u00ed 808\/66, Praha 1 -Nov\u00e9 M\u011bsto, I\u010cO: 47252481, vnit\u0159n\u00ed oznamovac\u00ed syst\u00e9m, kter\u00fd slou\u017e\u00ed k oznamov\u00e1n\u00ed mo\u017en\u00e9ho protipr\u00e1vn\u00edho jedn\u00e1n\u00ed ve smyslu \u00a7 2 odst. 1 z\u00e1kona o ochran\u011b oznamovatel\u016f.<\/p>\n<p>Ozn\u00e1men\u00ed je mo\u017en\u00e9 prost\u0159ednictv\u00edm tohoto vnit\u0159n\u00edho oznamovac\u00edho syst\u00e9mu u\u010dinit n\u00e1sleduj\u00edc\u00edm zp\u016fsobem:<\/p>\n<p>P\u00edsemn\u011b prost\u0159ednictv\u00edm softwarov\u00e9ho n\u00e1stroje WHISPERO, kter\u00fd je dostupn\u00fd\u00a0<strong><a href=\"https:\/\/app.whispero.eu\/f\/6yvn0jxa59xjrm39\" target=\"_blank\" rel=\"noopener\">ZDE,\u00a0<\/a><\/strong><strong>(d\u00e1le jen \u201cadresa vnit\u0159n\u00edho oznamovac\u00edho syst\u00e9mu\u201d).<br \/>\n<\/strong>Telefonicky na \u010d\u00edsle: +420 239 05 05 05 (k\u00f3d organizace 469326271).<br \/>\nE-mailem na adrese: 469326271@whispero.eu<\/p>\n<p>Oznamovatel je rovn\u011b\u017e opr\u00e1vn\u011bn podat sv\u00e9 ozn\u00e1men\u00ed prost\u0159ednictv\u00edm extern\u00edho oznamovac\u00edho syst\u00e9mu spravovan\u00e9ho Ministerstvem spravedlnosti. Ve\u0161ker\u00e9 informace k mo\u017enosti vyu\u017eit\u00ed extern\u00edho oznamovac\u00edho syst\u00e9mu Ministerstva spravedlnosti jsou dostupn\u00e9 zde: https:\/\/oznamovatel.justice.cz\/<\/p>\n<p>P\u0159\u00edslu\u0161nou osobou ur\u010denou spole\u010dnost\u00ed APEX gaming EUROPE a.s. dle z\u00e1kona o ochran\u011b oznamovatel\u016f je pan\u00ed:\u00a0<strong>Lenka Hluch\u00e1.<\/strong><\/div>\n","protected":false},"excerpt":{"rendered":"<p>Informace k ochran\u011b oznamovatel\u016f (whistleblowing) V souladu se z\u00e1konem \u010d. 171\/2023 Sb., o ochran\u011b oznamovatel\u016f (d\u00e1le jen \u201ez\u00e1kon o ochran\u011b [&hellip;]<\/p>\n","protected":false},"author":1,"featured_media":0,"parent":0,"menu_order":0,"comment_status":"closed","ping_status":"closed","template":"","meta":{"site-sidebar-layout":"default","site-content-layout":"","ast-site-content-layout":"full-width-container","site-content-style":"default","site-sidebar-style":"default","ast-global-header-display":"","ast-banner-title-visibility":"","ast-main-header-display":"","ast-hfb-above-header-display":"","ast-hfb-below-header-display":"","ast-hfb-mobile-header-display":"","site-post-title":"","ast-breadcrumbs-content":"","ast-featured-img":"","footer-sml-layout":"","ast-disable-related-posts":"","theme-transparent-header-meta":"default","adv-header-id-meta":"","stick-header-meta":"","header-above-stick-meta":"","header-main-stick-meta":"","header-below-stick-meta":"","astra-migrate-meta-layouts":"set","ast-page-background-enabled":"default","ast-page-background-meta":{"desktop":{"background-color":"var(--ast-global-color-5)","background-image":"","background-repeat":"repeat","background-position":"center center","background-size":"auto","background-attachment":"scroll","background-type":"","background-media":"","overlay-type":"","overlay-color":"","overlay-opacity":"","overlay-gradient":""},"tablet":{"background-color":"","background-image":"","background-repeat":"repeat","background-position":"center center","background-size":"auto","background-attachment":"scroll","background-type":"","background-media":"","overlay-type":"","overlay-color":"","overlay-opacity":"","overlay-gradient":""},"mobile":{"background-color":"","background-image":"","background-repeat":"repeat","background-position":"center center","background-size":"auto","background-attachment":"scroll","background-type":"","background-media":"","overlay-type":"","overlay-color":"","overlay-opacity":"","overlay-gradient":""}},"ast-content-background-meta":{"desktop":{"background-color":"var(--ast-global-color-4)","background-image":"","background-repeat":"repeat","background-position":"center center","background-size":"auto","background-attachment":"scroll","background-type":"","background-media":"","overlay-type":"","overlay-color":"","overlay-opacity":"","overlay-gradient":""},"tablet":{"background-color":"var(--ast-global-color-4)","background-image":"","background-repeat":"repeat","background-position":"center center","background-size":"auto","background-attachment":"scroll","background-type":"","background-media":"","overlay-type":"","overlay-color":"","overlay-opacity":"","overlay-gradient":""},"mobile":{"background-color":"var(--ast-global-color-4)","background-image":"","background-repeat":"repeat","background-position":"center center","background-size":"auto","background-attachment":"scroll","background-type":"","background-media":"","overlay-type":"","overlay-color":"","overlay-opacity":"","overlay-gradient":""}},"footnotes":""},"class_list":["post-737","page","type-page","status-publish","hentry"],"yoast_head":"<!-- This site is optimized with the Yoast SEO plugin v27.3 - https:\/\/yoast.com\/product\/yoast-seo-wordpress\/ -->\n<title>whistleblowing - IMPERIAL CASINO ROMA<\/title>\n<meta name=\"robots\" content=\"index, follow, max-snippet:-1, max-image-preview:large, max-video-preview:-1\" \/>\n<link rel=\"canonical\" href=\"https:\/\/www.imperialcasino.eu\/roma\/whistleblowing\/\" \/>\n<meta property=\"og:locale\" content=\"cs_CZ\" \/>\n<meta property=\"og:type\" content=\"article\" \/>\n<meta property=\"og:title\" content=\"whistleblowing - IMPERIAL CASINO ROMA\" \/>\n<meta property=\"og:description\" content=\"Informace k ochran\u011b oznamovatel\u016f (whistleblowing) V souladu se z\u00e1konem \u010d. 171\/2023 Sb., o ochran\u011b oznamovatel\u016f (d\u00e1le jen \u201ez\u00e1kon o ochran\u011b [&hellip;]\" \/>\n<meta property=\"og:url\" content=\"https:\/\/www.imperialcasino.eu\/roma\/whistleblowing\/\" \/>\n<meta property=\"og:site_name\" content=\"IMPERIAL CASINO ROMA\" \/>\n<meta property=\"article:publisher\" content=\"https:\/\/www.facebook.com\/casinoroma\" \/>\n<meta property=\"article:modified_time\" content=\"2026-01-28T13:00:26+00:00\" \/>\n<meta name=\"twitter:card\" content=\"summary_large_image\" \/>\n<meta name=\"twitter:label1\" content=\"Odhadovan\u00e1 doba \u010dten\u00ed\" \/>\n\t<meta name=\"twitter:data1\" content=\"1 minuta\" \/>\n<script type=\"application\/ld+json\" class=\"yoast-schema-graph\">{\"@context\":\"https:\\\/\\\/schema.org\",\"@graph\":[{\"@type\":\"WebPage\",\"@id\":\"https:\\\/\\\/www.imperialcasino.eu\\\/roma\\\/whistleblowing\\\/\",\"url\":\"https:\\\/\\\/www.imperialcasino.eu\\\/roma\\\/whistleblowing\\\/\",\"name\":\"whistleblowing - IMPERIAL CASINO ROMA\",\"isPartOf\":{\"@id\":\"https:\\\/\\\/www.imperialcasino.eu\\\/roma\\\/#website\"},\"datePublished\":\"2025-12-14T12:02:18+00:00\",\"dateModified\":\"2026-01-28T13:00:26+00:00\",\"breadcrumb\":{\"@id\":\"https:\\\/\\\/www.imperialcasino.eu\\\/roma\\\/whistleblowing\\\/#breadcrumb\"},\"inLanguage\":\"cs\",\"potentialAction\":[{\"@type\":\"ReadAction\",\"target\":[\"https:\\\/\\\/www.imperialcasino.eu\\\/roma\\\/whistleblowing\\\/\"]}]},{\"@type\":\"BreadcrumbList\",\"@id\":\"https:\\\/\\\/www.imperialcasino.eu\\\/roma\\\/whistleblowing\\\/#breadcrumb\",\"itemListElement\":[{\"@type\":\"ListItem\",\"position\":1,\"name\":\"Dom\u016f\",\"item\":\"https:\\\/\\\/www.imperialcasino.eu\\\/roma\\\/\"},{\"@type\":\"ListItem\",\"position\":2,\"name\":\"whistleblowing\"}]},{\"@type\":\"WebSite\",\"@id\":\"https:\\\/\\\/www.imperialcasino.eu\\\/roma\\\/#website\",\"url\":\"https:\\\/\\\/www.imperialcasino.eu\\\/roma\\\/\",\"name\":\"IMPERIAL CASINO ROMA\",\"description\":\"\",\"publisher\":{\"@id\":\"https:\\\/\\\/www.imperialcasino.eu\\\/roma\\\/#organization\"},\"potentialAction\":[{\"@type\":\"SearchAction\",\"target\":{\"@type\":\"EntryPoint\",\"urlTemplate\":\"https:\\\/\\\/www.imperialcasino.eu\\\/roma\\\/?s={search_term_string}\"},\"query-input\":{\"@type\":\"PropertyValueSpecification\",\"valueRequired\":true,\"valueName\":\"search_term_string\"}}],\"inLanguage\":\"cs\"},{\"@type\":\"Organization\",\"@id\":\"https:\\\/\\\/www.imperialcasino.eu\\\/roma\\\/#organization\",\"name\":\"IMPERIAL CASINO ROMA\",\"url\":\"https:\\\/\\\/www.imperialcasino.eu\\\/roma\\\/\",\"logo\":{\"@type\":\"ImageObject\",\"inLanguage\":\"cs\",\"@id\":\"https:\\\/\\\/www.imperialcasino.eu\\\/roma\\\/#\\\/schema\\\/logo\\\/image\\\/\",\"url\":\"https:\\\/\\\/www.imperialcasino.eu\\\/roma\\\/wp-content\\\/uploads\\\/2025\\\/12\\\/casino_roma_silver.webp\",\"contentUrl\":\"https:\\\/\\\/www.imperialcasino.eu\\\/roma\\\/wp-content\\\/uploads\\\/2025\\\/12\\\/casino_roma_silver.webp\",\"width\":1600,\"height\":673,\"caption\":\"IMPERIAL CASINO ROMA\"},\"image\":{\"@id\":\"https:\\\/\\\/www.imperialcasino.eu\\\/roma\\\/#\\\/schema\\\/logo\\\/image\\\/\"},\"sameAs\":[\"https:\\\/\\\/www.facebook.com\\\/casinoroma\",\"https:\\\/\\\/www.instagram.com\\\/casino_roma_teplice\\\/\"]}]}<\/script>\n<!-- \/ Yoast SEO plugin. -->","yoast_head_json":{"title":"whistleblowing - IMPERIAL CASINO ROMA","robots":{"index":"index","follow":"follow","max-snippet":"max-snippet:-1","max-image-preview":"max-image-preview:large","max-video-preview":"max-video-preview:-1"},"canonical":"https:\/\/www.imperialcasino.eu\/roma\/whistleblowing\/","og_locale":"cs_CZ","og_type":"article","og_title":"whistleblowing - IMPERIAL CASINO ROMA","og_description":"Informace k ochran\u011b oznamovatel\u016f (whistleblowing) V souladu se z\u00e1konem \u010d. 171\/2023 Sb., o ochran\u011b oznamovatel\u016f (d\u00e1le jen \u201ez\u00e1kon o ochran\u011b [&hellip;]","og_url":"https:\/\/www.imperialcasino.eu\/roma\/whistleblowing\/","og_site_name":"IMPERIAL CASINO ROMA","article_publisher":"https:\/\/www.facebook.com\/casinoroma","article_modified_time":"2026-01-28T13:00:26+00:00","twitter_card":"summary_large_image","twitter_misc":{"Odhadovan\u00e1 doba \u010dten\u00ed":"1 minuta"},"schema":{"@context":"https:\/\/schema.org","@graph":[{"@type":"WebPage","@id":"https:\/\/www.imperialcasino.eu\/roma\/whistleblowing\/","url":"https:\/\/www.imperialcasino.eu\/roma\/whistleblowing\/","name":"whistleblowing - IMPERIAL CASINO ROMA","isPartOf":{"@id":"https:\/\/www.imperialcasino.eu\/roma\/#website"},"datePublished":"2025-12-14T12:02:18+00:00","dateModified":"2026-01-28T13:00:26+00:00","breadcrumb":{"@id":"https:\/\/www.imperialcasino.eu\/roma\/whistleblowing\/#breadcrumb"},"inLanguage":"cs","potentialAction":[{"@type":"ReadAction","target":["https:\/\/www.imperialcasino.eu\/roma\/whistleblowing\/"]}]},{"@type":"BreadcrumbList","@id":"https:\/\/www.imperialcasino.eu\/roma\/whistleblowing\/#breadcrumb","itemListElement":[{"@type":"ListItem","position":1,"name":"Dom\u016f","item":"https:\/\/www.imperialcasino.eu\/roma\/"},{"@type":"ListItem","position":2,"name":"whistleblowing"}]},{"@type":"WebSite","@id":"https:\/\/www.imperialcasino.eu\/roma\/#website","url":"https:\/\/www.imperialcasino.eu\/roma\/","name":"IMPERIAL CASINO ROMA","description":"","publisher":{"@id":"https:\/\/www.imperialcasino.eu\/roma\/#organization"},"potentialAction":[{"@type":"SearchAction","target":{"@type":"EntryPoint","urlTemplate":"https:\/\/www.imperialcasino.eu\/roma\/?s={search_term_string}"},"query-input":{"@type":"PropertyValueSpecification","valueRequired":true,"valueName":"search_term_string"}}],"inLanguage":"cs"},{"@type":"Organization","@id":"https:\/\/www.imperialcasino.eu\/roma\/#organization","name":"IMPERIAL CASINO ROMA","url":"https:\/\/www.imperialcasino.eu\/roma\/","logo":{"@type":"ImageObject","inLanguage":"cs","@id":"https:\/\/www.imperialcasino.eu\/roma\/#\/schema\/logo\/image\/","url":"https:\/\/www.imperialcasino.eu\/roma\/wp-content\/uploads\/2025\/12\/casino_roma_silver.webp","contentUrl":"https:\/\/www.imperialcasino.eu\/roma\/wp-content\/uploads\/2025\/12\/casino_roma_silver.webp","width":1600,"height":673,"caption":"IMPERIAL CASINO ROMA"},"image":{"@id":"https:\/\/www.imperialcasino.eu\/roma\/#\/schema\/logo\/image\/"},"sameAs":["https:\/\/www.facebook.com\/casinoroma","https:\/\/www.instagram.com\/casino_roma_teplice\/"]}]}},"_links":{"self":[{"href":"https:\/\/www.imperialcasino.eu\/roma\/wp-json\/wp\/v2\/pages\/737","targetHints":{"allow":["GET"]}}],"collection":[{"href":"https:\/\/www.imperialcasino.eu\/roma\/wp-json\/wp\/v2\/pages"}],"about":[{"href":"https:\/\/www.imperialcasino.eu\/roma\/wp-json\/wp\/v2\/types\/page"}],"author":[{"embeddable":true,"href":"https:\/\/www.imperialcasino.eu\/roma\/wp-json\/wp\/v2\/users\/1"}],"replies":[{"embeddable":true,"href":"https:\/\/www.imperialcasino.eu\/roma\/wp-json\/wp\/v2\/comments?post=737"}],"version-history":[{"count":3,"href":"https:\/\/www.imperialcasino.eu\/roma\/wp-json\/wp\/v2\/pages\/737\/revisions"}],"predecessor-version":[{"id":1031,"href":"https:\/\/www.imperialcasino.eu\/roma\/wp-json\/wp\/v2\/pages\/737\/revisions\/1031"}],"wp:attachment":[{"href":"https:\/\/www.imperialcasino.eu\/roma\/wp-json\/wp\/v2\/media?parent=737"}],"curies":[{"name":"wp","href":"https:\/\/api.w.org\/{rel}","templated":true}]}}