{"id":1468,"date":"2020-10-21T15:39:52","date_gmt":"2020-10-21T13:39:52","guid":{"rendered":"http:\/\/www.imperialcasino.eu\/strazny\/?page_id=1468"},"modified":"2021-06-04T10:47:41","modified_gmt":"2021-06-04T08:47:41","slug":"ochranka","status":"publish","type":"page","link":"https:\/\/www.imperialcasino.eu\/strazny\/ochranka\/","title":{"rendered":"OCHRANKA"},"content":{"rendered":"<section class=\"wpb-content-wrapper\">[vc_row el_id=&#8220;kariera-popis&#8220; el_class=&#8220;kariera-popis&#8220; css=&#8220;.vc_custom_1603204898467{padding-bottom: 50px !important;}&#8220;][vc_column width=&#8220;2\/3&#8243;][vc_custom_heading text=&#8220;OCHRANKA&#8220; use_theme_fonts=&#8220;yes&#8220; css=&#8220;.vc_custom_1612181259203{padding-bottom: 60px !important;}&#8220;][vc_row_inner][vc_column_inner][vc_column_text]\n<div class=\"popis\">Firma:<\/div>\n<div class=\"detail\">Imperial Casino Str\u00e1\u017en\u00fd<\/div>\n<div class=\"popis\">M\u00edsto pracovi\u0161t\u011b:<\/div>\n<div class=\"detail\">Str\u00e1\u017en\u00fd 18, 38443 Str\u00e1\u017en\u00fd<\/div>\n<div class=\"popis\">Smluvn\u00ed vztah:<\/div>\n<div class=\"detail\">pr\u00e1ce na pln\u00fd \u00favazek<\/div>\n<div class=\"detail\"><\/div>\n[\/vc_column_text][vc_column_text css=&#8220;.vc_custom_1622706775113{padding-top: 50px !important;padding-bottom: 30px !important;}&#8220; el_id=&#8220;text-vypis&#8220; el_class=&#8220;text-vypis&#8220;]P\u0159ijmeme spolehliv\u00e9ho kolegu do na\u0161eho teamu na pozici <strong>OCHRANKA\u00a0<\/strong> s\u00a0term\u00ednem n\u00e1stupu ihned.[\/vc_column_text][vc_column_text][\/vc_column_text][vc_custom_heading text=&#8220;Po\u017eadujeme:&#8220; font_container=&#8220;tag:h3|text_align:left&#8220; use_theme_fonts=&#8220;yes&#8220; css=&#8220;.vc_custom_1622704769651{padding-top: 20px !important;}&#8220;][vc_column_text el_class=&#8220;text-vypis&#8220; el_id=&#8220;text-vypis&#8220;]\n<ul>\n<li>P\u0159\u00edjemn\u00e9 vystupov\u00e1n\u00ed<\/li>\n<li>Aktivn\u00ed p\u0159\u00edstup k\u00a0pr\u00e1ci<\/li>\n<li>\u010cist\u00fd trestn\u00ed rejst\u0159\u00edk<\/li>\n<\/ul>\n[\/vc_column_text][vc_custom_heading text=&#8220;Nab\u00edz\u00edme:&#8220; font_container=&#8220;tag:h3|text_align:left&#8220; use_theme_fonts=&#8220;yes&#8220; css=&#8220;.vc_custom_1622704664479{padding-top: 20px !important;}&#8220;][vc_column_text el_class=&#8220;text-vypis&#8220; el_id=&#8220;text-vypis&#8220;]\n<ul>\n<li>Nen\u00e1ro\u010dnou pracovn\u00ed n\u00e1pl\u0148<\/li>\n<li>P\u0159\u00edjemn\u00e9 \u010dist\u00e9 prost\u0159ed\u00ed<\/li>\n<li>Person\u00e1ln\u00ed stravov\u00e1n\u00ed<\/li>\n<li>Svoz do zam\u011bstn\u00e1n\u00ed z\u00a0bl\u00edzk\u00e9ho okol\u00ed zdarma<\/li>\n<\/ul>\n[\/vc_column_text][\/vc_column_inner][\/vc_row_inner][\/vc_column][vc_column width=&#8220;1\/3&#8243; el_id=&#8220;right-kariera&#8220; el_class=&#8220;right-kariera&#8220;][vc_row_inner][vc_column_inner][vc_empty_space][\/vc_column_inner][\/vc_row_inner][vc_row_inner el_id=&#8220;kontakt-kariera&#8220; el_class=&#8220;kontakt-kariera&#8220;][vc_column_inner css=&#8220;.vc_custom_1603202591118{padding-bottom: 50px !important;padding-left: 20px !important;background-color: #bfa146 !important;}&#8220;][vc_custom_heading text=&#8220;KONTAKTUJTE N\u00c1S&#8220; font_container=&#8220;tag:h2|text_align:left|color:%23ffffff&#8220; use_theme_fonts=&#8220;yes&#8220;][vc_column_text el_id=&#8220;text-vypis&#8220;]<span style=\"color: #ffffff;\"><strong>Adresa:<\/strong><\/span><br \/>\n<span style=\"color: #ffffff;\">Imperial Casino Str\u00e1\u017en\u00fd<\/span><br \/>\n<span style=\"color: #ffffff;\">Str\u00e1\u017en\u00fd 18<\/span><br \/>\n<span style=\"color: #ffffff;\">Str\u00e1\u017en\u00fd 384 43<\/span><\/p>\n<p><span style=\"color: #ffffff;\"><strong>Tel:<\/strong><\/span><br \/>\n<span style=\"color: #ffffff;\"><a style=\"color: #ffffff;\" href=\"tel:+420725523 586\">+420 725 523 586<\/a><\/span><\/p>\n<p><span style=\"color: #ffffff;\"><strong>Email:<\/strong> <a style=\"color: #ffffff;\" href=\"mailto:denisa.kozackova@imperialcasino.eu\"> denisa.kozackova@imperialcasino.eu<\/a><\/span><\/p>\n<p><a href=\"https:\/\/www.facebook.com\/ImperialCasinoStrazny\/\" target=\"_blank\" rel=\"noopener noreferrer\"><img loading=\"lazy\" decoding=\"async\" class=\"wp-image-796 size-full alignnone\" src=\"https:\/\/www.imperialcasino.eu\/strazny\/wp-content\/uploads\/2020\/08\/facebook-white.png\" alt=\"\" width=\"35\" height=\"34\" \/><\/a> <a href=\"https:\/\/www.instagram.com\/casinoimperial\/\" target=\"_blank\" rel=\"noopener noreferrer\"><img loading=\"lazy\" decoding=\"async\" class=\"size-medium wp-image-797 alignnone\" src=\"https:\/\/www.imperialcasino.eu\/strazny\/wp-content\/uploads\/2020\/08\/instagram-white.png\" alt=\"\" width=\"35\" height=\"34\" \/><\/a>[\/vc_column_text][\/vc_column_inner][\/vc_row_inner][vc_row_inner][vc_column_inner][vc_empty_space][\/vc_column_inner][\/vc_row_inner][vc_row_inner css=&#8220;.vc_custom_1604074619298{padding-top: 20px !important;padding-bottom: 20px !important;background-color: #e6e6e6 !important;}&#8220; el_id=&#8220;form-kariera&#8220; el_class=&#8220;form-kariera&#8220;][vc_column_inner]<div class=\"norebro-contact-from-sc contact-form  text-left flat\"\n\tid=\"norebro-custom-69e1f097dd3ca\" \n\t \n\t>\n\n\t\n<div class=\"wpcf7 no-js\" id=\"wpcf7-f3396-o1\" lang=\"cs-CZ\" dir=\"ltr\" data-wpcf7-id=\"3396\">\n<div class=\"screen-reader-response\"><p role=\"status\" aria-live=\"polite\" aria-atomic=\"true\"><\/p> <ul><\/ul><\/div>\n<form action=\"\/strazny\/wp-json\/wp\/v2\/pages\/1468#wpcf7-f3396-o1\" method=\"post\" class=\"wpcf7-form init\" aria-label=\"Kontaktn\u00ed formul\u00e1\u0159\" novalidate=\"novalidate\" data-status=\"init\">\n<fieldset class=\"hidden-fields-container\"><input type=\"hidden\" name=\"_wpcf7\" value=\"3396\" \/><input type=\"hidden\" name=\"_wpcf7_version\" value=\"6.1.5\" \/><input type=\"hidden\" name=\"_wpcf7_locale\" value=\"cs_CZ\" \/><input type=\"hidden\" name=\"_wpcf7_unit_tag\" value=\"wpcf7-f3396-o1\" \/><input type=\"hidden\" name=\"_wpcf7_container_post\" value=\"0\" \/><input type=\"hidden\" name=\"_wpcf7_posted_data_hash\" value=\"\" \/>\n<\/fieldset>\n<div class=\"form-group\">\n\t<div class=\"vc_row\">\n\t\t<div class=\"form-group vc_col-sm-6 col-sm-12 col-xs-12\">\n\t\t\t<p><label><span class=\"wpcf7-form-control-wrap\" data-name=\"jmeno\"><input size=\"40\" maxlength=\"400\" class=\"wpcf7-form-control wpcf7-text wpcf7-validates-as-required jmeno\" id=\"jmeno\" aria-required=\"true\" aria-invalid=\"false\" placeholder=\"Jm\u00e9no\" value=\"\" type=\"text\" name=\"jmeno\" \/><\/span><\/label>\n\t\t\t<\/p>\n\t\t<\/div>\n\t\t<div class=\"form-group vc_col-sm-6 col-sm-12 col-xs-12\">\n\t\t\t<p><label><span class=\"wpcf7-form-control-wrap\" data-name=\"prijmeni\"><input size=\"40\" maxlength=\"400\" class=\"wpcf7-form-control wpcf7-text wpcf7-validates-as-required prijmeni\" id=\"prijmeni\" aria-required=\"true\" aria-invalid=\"false\" placeholder=\"P\u0159\u00edjmen\u00ed\" value=\"\" type=\"text\" name=\"prijmeni\" \/><\/span><\/label>\n\t\t\t<\/p>\n\t\t<\/div>\n\t<\/div>\n\t<div class=\"vc_row\">\n\t\t<div class=\"form-group vc_col-sm-6 col-sm-12 col-xs-12\">\n\t\t\t<p><label><span class=\"wpcf7-form-control-wrap\" data-name=\"your-email\"><input size=\"40\" maxlength=\"400\" class=\"wpcf7-form-control wpcf7-email wpcf7-validates-as-required wpcf7-text wpcf7-validates-as-email email\" id=\"email\" aria-required=\"true\" aria-invalid=\"false\" placeholder=\"Email\" value=\"\" type=\"email\" name=\"your-email\" \/><\/span><\/label>\n\t\t\t<\/p>\n\t\t<\/div>\n\t\t<div class=\"form-group vc_col-sm-6 col-sm-12 col-xs-12\">\n\t\t\t<p><label><span class=\"wpcf7-form-control-wrap\" data-name=\"telefon\"><input size=\"40\" maxlength=\"400\" class=\"wpcf7-form-control wpcf7-tel wpcf7-text wpcf7-validates-as-tel telefon\" id=\"telefon\" aria-invalid=\"false\" placeholder=\"Telefon\" value=\"\" type=\"tel\" name=\"telefon\" \/><\/span><\/label>\n\t\t\t<\/p>\n\t\t<\/div>\n\t<\/div>\n<\/div>\n<p><span class=\"wpcf7-form-control-wrap\" data-name=\"your-message\"><textarea cols=\"10\" rows=\"3\" maxlength=\"2000\" class=\"wpcf7-form-control wpcf7-textarea\" aria-invalid=\"false\" placeholder=\"V\u00e1\u0161 text...\" name=\"your-message\"><\/textarea><\/span>\n<\/p>\n<p><span class=\"wpcf7-form-control-wrap\" data-name=\"souhlas\"><span class=\"wpcf7-form-control wpcf7-acceptance optional\"><span class=\"wpcf7-list-item\"><input type=\"checkbox\" name=\"souhlas\" value=\"1\" id=\"souhlas\" aria-invalid=\"false\" \/><\/span><\/span><\/span> Souhlas\u00edm se zpracov\u00e1n\u00edm osobn\u00edch \u00fadaj\u016f\n<\/p>\n<p><input class=\"wpcf7-form-control wpcf7-submit has-spinner\" type=\"submit\" value=\"Odeslat\" \/>\n<\/p><input type='hidden' class='wpcf7-pum' value='{\"closepopup\":false,\"closedelay\":0,\"openpopup\":false,\"openpopup_id\":0}' \/><div class=\"wpcf7-response-output\" aria-hidden=\"true\"><\/div>\n<\/form>\n<\/div>\n\n\t<div class=\"hidden\" data-contact-btn=\"true\">\n\t\t<button class=\"btn \">\n\t\t\t<span class=\"btn-load\"><\/span>\n\t\t\t<span class=\"text\"><\/span>\n\t\t<\/button>\n\t<\/div>\n<\/div>[\/vc_column_inner][\/vc_row_inner][\/vc_column][\/vc_row]\n<\/section>","protected":false},"excerpt":{"rendered":"<p>[vc_row el_id=&#8220;kariera-popis&#8220; el_class=&#8220;kariera-popis&#8220; css=&#8220;.vc_custom_1603204898467{padding-bottom: 50px !important;}&#8220;][vc_column width=&#8220;2\/3&#8243;][vc_custom_heading text=&#8220;OCHRANKA&#8220; use_theme_fonts=&#8220;yes&#8220; css=&#8220;.vc_custom_1612181259203{padding-bottom: 60px !important;}&#8220;][vc_row_inner][vc_column_inner][vc_column_text] Firma: Imperial&#8230;<\/p>\n","protected":false},"author":1,"featured_media":0,"parent":0,"menu_order":0,"comment_status":"closed","ping_status":"closed","template":"","meta":{"footnotes":""},"class_list":["post-1468","page","type-page","status-publish","hentry"],"acf":[],"_links":{"self":[{"href":"https:\/\/www.imperialcasino.eu\/strazny\/wp-json\/wp\/v2\/pages\/1468","targetHints":{"allow":["GET"]}}],"collection":[{"href":"https:\/\/www.imperialcasino.eu\/strazny\/wp-json\/wp\/v2\/pages"}],"about":[{"href":"https:\/\/www.imperialcasino.eu\/strazny\/wp-json\/wp\/v2\/types\/page"}],"author":[{"embeddable":true,"href":"https:\/\/www.imperialcasino.eu\/strazny\/wp-json\/wp\/v2\/users\/1"}],"replies":[{"embeddable":true,"href":"https:\/\/www.imperialcasino.eu\/strazny\/wp-json\/wp\/v2\/comments?post=1468"}],"version-history":[{"count":0,"href":"https:\/\/www.imperialcasino.eu\/strazny\/wp-json\/wp\/v2\/pages\/1468\/revisions"}],"wp:attachment":[{"href":"https:\/\/www.imperialcasino.eu\/strazny\/wp-json\/wp\/v2\/media?parent=1468"}],"curies":[{"name":"wp","href":"https:\/\/api.w.org\/{rel}","templated":true}]}}