{"id":1490,"date":"2020-10-22T11:10:56","date_gmt":"2020-10-22T09:10:56","guid":{"rendered":"http:\/\/www.imperialcasino.eu\/strazny\/?page_id=1490"},"modified":"2021-06-04T10:49:01","modified_gmt":"2021-06-04T08:49:01","slug":"kurz-krupier","status":"publish","type":"page","link":"https:\/\/www.imperialcasino.eu\/strazny\/kurz-krupier\/","title":{"rendered":"KRUPI\u00c9RSK\u00dd KURZ"},"content":{"rendered":"<section class=\"wpb-content-wrapper\">[vc_row el_id=&#8220;kariera-popis&#8220; el_class=&#8220;kariera-popis&#8220; css=&#8220;.vc_custom_1603204898467{padding-bottom: 50px !important;}&#8220;][vc_column width=&#8220;2\/3&#8243;][vc_custom_heading text=&#8220;KRUPI\u00c9RSK\u00dd KURZ&#8220; use_theme_fonts=&#8220;yes&#8220; css=&#8220;.vc_custom_1622710384606{padding-bottom: 60px !important;}&#8220;][vc_row_inner][vc_column_inner][vc_column_text]\n<div class=\"popis\">Firma:<\/div>\n<div class=\"detail\">Imperial Casino Str\u00e1\u017en\u00fd<\/div>\n<div class=\"popis\">Kon\u00e1n\u00ed kurzu:<\/div>\n<div class=\"detail\">Str\u00e1\u017en\u00fd 18, Str\u00e1\u017en\u00fd 384 43<\/div>\n<div class=\"detail\"><\/div>\n[\/vc_column_text][vc_column_text css=&#8220;.vc_custom_1622710356509{padding-top: 50px !important;padding-bottom: 30px !important;}&#8220; el_id=&#8220;text-vypis&#8220; el_class=&#8220;text-vypis&#8220;]\n<div>Ji\u017e tradi\u010dn\u011b jako ka\u017ed\u00fd rok po\u0159\u00e1d\u00e1me KRUPI\u00c9RSK\u00dd KURZ zvl\u00e1\u0161t\u011b vhodn\u00fd pro absolventy,<\/div>\n<div>kte\u0159\u00ed tou\u017e\u00ed po nev\u0161edn\u00edm zam\u011bstn\u00e1n\u00ed s mo\u017enost\u00ed kari\u00e9rn\u00edho r\u016fstu.<\/div>\n<p>&nbsp;<\/p>\n<div>\n<p>Na nez\u00e1vazn\u00e9 sch\u016fzce r\u00e1di v\u0161em uchaze\u010d\u016fm vysv\u011btl\u00edme hlavn\u00ed pracovn\u00ed n\u00e1pl\u0148, kterou pozice KRUPI\u00c9R<br \/>\nobn\u00e1\u0161\u00ed, pr\u016fb\u011bh a p\u0159edpokl\u00e1danou dobu \u0161kolen\u00ed, pop\u0159. jin\u00e9 dotazy.<br \/>\nJedn\u00edm z hlavn\u00edch benefit\u016f v p\u0159\u00edp. n\u00e1stupu na hlavn\u00ed pracovn\u00ed pom\u011br je bezpochyby<br \/>\nz\u00edsk\u00e1n\u00ed kurzu zcela zdarma, nen\u00ed ale jedin\u00fdm.<\/p>\n<div><\/div>\n<div><\/div>\n<p>&nbsp;<\/p>\n<div>V\u00edce informac\u00ed ji\u017e na na\u0161\u00ed sch\u016fzce, s pot\u011b\u0161en\u00edm <strong>IMPERIAL CASINO TEAM\u00a0<\/strong><\/div>\n<\/div>\n[\/vc_column_text][vc_column_text][\/vc_column_text][vc_custom_heading text=&#8220;&#8220; font_container=&#8220;tag:h3|text_align:left&#8220; use_theme_fonts=&#8220;yes&#8220;][vc_column_text el_id=&#8220;text-vypis&#8220; el_class=&#8220;text-vypis&#8220;][\/vc_column_text][vc_custom_heading text=&#8220;&#8220; font_container=&#8220;tag:h3|text_align:left&#8220; use_theme_fonts=&#8220;yes&#8220; css=&#8220;.vc_custom_1622709758739{padding-top: 20px !important;}&#8220;][vc_column_text el_class=&#8220;text-vypis&#8220; el_id=&#8220;text-vypis&#8220;][\/vc_column_text][vc_custom_heading text=&#8220;&#8220; font_container=&#8220;tag:h3|text_align:left&#8220; use_theme_fonts=&#8220;yes&#8220; css=&#8220;.vc_custom_1622709742720{padding-top: 20px !important;}&#8220;][vc_column_text el_class=&#8220;text-vypis&#8220; el_id=&#8220;text-vypis&#8220;][\/vc_column_text][\/vc_column_inner][\/vc_row_inner][\/vc_column][vc_column width=&#8220;1\/3&#8243; el_id=&#8220;right-kariera&#8220; el_class=&#8220;right-kariera&#8220;][vc_row_inner][vc_column_inner][vc_empty_space][\/vc_column_inner][\/vc_row_inner][vc_row_inner][vc_column_inner css=&#8220;.vc_custom_1603202591118{padding-bottom: 50px !important;padding-left: 20px !important;background-color: #bfa146 !important;}&#8220;][vc_custom_heading text=&#8220;KONTAKTUJTE N\u00c1S&#8220; font_container=&#8220;tag:h2|text_align:left|color:%23ffffff&#8220; use_theme_fonts=&#8220;yes&#8220;][vc_column_text el_id=&#8220;text-vypis&#8220;]<span style=\"color: #ffffff;\"><strong>Adresa:<\/strong><\/span><br \/>\n<span style=\"color: #ffffff;\">Imperial Casino Str\u00e1\u017en\u00fd<\/span><br \/>\n<span style=\"color: #ffffff;\">Str\u00e1\u017en\u00fd 18<\/span><br \/>\n<span style=\"color: #ffffff;\">Str\u00e1\u017en\u00fd 384 43<\/span><\/p>\n<p><span style=\"color: #ffffff;\"><strong>Tel:<\/strong><\/span><br \/>\n<span style=\"color: #ffffff;\"><a style=\"color: #ffffff;\" href=\"tel:+420725523586\">+420 725 523 586<\/a><\/span><\/p>\n<p><span style=\"color: #ffffff;\"><strong>Email:<\/strong> <a style=\"color: #ffffff;\" href=\"mailto:denisa.kozackova@imperialcasino.eu\"> denisa.kozackova@imperialcasino.eu<\/a><\/span><\/p>\n<p><a href=\"https:\/\/www.facebook.com\/ImperialCasinoStrazny\/\" target=\"_blank\" rel=\"noopener noreferrer\"><img loading=\"lazy\" decoding=\"async\" class=\"wp-image-796 size-full alignnone\" src=\"https:\/\/www.imperialcasino.eu\/strazny\/wp-content\/uploads\/2020\/08\/facebook-white.png\" alt=\"\" width=\"35\" height=\"34\" \/><\/a> <a href=\"https:\/\/www.instagram.com\/casinoimperial\/\" target=\"_blank\" rel=\"noopener noreferrer\"><img loading=\"lazy\" decoding=\"async\" class=\"size-medium wp-image-797 alignnone\" src=\"https:\/\/www.imperialcasino.eu\/strazny\/wp-content\/uploads\/2020\/08\/instagram-white.png\" alt=\"\" width=\"35\" height=\"34\" \/><\/a>[\/vc_column_text][\/vc_column_inner][\/vc_row_inner][vc_row_inner][vc_column_inner][vc_empty_space][\/vc_column_inner][\/vc_row_inner][vc_row_inner css=&#8220;.vc_custom_1603204775015{padding-top: 20px !important;padding-bottom: 20px !important;background-color: #e6e6e6 !important;}&#8220;][vc_column_inner]<div class=\"norebro-contact-from-sc contact-form  text-left flat\"\n\tid=\"norebro-custom-69f6134fbd67d\" \n\t \n\t>\n\n\t\n<div class=\"wpcf7 no-js\" id=\"wpcf7-f3396-o1\" lang=\"cs-CZ\" dir=\"ltr\" data-wpcf7-id=\"3396\">\n<div class=\"screen-reader-response\"><p role=\"status\" aria-live=\"polite\" aria-atomic=\"true\"><\/p> <ul><\/ul><\/div>\n<form action=\"\/strazny\/wp-json\/wp\/v2\/pages\/1490#wpcf7-f3396-o1\" method=\"post\" class=\"wpcf7-form init\" aria-label=\"Kontaktn\u00ed formul\u00e1\u0159\" novalidate=\"novalidate\" data-status=\"init\">\n<fieldset class=\"hidden-fields-container\"><input type=\"hidden\" name=\"_wpcf7\" value=\"3396\" \/><input type=\"hidden\" name=\"_wpcf7_version\" value=\"6.1.5\" \/><input type=\"hidden\" name=\"_wpcf7_locale\" value=\"cs_CZ\" \/><input type=\"hidden\" name=\"_wpcf7_unit_tag\" value=\"wpcf7-f3396-o1\" \/><input type=\"hidden\" name=\"_wpcf7_container_post\" value=\"0\" \/><input type=\"hidden\" name=\"_wpcf7_posted_data_hash\" value=\"\" \/>\n<\/fieldset>\n<div class=\"form-group\">\n\t<div class=\"vc_row\">\n\t\t<div class=\"form-group vc_col-sm-6 col-sm-12 col-xs-12\">\n\t\t\t<p><label><span class=\"wpcf7-form-control-wrap\" data-name=\"jmeno\"><input size=\"40\" maxlength=\"400\" class=\"wpcf7-form-control wpcf7-text wpcf7-validates-as-required jmeno\" id=\"jmeno\" aria-required=\"true\" aria-invalid=\"false\" placeholder=\"Jm\u00e9no\" value=\"\" type=\"text\" name=\"jmeno\" \/><\/span><\/label>\n\t\t\t<\/p>\n\t\t<\/div>\n\t\t<div class=\"form-group vc_col-sm-6 col-sm-12 col-xs-12\">\n\t\t\t<p><label><span class=\"wpcf7-form-control-wrap\" data-name=\"prijmeni\"><input size=\"40\" maxlength=\"400\" class=\"wpcf7-form-control wpcf7-text wpcf7-validates-as-required prijmeni\" id=\"prijmeni\" aria-required=\"true\" aria-invalid=\"false\" placeholder=\"P\u0159\u00edjmen\u00ed\" value=\"\" type=\"text\" name=\"prijmeni\" \/><\/span><\/label>\n\t\t\t<\/p>\n\t\t<\/div>\n\t<\/div>\n\t<div class=\"vc_row\">\n\t\t<div class=\"form-group vc_col-sm-6 col-sm-12 col-xs-12\">\n\t\t\t<p><label><span class=\"wpcf7-form-control-wrap\" data-name=\"your-email\"><input size=\"40\" maxlength=\"400\" class=\"wpcf7-form-control wpcf7-email wpcf7-validates-as-required wpcf7-text wpcf7-validates-as-email email\" id=\"email\" aria-required=\"true\" aria-invalid=\"false\" placeholder=\"Email\" value=\"\" type=\"email\" name=\"your-email\" \/><\/span><\/label>\n\t\t\t<\/p>\n\t\t<\/div>\n\t\t<div class=\"form-group vc_col-sm-6 col-sm-12 col-xs-12\">\n\t\t\t<p><label><span class=\"wpcf7-form-control-wrap\" data-name=\"telefon\"><input size=\"40\" maxlength=\"400\" class=\"wpcf7-form-control wpcf7-tel wpcf7-text wpcf7-validates-as-tel telefon\" id=\"telefon\" aria-invalid=\"false\" placeholder=\"Telefon\" value=\"\" type=\"tel\" name=\"telefon\" \/><\/span><\/label>\n\t\t\t<\/p>\n\t\t<\/div>\n\t<\/div>\n<\/div>\n<p><span class=\"wpcf7-form-control-wrap\" data-name=\"your-message\"><textarea cols=\"10\" rows=\"3\" maxlength=\"2000\" class=\"wpcf7-form-control wpcf7-textarea\" aria-invalid=\"false\" placeholder=\"V\u00e1\u0161 text...\" name=\"your-message\"><\/textarea><\/span>\n<\/p>\n<p><span class=\"wpcf7-form-control-wrap\" data-name=\"souhlas\"><span class=\"wpcf7-form-control wpcf7-acceptance optional\"><span class=\"wpcf7-list-item\"><input type=\"checkbox\" name=\"souhlas\" value=\"1\" id=\"souhlas\" aria-invalid=\"false\" \/><\/span><\/span><\/span> Souhlas\u00edm se zpracov\u00e1n\u00edm osobn\u00edch \u00fadaj\u016f\n<\/p>\n<p><input class=\"wpcf7-form-control wpcf7-submit has-spinner\" type=\"submit\" value=\"Odeslat\" \/>\n<\/p><input type='hidden' class='wpcf7-pum' value='{\"closepopup\":false,\"closedelay\":0,\"openpopup\":false,\"openpopup_id\":0}' \/><div class=\"wpcf7-response-output\" aria-hidden=\"true\"><\/div>\n<\/form>\n<\/div>\n\n\t<div class=\"hidden\" data-contact-btn=\"true\">\n\t\t<button class=\"btn \">\n\t\t\t<span class=\"btn-load\"><\/span>\n\t\t\t<span class=\"text\"><\/span>\n\t\t<\/button>\n\t<\/div>\n<\/div>[\/vc_column_inner][\/vc_row_inner][\/vc_column][\/vc_row][vc_row][vc_column][vc_column_text]\n[\/vc_column_text][\/vc_column][\/vc_row]\n<\/section>","protected":false},"excerpt":{"rendered":"<p>[vc_row el_id=&#8220;kariera-popis&#8220; el_class=&#8220;kariera-popis&#8220; css=&#8220;.vc_custom_1603204898467{padding-bottom: 50px !important;}&#8220;][vc_column width=&#8220;2\/3&#8243;][vc_custom_heading text=&#8220;KRUPI\u00c9RSK\u00dd KURZ&#8220; use_theme_fonts=&#8220;yes&#8220; css=&#8220;.vc_custom_1622710384606{padding-bottom: 60px !important;}&#8220;][vc_row_inner][vc_column_inner][vc_column_text] Firma:&#8230;<\/p>\n","protected":false},"author":1,"featured_media":0,"parent":0,"menu_order":0,"comment_status":"closed","ping_status":"closed","template":"","meta":{"footnotes":""},"class_list":["post-1490","page","type-page","status-publish","hentry"],"acf":[],"_links":{"self":[{"href":"https:\/\/www.imperialcasino.eu\/strazny\/wp-json\/wp\/v2\/pages\/1490","targetHints":{"allow":["GET"]}}],"collection":[{"href":"https:\/\/www.imperialcasino.eu\/strazny\/wp-json\/wp\/v2\/pages"}],"about":[{"href":"https:\/\/www.imperialcasino.eu\/strazny\/wp-json\/wp\/v2\/types\/page"}],"author":[{"embeddable":true,"href":"https:\/\/www.imperialcasino.eu\/strazny\/wp-json\/wp\/v2\/users\/1"}],"replies":[{"embeddable":true,"href":"https:\/\/www.imperialcasino.eu\/strazny\/wp-json\/wp\/v2\/comments?post=1490"}],"version-history":[{"count":0,"href":"https:\/\/www.imperialcasino.eu\/strazny\/wp-json\/wp\/v2\/pages\/1490\/revisions"}],"wp:attachment":[{"href":"https:\/\/www.imperialcasino.eu\/strazny\/wp-json\/wp\/v2\/media?parent=1490"}],"curies":[{"name":"wp","href":"https:\/\/api.w.org\/{rel}","templated":true}]}}