{"id":2144,"date":"2020-11-25T12:11:05","date_gmt":"2020-11-25T11:11:05","guid":{"rendered":"http:\/\/www.imperialcasino.eu\/strazny\/?page_id=2144"},"modified":"2022-06-23T08:40:59","modified_gmt":"2022-06-23T06:40:59","slug":"aktion","status":"publish","type":"page","link":"https:\/\/www.imperialcasino.eu\/strazny\/de\/aktion\/","title":{"rendered":"EVENTS"},"content":{"rendered":"<section class=\"wpb-content-wrapper\">[vc_row equal_height=&#8220;yes&#8220; content_placement=&#8220;middle&#8220; el_id=&#8220;akce&#8220; el_class=&#8220;akce&#8220;][vc_column width=&#8220;2\/5&#8243;][vc_custom_heading text=&#8220;EVENTS&#8220; font_container=&#8220;tag:h1|text_align:left&#8220; use_theme_fonts=&#8220;yes&#8220; el_id=&#8220;hlavni-nadpis&#8220; el_class=&#8220;hlavni-nadpis&#8220;][\/vc_column][vc_column width=&#8220;3\/5&#8243;][vc_column_text el_class=&#8220;suroviny&#8220;]ERLEBEN SIE EINEN SPEKTATUL\u00c4REN SAMSTAGABEND. JEDES WOCHENENDE HABEN WIR F\u00dcR SIE EIN SPANNENDES UNTERHALTUNGSPROGRAMM MIT ZUS\u00c4TZLICHEN GEWINNEN VORBEREITET.[\/vc_column_text][\/vc_column][\/vc_row][vc_row full_width=&#8220;stretch_row&#8220; el_id=&#8220;top-akce&#8220;][vc_column][vc_row_inner][vc_column_inner el_class=&#8220;swiper-container&#8220;]<div class=\"eventer-dynamic-list-set\" id=\"eventer-dynamic-filters-820536\"><div class=\"eventer eventer-dynamic-listings-main eventer-grid eventer-grid-plain eventer-grid-col3\"  data-shortcode=\"{&quot;ids&quot;:&quot;&quot;,&quot;terms_cats&quot;:&quot;&quot;,&quot;terms_tags&quot;:&quot;&quot;,&quot;terms_venue&quot;:&quot;&quot;,&quot;terms_organizer&quot;:&quot;&quot;,&quot;type&quot;:&quot;&quot;,&quot;status&quot;:&quot;future&quot;,&quot;lang&quot;:&quot;cs&quot;,&quot;series&quot;:&quot;&quot;,&quot;layout&quot;:&quot;plain&quot;,&quot;background&quot;:&quot;3&quot;,&quot;column&quot;:&quot;3&quot;,&quot;path&quot;:&quot;&quot;,&quot;venue&quot;:&quot;&quot;,&quot;filters&quot;:&quot;&quot;,&quot;month_filter&quot;:&quot;&quot;,&quot;name&quot;:&quot;eventer_grid&quot;,&quot;calview&quot;:&quot;&quot;,&quot;pagination&quot;:&quot;&quot;,&quot;ajax&quot;:&quot;&quot;,&quot;pass&quot;:&quot;&quot;,&quot;carousel&quot;:&quot;yes,3000,yes,yes,no&quot;,&quot;occurrence&quot;:&quot;&quot;,&quot;featured&quot;:&quot;&quot;,&quot;count&quot;:&quot;3&quot;,&quot;event_until&quot;:&quot;1&quot;}\"><div class=\"eventer-grid\"><div class=\"eventer-loader-wrap\" style=\"display:none\"><div class=\"eventer-loader\"><\/div><\/div><ul class=\"equah\"><li class=\"eventer-event-item eventer-event-grid-item eventer-event-grid-item-plain \"><a href=\"\/strazny\/nase-akce\/\" class=\"eventer-event-grid-item-inside eventer-event-item-link equah-item\" style=\"border-left-color:\">\n<div class=\"event-images\"><span class=\"eventer-event-image-new\" style=\"background-image:url(https:\/\/www.imperialcasino.eu\/strazny\/wp-content\/uploads\/2026\/02\/0503_LUCKY-THURSDAY_1280x720PX-1024x576.jpg);\"><\/span><div class=\"eventer-event-image-big\" style=\"display: none;\"><img decoding=\"async\" src=\" https:\/\/www.imperialcasino.eu\/strazny\/wp-content\/uploads\/2026\/02\/0503_LUCKY-THURSDAY_1280x720PX-1024x576.jpg\" alt=\"akce obrazek\" width=\"\" height=\"\"><\/div><\/div><span class=\"eventer-event-details-content\">\n    <hr>\n    <span class=\"eventer-event-date\">\n    <!--<span class=\"eventer-event-month\">2026-04-16 8:00<\/span>-->\n    <span class=\"eventer-event-day \">16 \/ <\/span> \n                <span class=\"eventer-event-month\">04<\/span>\n    <!--<span class=\"eventer-event-time\">8:00 - 21:00<\/span>-->\n<\/span>\n<span class=\"eventer-event-details \">\n    <span class=\"eventer-event-title\"><span class=\"eventer-event-title\">Lucky Thursday Bonus <\/span><\/span>\n            <span class=\"eventer-event-time\">8:00 - 21:00<\/span>\n<\/span>\n    \n<span class=\"eventer-event-more\"> Detail <\/span>\n\n    \n    <\/span>\n\n\n \n\n\n<\/a>\n\n\n<\/li><li class=\"eventer-event-item eventer-event-grid-item eventer-event-grid-item-plain \"><a href=\"\/strazny\/nase-akce\/\" class=\"eventer-event-grid-item-inside eventer-event-item-link equah-item\" style=\"border-left-color:\">\n<div class=\"event-images\"><span class=\"eventer-event-image-new\" style=\"background-image:url(https:\/\/www.imperialcasino.eu\/strazny\/wp-content\/uploads\/2026\/03\/1804_JACKPOT-PARTY_1280X720PX-1024x576.jpg);\"><\/span><div class=\"eventer-event-image-big\" style=\"display: none;\"><img decoding=\"async\" src=\" https:\/\/www.imperialcasino.eu\/strazny\/wp-content\/uploads\/2026\/03\/1804_JACKPOT-PARTY_1280X720PX-1024x576.jpg\" alt=\"akce obrazek\" width=\"\" height=\"\"><\/div><\/div><span class=\"eventer-event-details-content\">\n    <hr>\n    <span class=\"eventer-event-date\">\n    <!--<span class=\"eventer-event-month\">18. 4. 2026 - 19. 4. 2026<\/span>-->\n    <span class=\"eventer-event-day \">18 \/ <\/span> \n                <span class=\"eventer-event-month\">04<\/span>\n    <!--<span class=\"eventer-event-time\">19:00 - 2:00<\/span>-->\n<\/span>\n<span class=\"eventer-event-details \">\n    <span class=\"eventer-event-title\"><span class=\"eventer-event-title\">Jackpot Party <\/span><\/span>\n            <span class=\"eventer-event-time\">19:00 - 2:00<\/span>\n<\/span>\n    \n<span class=\"eventer-event-more\"> Detail <\/span>\n\n    \n    <\/span>\n\n\n \n\n\n<\/a>\n\n\n<\/li><li class=\"eventer-event-item eventer-event-grid-item eventer-event-grid-item-plain \"><a href=\"\/strazny\/nase-akce\/\" class=\"eventer-event-grid-item-inside eventer-event-item-link equah-item\" style=\"border-left-color:\">\n<div class=\"event-images\"><span class=\"eventer-event-image-new\" style=\"background-image:url(https:\/\/www.imperialcasino.eu\/strazny\/wp-content\/uploads\/2026\/02\/0103_HAPPY-SUNDAY_1280x720PX-1024x576.jpg);\"><\/span><div class=\"eventer-event-image-big\" style=\"display: none;\"><img decoding=\"async\" src=\" https:\/\/www.imperialcasino.eu\/strazny\/wp-content\/uploads\/2026\/02\/0103_HAPPY-SUNDAY_1280x720PX-1024x576.jpg\" alt=\"akce obrazek\" width=\"\" height=\"\"><\/div><\/div><span class=\"eventer-event-details-content\">\n    <hr>\n    <span class=\"eventer-event-date\">\n    <!--<span class=\"eventer-event-month\">2026-04-19 12:00<\/span>-->\n    <span class=\"eventer-event-day \">19 \/ <\/span> \n                <span class=\"eventer-event-month\">04<\/span>\n    <!--<span class=\"eventer-event-time\">12:00 - 21:00<\/span>-->\n<\/span>\n<span class=\"eventer-event-details \">\n    <span class=\"eventer-event-title\"><span class=\"eventer-event-title\">Happy Sunday Bonus <\/span><\/span>\n            <span class=\"eventer-event-time\">12:00 - 21:00<\/span>\n<\/span>\n    \n<span class=\"eventer-event-more\"> Detail <\/span>\n\n    \n    <\/span>\n\n\n \n\n\n<\/a>\n\n\n<\/li><\/ul><\/div><\/div><\/div>[\/vc_column_inner][\/vc_row_inner][\/vc_column][\/vc_row][vc_row css=&#8220;.vc_custom_1604396489389{padding-top: 40px !important;padding-bottom: 30px !important;}&#8220; el_id=&#8220;middle-akce&#8220;][vc_column][vc_custom_heading text=&#8220;AKTUELLE PROMOEVENTS&#8220; font_container=&#8220;tag:h3|text_align:left|color:%23bfa146&#8243; use_theme_fonts=&#8220;yes&#8220; css=&#8220;.vc_custom_1608631059963{margin-bottom: 30px !important;}&#8220; el_class=&#8220;title-akce&#8220;][\/vc_column][\/vc_row][vc_row el_id=&#8220;promo-akce&#8220;][vc_column]<div class=\"eventer-dynamic-list-set\" id=\"eventer-dynamic-filters-669493\"><div class=\"eventer eventer-dynamic-listings-main eventer-grid eventer-grid-plain eventer-grid-col2\"  data-shortcode=\"{&quot;ids&quot;:&quot;&quot;,&quot;terms_cats&quot;:&quot;45&quot;,&quot;terms_tags&quot;:&quot;&quot;,&quot;terms_venue&quot;:&quot;&quot;,&quot;terms_organizer&quot;:&quot;&quot;,&quot;type&quot;:&quot;&quot;,&quot;status&quot;:&quot;future&quot;,&quot;lang&quot;:&quot;cs&quot;,&quot;series&quot;:&quot;&quot;,&quot;layout&quot;:&quot;plain&quot;,&quot;background&quot;:&quot;3&quot;,&quot;column&quot;:&quot;2&quot;,&quot;path&quot;:&quot;&quot;,&quot;venue&quot;:&quot;&quot;,&quot;filters&quot;:&quot;&quot;,&quot;month_filter&quot;:&quot;&quot;,&quot;name&quot;:&quot;eventer_grid&quot;,&quot;calview&quot;:&quot;&quot;,&quot;pagination&quot;:&quot;&quot;,&quot;ajax&quot;:&quot;&quot;,&quot;pass&quot;:&quot;&quot;,&quot;carousel&quot;:&quot;yes,3000,yes,yes,no&quot;,&quot;occurrence&quot;:&quot;&quot;,&quot;featured&quot;:&quot;&quot;,&quot;count&quot;:&quot;2&quot;,&quot;event_until&quot;:&quot;1&quot;}\"><div class=\"eventer-grid\"><div class=\"eventer-loader-wrap\" style=\"display:none\"><div class=\"eventer-loader\"><\/div><\/div><div class=\"eventer-no-event-found\">Sorry, but we did not found any event to show here.<\/div><\/div><\/div><\/div>[\/vc_column][\/vc_row]\n<\/section>","protected":false},"excerpt":{"rendered":"<p>[vc_row equal_height=&#8220;yes&#8220; content_placement=&#8220;middle&#8220; el_id=&#8220;akce&#8220; el_class=&#8220;akce&#8220;][vc_column width=&#8220;2\/5&#8243;][vc_custom_heading text=&#8220;EVENTS&#8220; font_container=&#8220;tag:h1|text_align:left&#8220; use_theme_fonts=&#8220;yes&#8220; el_id=&#8220;hlavni-nadpis&#8220; el_class=&#8220;hlavni-nadpis&#8220;][\/vc_column][vc_column width=&#8220;3\/5&#8243;][vc_column_text el_class=&#8220;suroviny&#8220;]ERLEBEN SIE&#8230;<\/p>\n","protected":false},"author":1,"featured_media":0,"parent":0,"menu_order":0,"comment_status":"closed","ping_status":"closed","template":"","meta":{"footnotes":""},"class_list":["post-2144","page","type-page","status-publish","hentry"],"acf":[],"_links":{"self":[{"href":"https:\/\/www.imperialcasino.eu\/strazny\/wp-json\/wp\/v2\/pages\/2144","targetHints":{"allow":["GET"]}}],"collection":[{"href":"https:\/\/www.imperialcasino.eu\/strazny\/wp-json\/wp\/v2\/pages"}],"about":[{"href":"https:\/\/www.imperialcasino.eu\/strazny\/wp-json\/wp\/v2\/types\/page"}],"author":[{"embeddable":true,"href":"https:\/\/www.imperialcasino.eu\/strazny\/wp-json\/wp\/v2\/users\/1"}],"replies":[{"embeddable":true,"href":"https:\/\/www.imperialcasino.eu\/strazny\/wp-json\/wp\/v2\/comments?post=2144"}],"version-history":[{"count":0,"href":"https:\/\/www.imperialcasino.eu\/strazny\/wp-json\/wp\/v2\/pages\/2144\/revisions"}],"wp:attachment":[{"href":"https:\/\/www.imperialcasino.eu\/strazny\/wp-json\/wp\/v2\/media?parent=2144"}],"curies":[{"name":"wp","href":"https:\/\/api.w.org\/{rel}","templated":true}]}}