{"id":2167,"date":"2020-11-25T12:25:03","date_gmt":"2020-11-25T11:25:03","guid":{"rendered":"http:\/\/www.imperialcasino.eu\/strazny\/?page_id=2167"},"modified":"2026-02-18T10:33:57","modified_gmt":"2026-02-18T09:33:57","slug":"hotel-en","status":"publish","type":"page","link":"https:\/\/www.imperialcasino.eu\/strazny\/en\/hotel-en\/","title":{"rendered":"Hotel"},"content":{"rendered":"<section class=\"wpb-content-wrapper\">[vc_row el_id=&#8220;hotel&#8220; el_class=&#8220;hotel&#8220; css=&#8220;.vc_custom_1599561140487{padding-bottom: 70px !important;}&#8220;][vc_column width=&#8220;1\/2&#8243;][vc_custom_heading text=&#8220;HOTEL&#8220; font_container=&#8220;tag:h1|text_align:left&#8220; use_theme_fonts=&#8220;yes&#8220; el_class=&#8220;hlavni-nadpis&#8220;][vc_column_text]\n<div class=\"suroviny\">LUXURY AND COMFORT WILL ENGULF YOU<\/div>\n[\/vc_column_text][\/vc_column][vc_column width=&#8220;1\/2&#8243; css=&#8220;.vc_custom_1599564196579{padding-top: 50px !important;}&#8220;][vc_single_image image=&#8220;733&#8243; img_size=&#8220;&#8220;][vc_raw_html]JTNDZGl2JTIwc3R5bGUlM0QlMjIlMEElMjAlMjAlMjAlMjBkaXNwbGF5JTNBZmxleCUzQiUwQSUyMCUyMCUyMCUyMGFsaWduLWl0ZW1zJTNBY2VudGVyJTNCJTBBJTIwJTIwJTIwJTIwZ2FwJTNBMThweCUzQiUwQSUyMCUyMCUyMCUyMGZsZXgtd3JhcCUzQXdyYXAlM0IlMEElMjIlM0UlMEElMjAlMjAlMjAlMjAlM0NhJTIwaHJlZiUzRCUyMmh0dHBzJTNBJTJGJTJGd3d3LmltcGVyaWFsY2FzaW5vLmV1JTJGc3RyYXpueSUyRndwLWNvbnRlbnQlMkZ1cGxvYWRzJTJGcGRmJTJGaG90ZWwtc3RyYXpueS1jcnQucGRmJTIyJTIwJTBBJTIwJTIwJTIwJTIwJTIwJTIwJTIwdGFyZ2V0JTNEJTIyX2JsYW5rJTIyJTIwcmVsJTNEJTIybm9vcGVuZXIlMjIlM0UlMEElMjAlMjAlMjAlMjAlMjAlMjAlMjAlMjAlM0NpbWclMjBzcmMlM0QlMjIlMkZzdHJhem55JTJGd3AtY29udGVudCUyRnVwbG9hZHMlMkYyMDI1JTJGMTElMkZzdHJhem55LWNlcnQtMTUweDE1MC5wbmclMjIlMEElMjAlMjAlMjAlMjAlMjAlMjAlMjAlMjAlMjAlMjAlMjAlMjAlMjBhbHQlM0QlMjJIb3RlbCUyMFN0YXJzJTIwVW5pb24lMjIlMEElMjAlMjAlMjAlMjAlMjAlMjAlMjAlMjAlMjAlMjAlMjAlMjAlMjBzdHlsZSUzRCUyMmhlaWdodCUzQTEyMHB4JTNCd2lkdGglM0FhdXRvJTNCZGlzcGxheSUzQWJsb2NrJTNCJTIyJTNFJTBBJTIwJTIwJTIwJTIwJTNDJTJGYSUzRSUwQSUwQSUyMCUyMCUyMCUyMCUzQ2ElMjBocmVmJTNEJTIyaHR0cHMlM0ElMkYlMkZ3d3cuaW1wZXJpYWxjYXNpbm8uZXUlMkZzdHJhem55JTJGd3AtY29udGVudCUyRnVwbG9hZHMlMkZwZGYlMkYyNjI2LWFwZXgtaG90ZWwucGRmJTIyJTBBJTIwJTIwJTIwJTIwJTIwJTIwJTIwdGFyZ2V0JTNEJTIyX2JsYW5rJTIyJTIwcmVsJTNEJTIybm9vcGVuZXIlMjIlM0UlMEElMjAlMjAlMjAlMjAlMjAlMjAlMjAlMjAlM0NpbWclMjBzcmMlM0QlMjIlMkZzdHJhem55JTJGd3AtY29udGVudCUyRnVwbG9hZHMlMkYyMDIwJTJGMDklMkZhaGxyLWxvZ28tMzQweDg2LnBuZyUyMiUwQSUyMCUyMCUyMCUyMCUyMCUyMCUyMCUyMCUyMCUyMCUyMCUyMCUyMGFsdCUzRCUyMkFIUiUyMCVDNCU4Q1IlMjIlMEElMjAlMjAlMjAlMjAlMjAlMjAlMjAlMjAlMjAlMjAlMjAlMjAlMjBzdHlsZSUzRCUyMmhlaWdodCUzQTgwcHglM0J3aWR0aCUzQWF1dG8lM0JkaXNwbGF5JTNBYmxvY2slM0IlMjIlM0UlMEElMjAlMjAlMjAlMjAlM0MlMkZhJTNFJTBBJTNDJTJGZGl2JTNFJTBB[\/vc_raw_html][\/vc_column][\/vc_row][vc_row content_placement=&#8220;middle&#8220; el_id=&#8220;hotel-obsah&#8220; el_class=&#8220;jidelni-listek&#8220; css=&#8220;.vc_custom_1600864947385{padding-bottom: 117px !important;}&#8220;][vc_column width=&#8220;1\/2&#8243; el_class=&#8220;box-mezera&#8220;][vc_column_text el_class=&#8220;text-mezera&#8220;]The 4-star hotel is part of a casino located in the bordertown of Str\u00e1\u017en\u00fd.<br \/>\nTake the full advantage of this location, hiking during the day right in the heart of the national park and at night, endless entertainment in the form of live games or plentiful number of slot machines. Themed evenings are already a tradition, and everyone is able to choose from the vast variety on offer.[\/vc_column_text][\/vc_column][vc_column width=&#8220;1\/2&#8243; css=&#8220;.vc_custom_1600865196336{margin-top: 20px !important;margin-bottom: 20px !important;}&#8220; el_id=&#8220;box-cena&#8220; el_class=&#8220;box-cena&#8220;][vc_row_inner el_id=&#8220;box-hotel&#8220; el_class=&#8220;box-hotel&#8220; css=&#8220;.vc_custom_1600864582669{margin-bottom: 30px !important;}&#8220;][vc_column_inner el_class=&#8220;left&#8220; width=&#8220;1\/2&#8243; css=&#8220;.vc_custom_1600865225147{padding-top: 0px !important;}&#8220;][vc_column_text]\n<p style=\"text-align: center;\"><span style=\"color: #ffffff;\">ROOMS<\/span><\/p>\n<div class=\"pocet-pokoju\" style=\"text-align: center;\">14<\/div>\n[\/vc_column_text][\/vc_column_inner][vc_column_inner width=&#8220;1\/2&#8243;][vc_column_text]\n<p style=\"text-align: center;\"><span style=\"color: #ffffff;\">PRICE FROM<\/span><\/p>\n<div class=\"cena-pokoje\" style=\"text-align: center;\">60\u20ac<\/div>\n[\/vc_column_text][\/vc_column_inner][\/vc_row_inner][vc_row_inner el_id=&#8220;balik&#8220;][vc_column_inner]<div class=\"norebro-button-sc btn-wrap text-center\" \n\tid=\"norebro-custom-69dc28cf96f85\"\n\t \n\t>\n\n\t<a href=\"https:\/\/www.imperialcasino.eu\/strazny\/en\/reservation\/\" \n\t\tclass=\"btn  btn-outline tlacitko-balicky\">\n\n\t\t\n\t\t<span class=\"text\">\n\t\t\tRESERVATION\t\t<\/span>\n\n\t\t\n\t\t\t<\/a>\n\n<\/div>[\/vc_column_inner][\/vc_row_inner][\/vc_column][\/vc_row][vc_row full_width=&#8220;stretch_row&#8220; el_id=&#8220;restuarace-galerie&#8220; el_class=&#8220;restuarace-galerie&#8220;][vc_column][vc_row_inner equal_height=&#8220;yes&#8220; css=&#8220;.vc_custom_1600079486859{margin-top: 0px !important;}&#8220;][vc_column_inner width=&#8220;1\/3&#8243; css=&#8220;.vc_custom_1599559555329{padding-right: 0px !important;padding-left: 0px !important;}&#8220;][vc_single_image image=&#8220;745&#8243; img_size=&#8220;full&#8220; alignment=&#8220;center&#8220;][\/vc_column_inner][vc_column_inner width=&#8220;1\/3&#8243; css=&#8220;.vc_custom_1599559644948{padding-right: 0px !important;padding-left: 0px !important;}&#8220;][vc_single_image image=&#8220;746&#8243; img_size=&#8220;full&#8220; alignment=&#8220;center&#8220;][\/vc_column_inner][vc_column_inner width=&#8220;1\/3&#8243; css=&#8220;.vc_custom_1599559638381{padding-right: 0px !important;padding-left: 0px !important;}&#8220;][vc_single_image image=&#8220;747&#8243; img_size=&#8220;full&#8220; alignment=&#8220;center&#8220;][\/vc_column_inner][\/vc_row_inner][\/vc_column][\/vc_row][vc_row full_width=&#8220;stretch_row&#8220; equal_height=&#8220;yes&#8220; css=&#8220;.vc_custom_1600081321611{margin-top: 0px !important;padding-bottom: 100px !important;background-color: #e6e6e6 !important;}&#8220; el_class=&#8220;restuarace-galerie&#8220;][vc_column][vc_row_inner equal_height=&#8220;yes&#8220;][vc_column_inner width=&#8220;1\/3&#8243; css=&#8220;.vc_custom_1599559555329{padding-right: 0px !important;padding-left: 0px !important;}&#8220;][vc_single_image image=&#8220;748&#8243; img_size=&#8220;full&#8220; alignment=&#8220;center&#8220;][\/vc_column_inner][vc_column_inner width=&#8220;1\/3&#8243; css=&#8220;.vc_custom_1600079853570{padding-bottom: 47px !important;padding-left: 40px !important;background-color: #ffffff !important;}&#8220;][vc_separator color=&#8220;custom&#8220; align=&#8220;align_left&#8220; el_width=&#8220;20&#8243; accent_color=&#8220;#bfa146&#8243; css=&#8220;.vc_custom_1600079788431{padding-top: 20px !important;}&#8220;][vc_column_text]\n<div class=\"spokojenost\" style=\"text-align: left;\">YOUR SATISFACTION<br \/>\nIS OUR NUMBER ONE PRIORITY.<\/div>\n[\/vc_column_text][\/vc_column_inner][vc_column_inner width=&#8220;1\/3&#8243; css=&#8220;.vc_custom_1599559638381{padding-right: 0px !important;padding-left: 0px !important;}&#8220;][vc_single_image image=&#8220;749&#8243; img_size=&#8220;full&#8220; alignment=&#8220;center&#8220;][\/vc_column_inner][\/vc_row_inner][\/vc_column][\/vc_row]\n<\/section>","protected":false},"excerpt":{"rendered":"<p>[vc_row el_id=&#8220;hotel&#8220; el_class=&#8220;hotel&#8220; css=&#8220;.vc_custom_1599561140487{padding-bottom: 70px !important;}&#8220;][vc_column width=&#8220;1\/2&#8243;][vc_custom_heading text=&#8220;HOTEL&#8220; font_container=&#8220;tag:h1|text_align:left&#8220; use_theme_fonts=&#8220;yes&#8220; el_class=&#8220;hlavni-nadpis&#8220;][vc_column_text] LUXURY AND COMFORT&#8230;<\/p>\n","protected":false},"author":1,"featured_media":0,"parent":0,"menu_order":0,"comment_status":"closed","ping_status":"closed","template":"","meta":{"footnotes":""},"class_list":["post-2167","page","type-page","status-publish","hentry"],"acf":[],"_links":{"self":[{"href":"https:\/\/www.imperialcasino.eu\/strazny\/wp-json\/wp\/v2\/pages\/2167","targetHints":{"allow":["GET"]}}],"collection":[{"href":"https:\/\/www.imperialcasino.eu\/strazny\/wp-json\/wp\/v2\/pages"}],"about":[{"href":"https:\/\/www.imperialcasino.eu\/strazny\/wp-json\/wp\/v2\/types\/page"}],"author":[{"embeddable":true,"href":"https:\/\/www.imperialcasino.eu\/strazny\/wp-json\/wp\/v2\/users\/1"}],"replies":[{"embeddable":true,"href":"https:\/\/www.imperialcasino.eu\/strazny\/wp-json\/wp\/v2\/comments?post=2167"}],"version-history":[{"count":72,"href":"https:\/\/www.imperialcasino.eu\/strazny\/wp-json\/wp\/v2\/pages\/2167\/revisions"}],"predecessor-version":[{"id":6415,"href":"https:\/\/www.imperialcasino.eu\/strazny\/wp-json\/wp\/v2\/pages\/2167\/revisions\/6415"}],"wp:attachment":[{"href":"https:\/\/www.imperialcasino.eu\/strazny\/wp-json\/wp\/v2\/media?parent=2167"}],"curies":[{"name":"wp","href":"https:\/\/api.w.org\/{rel}","templated":true}]}}