{"id":2171,"date":"2020-11-25T12:27:31","date_gmt":"2020-11-25T11:27:31","guid":{"rendered":"http:\/\/www.imperialcasino.eu\/strazny\/?page_id=2171"},"modified":"2021-02-24T14:47:44","modified_gmt":"2021-02-24T13:47:44","slug":"kariera-en","status":"publish","type":"page","link":"https:\/\/www.imperialcasino.eu\/strazny\/en\/kariera-en\/","title":{"rendered":"Kari\u00e9ra en"},"content":{"rendered":"<section class=\"wpb-content-wrapper\">[vc_row el_id=&#8220;kariera&#8220; el_class=&#8220;kariera&#8220; css=&#8220;.vc_custom_1603196383911{padding-bottom: 50px !important;}&#8220;][vc_column][vc_custom_heading text=&#8220;KARI\u00c9RA&#8220; font_container=&#8220;tag:h1|text_align:left&#8220; use_theme_fonts=&#8220;yes&#8220; el_class=&#8220;hlavni-nadpis restaurace&#8220;][vc_column_text]\n<div class=\"suroviny\">HLED\u00c1ME NOV\u00c9 KOLEGY DO NA\u0160EHO T\u00ddMU.<\/div>\n[\/vc_column_text][\/vc_column][\/vc_row][vc_row disable_element=&#8220;yes&#8220; el_id=&#8220;kariera-banner&#8220; css=&#8220;.vc_custom_1603458540661{padding-bottom: 50px !important;}&#8220;][vc_column width=&#8220;1\/3&#8243;]<div class=\"norebro-banner-box-sc banner-box\"\n\tid=\"norebro-custom-69d3df6d5f9e0\"\n\t\t>\n\n\t\t\t<div class=\"image-wrap\">\n\t\t\t<img decoding=\"async\" src=\"https:\/\/www.imperialcasino.eu\/strazny\/wp-content\/uploads\/2020\/10\/banner-kariera.jpg\" alt=\"KRUPI\u00c9R\/KA\">\n\t\t\t<div class=\"overlay default\">\n\t\t\t\t\t\t\t\t<a class=\"btn btn-white btn-small btn-outline\" href=\"\/krupier-ka\/\">\n\t\t\t\t\tV\u00cdCE\t\t\t\t\t\t\t\t\t<\/a>\n\t\t\t\t\t\t\t<\/div>\n\t\t<\/div>\n\t\t<div class=\"content\">\n\n\t\t\t<div class=\"title-wrap\">\n\t\t\t\t<h4>KRUPI\u00c9R\/KA<\/h4>\n\t\t\t\t\t\t\t<\/div>\n\n\t\t\t<div class=\"description-wrap\">\n\t\t\t\t<p class=\"description\">Zaj\u00edmavou pr\u00e1ci v \u010desk\u00e9, dynamicky se rozv\u00edjej\u00edc\u00ed spole\u010dnosti v centru \u010cesk\u00fdch Bud\u011bjovic<\/p>\n\n\t\t\t\t\t\t\t<\/div>\n\n\t\t<\/div>\n\t\n<\/div>\n[\/vc_column][vc_column width=&#8220;1\/3&#8243;]<div class=\"norebro-banner-box-sc banner-box\"\n\tid=\"norebro-custom-69d3df6d5fd67\"\n\t\t>\n\n\t\t\t<div class=\"image-wrap\">\n\t\t\t<img decoding=\"async\" src=\"https:\/\/www.imperialcasino.eu\/strazny\/wp-content\/uploads\/2020\/10\/banner-kariera.jpg\" alt=\"RECEP\u010cN\u00cd\">\n\t\t\t<div class=\"overlay default\">\n\t\t\t\t\t\t\t\t<a class=\"btn btn-white btn-small btn-outline\" href=\"\/recepcni\/\">\n\t\t\t\t\tV\u00cdCE\t\t\t\t\t\t\t\t\t<\/a>\n\t\t\t\t\t\t\t<\/div>\n\t\t<\/div>\n\t\t<div class=\"content\">\n\n\t\t\t<div class=\"title-wrap\">\n\t\t\t\t<h4>RECEP\u010cN\u00cd<\/h4>\n\t\t\t\t\t\t\t<\/div>\n\n\t\t\t<div class=\"description-wrap\">\n\t\t\t\t<p class=\"description\">Zaj\u00edmavou pr\u00e1ci v \u010desk\u00e9, dynamicky se rozv\u00edjej\u00edc\u00ed spole\u010dnosti v centru \u010cesk\u00fdch Bud\u011bjovic<\/p>\n\n\t\t\t\t\t\t\t<\/div>\n\n\t\t<\/div>\n\t\n<\/div>\n[\/vc_column][vc_column width=&#8220;1\/3&#8243;]<div class=\"norebro-banner-box-sc banner-box\"\n\tid=\"norebro-custom-69d3df6d5feb2\"\n\t\t>\n\n\t\t\t<div class=\"image-wrap\">\n\t\t\t<img decoding=\"async\" src=\"https:\/\/www.imperialcasino.eu\/strazny\/wp-content\/uploads\/2020\/10\/banner-kariera.jpg\" alt=\"MANAGER\">\n\t\t\t<div class=\"overlay default\">\n\t\t\t\t\t\t\t\t<a class=\"btn btn-white btn-small btn-outline\" href=\"\/manager\/\">\n\t\t\t\t\tV\u00cdCE\t\t\t\t\t\t\t\t\t<\/a>\n\t\t\t\t\t\t\t<\/div>\n\t\t<\/div>\n\t\t<div class=\"content\">\n\n\t\t\t<div class=\"title-wrap\">\n\t\t\t\t<h4>MANAGER<\/h4>\n\t\t\t\t\t\t\t<\/div>\n\n\t\t\t<div class=\"description-wrap\">\n\t\t\t\t<p class=\"description\">Zaj\u00edmavou pr\u00e1ci v \u010desk\u00e9, dynamicky se rozv\u00edjej\u00edc\u00ed spole\u010dnosti v centru \u010cesk\u00fdch Bud\u011bjovic<\/p>\n\n\t\t\t\t\t\t\t<\/div>\n\n\t\t<\/div>\n\t\n<\/div>\n[\/vc_column][\/vc_row][vc_row css=&#8220;.vc_custom_1603458574623{padding-bottom: 50px !important;}&#8220; el_id=&#8220;kariera-vypis&#8220;][vc_column width=&#8220;2\/3&#8243;][vc_raw_html]JTNDZGl2JTIwaWQlM0QlMjJmZWF0dXJlLWFrY2UlMjIlMjBjbGFzcyUzRCUyMmZlYXR1cmUtYWtjZSUyMiUzRSUwQSUzQ2RpdiUyMGNsYXNzJTNEJTIyZXZlbnRlci1keW5hbWljLWxpc3Qtc2V0JTIyJTNFJTBBJTNDZGl2JTIwY2xhc3MlM0QlMjJldmVudGVyJTIwZXZlbnRlci1taW5pbWFsLWxpc3QlMjIlM0UlMEElM0N1bCUzRSUwQSUzQ2xpJTIwY2xhc3MlM0QlMjJldmVudGVyLWV2ZW50LWl0ZW0lMjBldmVudGVyLWV2ZW50LWxpc3QtaXRlbSUyMCUyMiUzRSUwQSUyMCUyMCUyMCUyMCUzQ3NwYW4lMjBjbGFzcyUzRCUyMmV2ZW50ZXItZXZlbnQtZGV0YWlscy1jb250ZW50JTIyJTNFJTBBJTNDc3BhbiUyMGNsYXNzJTNEJTIyZXZlbnRlci1ldmVudC1kYXRlJTIyJTNFJTBBJTNDJTJGc3BhbiUzRSUwQSUzQ3NwYW4lMjBjbGFzcyUzRCUyMmV2ZW50ZXItZXZlbnQtZGF0ZSUyMiUzRSUwQSUzQ3NwYW4lMjBjbGFzcyUzRCUyMmV2ZW50ZXItZXZlbnQtZGV0YWlscyUyMCUyMiUzRSUwQSUzQ3NwYW4lMjBjbGFzcyUzRCUyMmV2ZW50ZXItZXZlbnQtdGl0bGUlMjIlM0UlM0NzcGFuJTIwY2xhc3MlM0QlMjJldmVudGVyLWV2ZW50LXRpdGxlJTIyJTNFS1JVUEklQzMlODlSJTJGS0ElM0MlMkZzcGFuJTNFJTNDJTJGc3BhbiUzRSUwQSUzQ3NwYW4lMjBjbGFzcyUzRCUyMmV2ZW50ZXItZXZlbnQtdGltZSUyMiUzRVBsbiVDMyVCRCUyMCVDMyVCQXZhemVrJTIwJTJGJTIwMzUlMjAwMDAlMjAtJTIwNDAlMjAwMDBLJUM0JThEJTIwJTJGJTIwbiVDMyVBMXN0dXAlMjBtbyVDNSVCRW4lQzMlQkQlMjBpaG5lZCUzQyUyRnNwYW4lM0UlMEElM0MlMkZzcGFuJTNFJTBBJTNDYSUyMGNsYXNzJTNEJTIyZXZlbnRlci1ldmVudC1tb3JlJTIyJTIwaHJlZiUzRCUyMiUyRmVuJTJGa3J1cGllci1rYS1lbiUyRiUyMiUyMHRhcmdldCUzRCUyMl9zZWxmJTIyJTIwcmVsJTNEJTIybm9vcGVuZXIlMjBub3JlZmVycmVyJTIyJTNFWkpJU1RJVCUyMFYlQzMlOERDRSVDMiVBMCUzQyUyRmElM0UlM0MlMkZzcGFuJTNFJTBBJTNDJTJGc3BhbiUzRSUwQSUzQyUyRmxpJTNFJTBBJTNDbGklMjBjbGFzcyUzRCUyMmV2ZW50ZXItZXZlbnQtaXRlbSUyMGV2ZW50ZXItZXZlbnQtbGlzdC1pdGVtJTIwJTIyJTNFJTBBJTIwJTIwJTIwJTIwJTNDc3BhbiUyMGNsYXNzJTNEJTIyZXZlbnRlci1ldmVudC1kZXRhaWxzLWNvbnRlbnQlMjIlM0UlMEElM0NzcGFuJTIwY2xhc3MlM0QlMjJldmVudGVyLWV2ZW50LWRhdGUlMjIlM0UlMEElM0MlMkZzcGFuJTNFJTBBJTNDc3BhbiUyMGNsYXNzJTNEJTIyZXZlbnRlci1ldmVudC1kYXRlJTIyJTNFJTBBJTNDc3BhbiUyMGNsYXNzJTNEJTIyZXZlbnRlci1ldmVudC1kZXRhaWxzJTIwJTIyJTNFJTBBJTNDc3BhbiUyMGNsYXNzJTNEJTIyZXZlbnRlci1ldmVudC10aXRsZSUyMiUzRSUzQ3NwYW4lMjBjbGFzcyUzRCUyMmV2ZW50ZXItZXZlbnQtdGl0bGUlMjIlM0VCQVJNQU4lMkZLQSUzQyUyRnNwYW4lM0UlM0MlMkZzcGFuJTNFJTBBJTNDc3BhbiUyMGNsYXNzJTNEJTIyZXZlbnRlci1ldmVudC10aW1lJTIyJTNFUGxuJUMzJUJEJTIwJUMzJUJBdmF6ZWslMjAlMkYlMjAzNSUyMDAwMCUyMC0lMjA0MCUyMDAwMEslQzQlOEQlMjAlMkYlMjBuJUMzJUExc3R1cCUyMG1vJUM1JUJFbiVDMyVCRCUyMGlobmVkJTNDJTJGc3BhbiUzRSUwQSUzQyUyRnNwYW4lM0UlMEElM0NhJTIwY2xhc3MlM0QlMjJldmVudGVyLWV2ZW50LW1vcmUlMjIlMjBocmVmJTNEJTIyJTJGZW4lMkZiYXJtYW4ta2EtZW4lMkYlMjIlMjB0YXJnZXQlM0QlMjJfc2VsZiUyMiUyMHJlbCUzRCUyMm5vb3BlbmVyJTIwbm9yZWZlcnJlciUyMiUzRVpKSVNUSVQlMjBWJUMzJThEQ0UlQzIlQTAlM0MlMkZhJTNFJTNDJTJGc3BhbiUzRSUwQSUzQyUyRnNwYW4lM0UlMEElM0MlMkZsaSUzRSUwQSUzQ2xpJTIwY2xhc3MlM0QlMjJldmVudGVyLWV2ZW50LWl0ZW0lMjBldmVudGVyLWV2ZW50LWxpc3QtaXRlbSUyMCUyMiUzRSUwQSUyMCUyMCUyMCUyMCUzQ3NwYW4lMjBjbGFzcyUzRCUyMmV2ZW50ZXItZXZlbnQtZGV0YWlscy1jb250ZW50JTIyJTNFJTBBJTNDc3BhbiUyMGNsYXNzJTNEJTIyZXZlbnRlci1ldmVudC1kYXRlJTIyJTNFJTBBJTNDJTJGc3BhbiUzRSUwQSUzQ3NwYW4lMjBjbGFzcyUzRCUyMmV2ZW50ZXItZXZlbnQtZGF0ZSUyMiUzRSUwQSUzQ3NwYW4lMjBjbGFzcyUzRCUyMmV2ZW50ZXItZXZlbnQtZGV0YWlscyUyMCUyMiUzRSUwQSUzQ3NwYW4lMjBjbGFzcyUzRCUyMmV2ZW50ZXItZXZlbnQtdGl0bGUlMjIlM0UlM0NzcGFuJTIwY2xhc3MlM0QlMjJldmVudGVyLWV2ZW50LXRpdGxlJTIyJTNFUkVDRVAlQzQlOENOJUMzJThEJTNDJTJGc3BhbiUzRSUzQyUyRnNwYW4lM0UlMEElM0NzcGFuJTIwY2xhc3MlM0QlMjJldmVudGVyLWV2ZW50LXRpbWUlMjIlM0VQbG4lQzMlQkQlMjAlQzMlQkF2YXplayUyMCUyRiUyMDM1JTIwMDAwJTIwLSUyMDQwJTIwMDAwSyVDNCU4RCUyMCUyRiUyMG4lQzMlQTFzdHVwJTIwbW8lQzUlQkVuJUMzJUJEJTIwaWhuZWQlM0MlMkZzcGFuJTNFJTBBJTNDJTJGc3BhbiUzRSUwQSUzQ2ElMjBjbGFzcyUzRCUyMmV2ZW50ZXItZXZlbnQtbW9yZSUyMiUyMGhyZWYlM0QlMjIlMkZlbiUyRnJlY2VwY25pLWVuJTJGJTIyJTIwdGFyZ2V0JTNEJTIyX3NlbGYlMjIlMjByZWwlM0QlMjJub29wZW5lciUyMG5vcmVmZXJyZXIlMjIlM0VaSklTVElUJTIwViVDMyU4RENFJUMyJUEwJTNDJTJGYSUzRSUzQyUyRnNwYW4lM0UlMEElM0MlMkZzcGFuJTNFJTBBJTNDJTJGbGklM0UlMEElM0NsaSUyMGNsYXNzJTNEJTIyZXZlbnRlci1ldmVudC1pdGVtJTIwZXZlbnRlci1ldmVudC1saXN0LWl0ZW0lMjAlMjIlM0UlMEElMjAlMjAlMjAlMjAlM0NzcGFuJTIwY2xhc3MlM0QlMjJldmVudGVyLWV2ZW50LWRldGFpbHMtY29udGVudCUyMiUzRSUwQSUzQ3NwYW4lMjBjbGFzcyUzRCUyMmV2ZW50ZXItZXZlbnQtZGF0ZSUyMiUzRSUwQSUzQyUyRnNwYW4lM0UlMEElM0NzcGFuJTIwY2xhc3MlM0QlMjJldmVudGVyLWV2ZW50LWRhdGUlMjIlM0UlMEElM0NzcGFuJTIwY2xhc3MlM0QlMjJldmVudGVyLWV2ZW50LWRldGFpbHMlMjAlMjIlM0UlMEElM0NzcGFuJTIwY2xhc3MlM0QlMjJldmVudGVyLWV2ZW50LXRpdGxlJTIyJTNFJTNDc3BhbiUyMGNsYXNzJTNEJTIyZXZlbnRlci1ldmVudC10aXRsZSUyMiUzRU9CQ0hPRE4lQzMlOEQlMjBaJUMzJTgxU1RVUENFJTNDJTJGc3BhbiUzRSUzQyUyRnNwYW4lM0UlMEElM0NzcGFuJTIwY2xhc3MlM0QlMjJldmVudGVyLWV2ZW50LXRpbWUlMjIlM0VQbG4lQzMlQkQlMjAlQzMlQkF2YXplayUyMCUyRiUyMDM1JTIwMDAwJTIwLSUyMDQwJTIwMDAwSyVDNCU4RCUyMCUyRiUyMG4lQzMlQTFzdHVwJTIwbW8lQzUlQkVuJUMzJUJEJTIwaWhuZWQlM0MlMkZzcGFuJTNFJTBBJTNDJTJGc3BhbiUzRSUwQSUzQ2ElMjBjbGFzcyUzRCUyMmV2ZW50ZXItZXZlbnQtbW9yZSUyMiUyMGhyZWYlM0QlMjIlMkZlbiUyRm9iY2hvZG5pLXphc3R1cGNlLWVuJTJGJTIyJTIwdGFyZ2V0JTNEJTIyX3NlbGYlMjIlMjByZWwlM0QlMjJub29wZW5lciUyMG5vcmVmZXJyZXIlMjIlM0VaSklTVElUJTIwViVDMyU4RENFJUMyJUEwJTNDJTJGYSUzRSUzQyUyRnNwYW4lM0UlMEElM0MlMkZzcGFuJTNFJTBBJTNDJTJGbGklM0UlMEElM0NsaSUyMGNsYXNzJTNEJTIyZXZlbnRlci1ldmVudC1pdGVtJTIwZXZlbnRlci1ldmVudC1saXN0LWl0ZW0lMjAlMjIlM0UlMEElMjAlMjAlMjAlMjAlM0NzcGFuJTIwY2xhc3MlM0QlMjJldmVudGVyLWV2ZW50LWRldGFpbHMtY29udGVudCUyMiUzRSUwQSUzQ3NwYW4lMjBjbGFzcyUzRCUyMmV2ZW50ZXItZXZlbnQtZGF0ZSUyMiUzRSUwQSUzQyUyRnNwYW4lM0UlMEElM0NzcGFuJTIwY2xhc3MlM0QlMjJldmVudGVyLWV2ZW50LWRhdGUlMjIlM0UlMEElM0NzcGFuJTIwY2xhc3MlM0QlMjJldmVudGVyLWV2ZW50LWRldGFpbHMlMjAlMjIlM0UlMEElM0NzcGFuJTIwY2xhc3MlM0QlMjJldmVudGVyLWV2ZW50LXRpdGxlJTIyJTNFJTNDc3BhbiUyMGNsYXNzJTNEJTIyZXZlbnRlci1ldmVudC10aXRsZSUyMiUzRVJFRkVSRU5UJTIwTE9HSVNUSUtZJTNDJTJGc3BhbiUzRSUzQyUyRnNwYW4lM0UlMEElM0NzcGFuJTIwY2xhc3MlM0QlMjJldmVudGVyLWV2ZW50LXRpbWUlMjIlM0VQbG4lQzMlQkQlMjAlQzMlQkF2YXplayUyMCUyRiUyMDM1JTIwMDAwJTIwLSUyMDQwJTIwMDAwSyVDNCU4RCUyMCUyRiUyMG4lQzMlQTFzdHVwJTIwbW8lQzUlQkVuJUMzJUJEJTIwaWhuZWQlM0MlMkZzcGFuJTNFJTBBJTNDJTJGc3BhbiUzRSUwQSUzQ2ElMjBjbGFzcyUzRCUyMmV2ZW50ZXItZXZlbnQtbW9yZSUyMiUyMGhyZWYlM0QlMjIlMkZlbiUyRnJlZmVyZW50LWxvZ2lzdGlreS1lbiUyRiUyMiUyMHRhcmdldCUzRCUyMl9zZWxmJTIyJTIwcmVsJTNEJTIybm9vcGVuZXIlMjBub3JlZmVycmVyJTIyJTNFWkpJU1RJVCUyMFYlQzMlOERDRSVDMiVBMCUzQyUyRmElM0UlM0MlMkZzcGFuJTNFJTBBJTNDJTJGc3BhbiUzRSUwQSUzQyUyRmxpJTNFJTBBJTNDJTJGdWwlM0UlMEElM0MlMkZkaXYlM0UlMEElM0MlMkZkaXYlM0UlMEElM0MlMkZkaXYlM0U=[\/vc_raw_html][\/vc_column][vc_column width=&#8220;1\/3&#8243;][vc_row_inner][vc_column_inner css=&#8220;.vc_custom_1603202591118{padding-bottom: 50px !important;padding-left: 20px !important;background-color: #bfa146 !important;}&#8220;][vc_custom_heading text=&#8220;KONTAKTUJTE N\u00c1S&#8220; font_container=&#8220;tag:h2|text_align:left|color:%23ffffff&#8220; use_theme_fonts=&#8220;yes&#8220;][vc_column_text el_id=&#8220;text-vypis&#8220;]<span style=\"color: #ffffff;\"><strong>Adresa:<\/strong><\/span><br \/>\n<span style=\"color: #ffffff;\">Imperial Casino Str\u00e1\u017en\u00fd<\/span><br \/>\n<span style=\"color: #ffffff;\">Str\u00e1\u017en\u00fd 18<\/span><br \/>\n<span style=\"color: #ffffff;\">Str\u00e1\u017en\u00fd 384 43<\/span><\/p>\n<p><span style=\"color: #ffffff;\"><strong>Tel:<\/strong><\/span><br \/>\n<span style=\"color: #ffffff;\"><a style=\"color: #ffffff;\" href=\"tel:388437011\">+420 388 437 011<\/a><\/span><\/p>\n<p><span style=\"color: #ffffff;\"><strong>Email:<\/strong> <a style=\"color: #ffffff;\" href=\"mailto:reception.strazny@imperialcasino.eu\"> reception.strazny@imperialcasino.eu<\/a><\/span><\/p>\n<p><a href=\"https:\/\/www.facebook.com\/ImperialCasinoStrazny\/\" target=\"_blank\" rel=\"noopener noreferrer\"><img loading=\"lazy\" decoding=\"async\" class=\"wp-image-796 size-full alignnone\" src=\"https:\/\/www.imperialcasino.eu\/strazny\/wp-content\/uploads\/2020\/08\/facebook-white.png\" alt=\"\" width=\"35\" height=\"34\" \/><\/a> <a href=\"https:\/\/www.instagram.com\/casinoimperial\/\" target=\"_blank\" rel=\"noopener noreferrer\"><img loading=\"lazy\" decoding=\"async\" class=\"size-medium wp-image-797 alignnone\" src=\"https:\/\/www.imperialcasino.eu\/strazny\/wp-content\/uploads\/2020\/08\/instagram-white.png\" alt=\"\" width=\"35\" height=\"34\" \/><\/a>[\/vc_column_text][\/vc_column_inner][\/vc_row_inner][\/vc_column][\/vc_row]\n<\/section>","protected":false},"excerpt":{"rendered":"<p>[vc_row el_id=&#8220;kariera&#8220; el_class=&#8220;kariera&#8220; css=&#8220;.vc_custom_1603196383911{padding-bottom: 50px !important;}&#8220;][vc_column][vc_custom_heading text=&#8220;KARI\u00c9RA&#8220; font_container=&#8220;tag:h1|text_align:left&#8220; use_theme_fonts=&#8220;yes&#8220; el_class=&#8220;hlavni-nadpis restaurace&#8220;][vc_column_text] HLED\u00c1ME NOV\u00c9 KOLEGY&#8230;<\/p>\n","protected":false},"author":1,"featured_media":0,"parent":0,"menu_order":0,"comment_status":"closed","ping_status":"closed","template":"","meta":{"footnotes":""},"class_list":["post-2171","page","type-page","status-publish","hentry"],"acf":[],"_links":{"self":[{"href":"https:\/\/www.imperialcasino.eu\/strazny\/wp-json\/wp\/v2\/pages\/2171","targetHints":{"allow":["GET"]}}],"collection":[{"href":"https:\/\/www.imperialcasino.eu\/strazny\/wp-json\/wp\/v2\/pages"}],"about":[{"href":"https:\/\/www.imperialcasino.eu\/strazny\/wp-json\/wp\/v2\/types\/page"}],"author":[{"embeddable":true,"href":"https:\/\/www.imperialcasino.eu\/strazny\/wp-json\/wp\/v2\/users\/1"}],"replies":[{"embeddable":true,"href":"https:\/\/www.imperialcasino.eu\/strazny\/wp-json\/wp\/v2\/comments?post=2171"}],"version-history":[{"count":0,"href":"https:\/\/www.imperialcasino.eu\/strazny\/wp-json\/wp\/v2\/pages\/2171\/revisions"}],"wp:attachment":[{"href":"https:\/\/www.imperialcasino.eu\/strazny\/wp-json\/wp\/v2\/media?parent=2171"}],"curies":[{"name":"wp","href":"https:\/\/api.w.org\/{rel}","templated":true}]}}