{"id":2181,"date":"2020-11-25T12:32:05","date_gmt":"2020-11-25T11:32:05","guid":{"rendered":"http:\/\/www.imperialcasino.eu\/strazny\/?page_id=2181"},"modified":"2021-05-04T10:26:17","modified_gmt":"2021-05-04T08:26:17","slug":"sicherheit","status":"publish","type":"page","link":"https:\/\/www.imperialcasino.eu\/strazny\/de\/sicherheit\/","title":{"rendered":"Sicherheit"},"content":{"rendered":"<section class=\"wpb-content-wrapper\">[vc_row el_id=&#8220;kariera-popis&#8220; el_class=&#8220;kariera-popis&#8220; css=&#8220;.vc_custom_1603204898467{padding-bottom: 50px !important;}&#8220;][vc_column width=&#8220;2\/3&#8243;][vc_custom_heading text=&#8220;KRUPI\u00c9R\/KA&#8220; use_theme_fonts=&#8220;yes&#8220; css=&#8220;.vc_custom_1603200438740{padding-bottom: 60px !important;}&#8220;][vc_row_inner][vc_column_inner][vc_column_text]\n<div class=\"popis\">Firma:<\/div>\n<div class=\"detail\">Imperial Casino Str\u00e1\u017en\u00fd<\/div>\n<div class=\"popis\">M\u00edsto pracovi\u0161t\u011b:<\/div>\n<div class=\"detail\">Str\u00e1\u017en\u00fd 18, Str\u00e1\u017en\u00fd 384 43<\/div>\n<div class=\"popis\">Pracovn\u00ed pom\u011br:<\/div>\n<div class=\"detail\">pr\u00e1ce na pln\u00fd \u00favazek<\/div>\n<div class=\"popis\">Smluvn\u00ed vztah:<\/div>\n<div class=\"detail\">pracovn\u00ed smlouva (na dobu neur\u010ditou)<\/div>\n<div class=\"popis\">Vzd\u011bl\u00e1n\u00ed:<\/div>\n<div class=\"detail\">st\u0159edo\u0161kolsk\u00e9 nebo odborn\u00e9 vyu\u010den\u00ed s maturitou<\/div>\n<div class=\"popis\">Jazyky:<\/div>\n<div class=\"detail\">n\u011bm\u010dina (pokro\u010dil\u00e1)<\/div>\n<div class=\"popis\">Benefity:<\/div>\n<div class=\"detail\">bonusy\/pr\u00e9mie, p\u0159\u00edsp\u011bvek na penzijn\u00ed\/\u017eivotn\u00ed p\u0159ipoji\u0161t\u011bn\u00ed, dovolen\u00e1 5 t\u00fddn\u016f, vzd\u011bl\u00e1vac\u00ed kurzy, \u0161kolen\u00ed, z\u00e1vodn\u00ed stravov\u00e1n\u00ed<\/div>\n<div class=\"popis\">Prob\u00edh\u00e1:<\/div>\n<div class=\"detail\">od 31.10.2020<\/div>\n<div class=\"popis\">Vhodn\u00e9 i pro:<\/div>\n<div class=\"detail\">osoby bez praxe<\/div>\n<div class=\"popis\">Za\u0159azen\u00ed:<\/div>\n<div class=\"detail\">live game<\/div>\n[\/vc_column_text][vc_column_text css=&#8220;.vc_custom_1603201737615{padding-top: 50px !important;padding-bottom: 30px !important;}&#8220; el_id=&#8220;text-vypis&#8220; el_class=&#8220;text-vypis&#8220;]Jsme \u010deskobud\u011bjovick\u00e1 spole\u010dnost TSE spol. s r.o. p\u016fsob\u00edc\u00ed na \u010desk\u00fdch i zahrani\u010dn\u00edch trz\u00edch v oborech elektrotechniky, elektroniky, zdravotn\u00ed techniky a m\u011bstsk\u00e9ho mobili\u00e1\u0159e. V elektrotechnice se soust\u0159ed\u00edme na osazov\u00e1n\u00ed desek plo\u0161n\u00fdch spoj\u016f. Za pomoci nejmodern\u011bj\u0161\u00edch technologi\u00ed osazujeme desky pro automobilov\u00fd pr\u016fmysl, zdravotnick\u00e9 p\u0159\u00edstroje, ale i laboratorn\u00ed a pr\u016fmyslov\u00e9 aplikace. V oblasti zdravotn\u00ed techniky jsme jedin\u00fdm \u010desk\u00fdm v\u00fdrobcem novorozeneck\u00fdch inkub\u00e1tor\u016f.[\/vc_column_text][vc_column_text][\/vc_column_text][vc_custom_heading text=&#8220;Co v\u00e1s \u010dek\u00e1&#8220; font_container=&#8220;tag:h3|text_align:left&#8220; use_theme_fonts=&#8220;yes&#8220;][vc_column_text el_id=&#8220;text-vypis&#8220; el_class=&#8220;text-vypis&#8220;]\n<ul>\n<li>Zabezpe\u010den\u00ed dod\u00e1vek v\u00fdrobk\u016f z\u00e1kazn\u00edkovi v po\u017eadovan\u00e9m mno\u017estv\u00ed, kvalit\u011b a \u010dase<\/li>\n<li>\u00dazk\u00e1 spolupr\u00e1ce s v\u00fdrobou<\/li>\n<li>Pl\u00e1nov\u00e1n\u00ed v\u00fdroby<\/li>\n<li>P\u0159\u00edprava podklad\u016f pro fakturaci<\/li>\n<li>Koordinace mezi v\u00fdrobou a skladem<\/li>\n<li>Zaji\u0161t\u011bn\u00ed p\u0159epravy z\u00e1kazn\u00edk\u016fm<\/li>\n<li>Komunikace se z\u00e1kazn\u00edky<\/li>\n<\/ul>\n[\/vc_column_text][vc_custom_heading text=&#8220;Jak\u00e9 znalosti a dovednosti byste m\u011bli m\u00edt&#8220; font_container=&#8220;tag:h3|text_align:left&#8220; use_theme_fonts=&#8220;yes&#8220; css=&#8220;.vc_custom_1603204960188{padding-top: 20px !important;}&#8220;][vc_column_text el_class=&#8220;text-vypis&#8220; el_id=&#8220;text-vypis&#8220;]\n<ul>\n<li>S\u0160 nebo V\u0160 vzd\u011bl\u00e1n\u00ed<\/li>\n<li>Praxe ve v\u00fdrobn\u00ed spole\u010dnosti na obdobn\u00e9 pozici v\u00fdhodou<\/li>\n<li>Dobr\u00e1 znalost AJ slovem i p\u00edsmem \u2013 jedn\u00e1n\u00ed se zahrani\u010d\u00edm<\/li>\n<li>Znalost MS Office<\/li>\n<li>\u0158P sk. B<\/li>\n<li>Organiza\u010dn\u00ed schopnosti, flexibilita<\/li>\n<\/ul>\n[\/vc_column_text][vc_custom_heading text=&#8220;Co v\u00e1m m\u016f\u017eeme nab\u00eddnout&#8220; font_container=&#8220;tag:h3|text_align:left&#8220; use_theme_fonts=&#8220;yes&#8220; css=&#8220;.vc_custom_1603204965004{padding-top: 20px !important;}&#8220;][vc_column_text el_class=&#8220;text-vypis&#8220; el_id=&#8220;text-vypis&#8220;]\n<ul>\n<li>Zaj\u00edmavou pr\u00e1ci v \u010desk\u00e9, dynamicky se rozv\u00edjej\u00edc\u00ed spole\u010dnosti v centru \u010cesk\u00fdch Bud\u011bjovic<\/li>\n<li>Spolupr\u00e1ci na mezin\u00e1rodn\u00edch projektech za podpory nejmodern\u011bj\u0161\u00edch technologi\u00ed v oboru<\/li>\n<li>Stabiln\u00ed zam\u011bstn\u00e1n\u00ed, smlouvu na dobu neur\u010ditou<\/li>\n<li>T\u00fdden dovolen\u00e9 nav\u00edc<\/li>\n<li>Pracovn\u00ed doba 37,5 hod.\/t\u00fdden<\/li>\n<li>Mo\u017enost pru\u017en\u00e9 pracovn\u00ed doby<\/li>\n<li>Mlad\u00fd kreativn\u00ed kolektiv<\/li>\n<li>Dotovan\u00e9 stravov\u00e1n\u00ed ve firm\u011b<\/li>\n<li>P\u0159\u00edsp\u011bvek na penzijn\u00ed a \u017eivotn\u00ed poji\u0161t\u011bn\u00ed<\/li>\n<li>P\u0159\u00edsp\u011bvek na d\u011btskou rekreaci, na \u0161koln\u00ed pot\u0159eby<\/li>\n<li>Mo\u017enost dal\u0161\u00edho vzd\u011bl\u00e1v\u00e1n\u00ed a profesn\u00edho r\u016fstu<\/li>\n<\/ul>\n[\/vc_column_text][\/vc_column_inner][\/vc_row_inner][\/vc_column][vc_column width=&#8220;1\/3&#8243; el_id=&#8220;right-kariera&#8220; el_class=&#8220;right-kariera&#8220;][vc_row_inner][vc_column_inner][vc_empty_space][\/vc_column_inner][\/vc_row_inner][vc_row_inner el_id=&#8220;kontakt-kariera&#8220; el_class=&#8220;kontakt-kariera&#8220;][vc_column_inner css=&#8220;.vc_custom_1603202591118{padding-bottom: 50px !important;padding-left: 20px !important;background-color: #bfa146 !important;}&#8220;][vc_custom_heading text=&#8220;KONTAKTUJTE N\u00c1S&#8220; font_container=&#8220;tag:h2|text_align:left|color:%23ffffff&#8220; use_theme_fonts=&#8220;yes&#8220;][vc_column_text el_id=&#8220;text-vypis&#8220;]<span style=\"color: #ffffff;\"><strong>Adresa:<\/strong><\/span><br \/>\n<span style=\"color: #ffffff;\">Imperial Casino Str\u00e1\u017en\u00fd<\/span><br \/>\n<span style=\"color: #ffffff;\">Str\u00e1\u017en\u00fd 18<\/span><br \/>\n<span style=\"color: #ffffff;\">Str\u00e1\u017en\u00fd 384 43<\/span><\/p>\n<p><span style=\"color: #ffffff;\"><strong>Tel:<\/strong><\/span><br \/>\n<span style=\"color: #ffffff;\"><a style=\"color: #ffffff;\" href=\"tel:388437011\">+420 388 437 011<\/a><\/span><\/p>\n<p><span style=\"color: #ffffff;\"><strong>Email:<\/strong> <a style=\"color: #ffffff;\" href=\"mailto:reception.strazny@imperialcasino.eu\"> reception.strazny@imperialcasino.eu<\/a><\/span><\/p>\n<p><a href=\"https:\/\/www.facebook.com\/ImperialCasinoStrazny\/\" target=\"_blank\" rel=\"noopener noreferrer\"><img loading=\"lazy\" decoding=\"async\" class=\"wp-image-796 size-full alignnone\" src=\"https:\/\/www.imperialcasino.eu\/strazny\/wp-content\/uploads\/2020\/08\/facebook-white.png\" alt=\"\" width=\"35\" height=\"34\" \/><\/a> <a href=\"https:\/\/www.instagram.com\/casinoimperial\/\" target=\"_blank\" rel=\"noopener noreferrer\"><img loading=\"lazy\" decoding=\"async\" class=\"size-medium wp-image-797 alignnone\" src=\"https:\/\/www.imperialcasino.eu\/strazny\/wp-content\/uploads\/2020\/08\/instagram-white.png\" alt=\"\" width=\"35\" height=\"34\" \/><\/a>[\/vc_column_text][\/vc_column_inner][\/vc_row_inner][vc_row_inner][vc_column_inner][vc_empty_space][\/vc_column_inner][\/vc_row_inner][vc_row_inner css=&#8220;.vc_custom_1604074619298{padding-top: 20px !important;padding-bottom: 20px !important;background-color: #e6e6e6 !important;}&#8220; el_id=&#8220;form-kariera&#8220; el_class=&#8220;form-kariera&#8220;][vc_column_inner]<div class=\"norebro-contact-from-sc contact-form  text-left flat\"\n\tid=\"norebro-custom-69e343571a78a\" \n\t \n\t>\n\n\t\n<div class=\"wpcf7 no-js\" id=\"wpcf7-f2984-o1\" lang=\"cs-CZ\" dir=\"ltr\" data-wpcf7-id=\"2984\">\n<div class=\"screen-reader-response\"><p role=\"status\" aria-live=\"polite\" aria-atomic=\"true\"><\/p> <ul><\/ul><\/div>\n<form action=\"\/strazny\/wp-json\/wp\/v2\/pages\/2181#wpcf7-f2984-o1\" method=\"post\" class=\"wpcf7-form init\" aria-label=\"Kontaktn\u00ed formul\u00e1\u0159\" novalidate=\"novalidate\" data-status=\"init\">\n<fieldset class=\"hidden-fields-container\"><input type=\"hidden\" name=\"_wpcf7\" value=\"2984\" \/><input type=\"hidden\" name=\"_wpcf7_version\" value=\"6.1.5\" \/><input type=\"hidden\" name=\"_wpcf7_locale\" value=\"cs_CZ\" \/><input type=\"hidden\" name=\"_wpcf7_unit_tag\" value=\"wpcf7-f2984-o1\" \/><input type=\"hidden\" name=\"_wpcf7_container_post\" value=\"0\" \/><input type=\"hidden\" name=\"_wpcf7_posted_data_hash\" value=\"\" \/>\n<\/fieldset>\n<div class=\"form-group\">\n\t<div class=\"vc_row\">\n\t\t<div class=\"form-group vc_col-sm-6 col-sm-12 col-xs-12\">\n\t\t\t<p><label><span class=\"wpcf7-form-control-wrap\" data-name=\"jmeno\"><input size=\"40\" maxlength=\"400\" class=\"wpcf7-form-control wpcf7-text wpcf7-validates-as-required jmeno\" id=\"jmeno\" aria-required=\"true\" aria-invalid=\"false\" placeholder=\"Name\" value=\"\" type=\"text\" name=\"jmeno\" \/><\/span><\/label>\n\t\t\t<\/p>\n\t\t<\/div>\n\t\t<div class=\"form-group vc_col-sm-6 col-sm-12 col-xs-12\">\n\t\t\t<p><label><span class=\"wpcf7-form-control-wrap\" data-name=\"prijmeni\"><input size=\"40\" maxlength=\"400\" class=\"wpcf7-form-control wpcf7-text wpcf7-validates-as-required prijmeni\" id=\"prijmeni\" aria-required=\"true\" aria-invalid=\"false\" placeholder=\"Nachname\" value=\"\" type=\"text\" name=\"prijmeni\" \/><\/span><\/label>\n\t\t\t<\/p>\n\t\t<\/div>\n\t<\/div>\n\t<div class=\"vc_row\">\n\t\t<div class=\"form-group vc_col-sm-6 col-sm-12 col-xs-12\">\n\t\t\t<p><label><span class=\"wpcf7-form-control-wrap\" data-name=\"your-email\"><input size=\"40\" maxlength=\"400\" class=\"wpcf7-form-control wpcf7-email wpcf7-validates-as-required wpcf7-text wpcf7-validates-as-email email\" id=\"email\" aria-required=\"true\" aria-invalid=\"false\" placeholder=\"Email\" value=\"\" type=\"email\" name=\"your-email\" \/><\/span><\/label>\n\t\t\t<\/p>\n\t\t<\/div>\n\t\t<div class=\"form-group vc_col-sm-6 col-sm-12 col-xs-12\">\n\t\t\t<p><label><span class=\"wpcf7-form-control-wrap\" data-name=\"telefon\"><input size=\"40\" maxlength=\"400\" class=\"wpcf7-form-control wpcf7-tel wpcf7-text wpcf7-validates-as-tel telefon\" id=\"telefon\" aria-invalid=\"false\" placeholder=\"Telefon\" value=\"\" type=\"tel\" name=\"telefon\" \/><\/span><\/label>\n\t\t\t<\/p>\n\t\t<\/div>\n\t<\/div>\n<\/div>\n<p><span class=\"wpcf7-form-control-wrap\" data-name=\"your-message\"><textarea cols=\"10\" rows=\"3\" maxlength=\"2000\" class=\"wpcf7-form-control wpcf7-textarea\" aria-invalid=\"false\" placeholder=\"Dein Text ...\" name=\"your-message\"><\/textarea><\/span>\n<\/p>\n<p><span class=\"wpcf7-form-control-wrap\" data-name=\"souhlas\"><span class=\"wpcf7-form-control wpcf7-acceptance optional\"><span class=\"wpcf7-list-item\"><input type=\"checkbox\" name=\"souhlas\" value=\"1\" id=\"souhlas\" aria-invalid=\"false\" \/><\/span><\/span><\/span> Ich bin mit der Verarbeitung personenbezogener Daten einverstanden<br \/>\n<input class=\"wpcf7-form-control wpcf7-submit has-spinner\" type=\"submit\" value=\"Senden\" \/>\n<\/p><input type='hidden' class='wpcf7-pum' value='{\"closepopup\":false,\"closedelay\":0,\"openpopup\":false,\"openpopup_id\":0}' \/><div class=\"wpcf7-response-output\" aria-hidden=\"true\"><\/div>\n<\/form>\n<\/div>\n\n\t<div class=\"hidden\" data-contact-btn=\"true\">\n\t\t<button class=\"btn \">\n\t\t\t<span class=\"btn-load\"><\/span>\n\t\t\t<span class=\"text\"><\/span>\n\t\t<\/button>\n\t<\/div>\n<\/div>[\/vc_column_inner][\/vc_row_inner][\/vc_column][\/vc_row]\n<\/section>","protected":false},"excerpt":{"rendered":"<p>[vc_row el_id=&#8220;kariera-popis&#8220; el_class=&#8220;kariera-popis&#8220; css=&#8220;.vc_custom_1603204898467{padding-bottom: 50px !important;}&#8220;][vc_column width=&#8220;2\/3&#8243;][vc_custom_heading text=&#8220;KRUPI\u00c9R\/KA&#8220; use_theme_fonts=&#8220;yes&#8220; css=&#8220;.vc_custom_1603200438740{padding-bottom: 60px !important;}&#8220;][vc_row_inner][vc_column_inner][vc_column_text] Firma: Imperial&#8230;<\/p>\n","protected":false},"author":1,"featured_media":0,"parent":0,"menu_order":0,"comment_status":"closed","ping_status":"closed","template":"","meta":{"footnotes":""},"class_list":["post-2181","page","type-page","status-publish","hentry"],"acf":[],"_links":{"self":[{"href":"https:\/\/www.imperialcasino.eu\/strazny\/wp-json\/wp\/v2\/pages\/2181","targetHints":{"allow":["GET"]}}],"collection":[{"href":"https:\/\/www.imperialcasino.eu\/strazny\/wp-json\/wp\/v2\/pages"}],"about":[{"href":"https:\/\/www.imperialcasino.eu\/strazny\/wp-json\/wp\/v2\/types\/page"}],"author":[{"embeddable":true,"href":"https:\/\/www.imperialcasino.eu\/strazny\/wp-json\/wp\/v2\/users\/1"}],"replies":[{"embeddable":true,"href":"https:\/\/www.imperialcasino.eu\/strazny\/wp-json\/wp\/v2\/comments?post=2181"}],"version-history":[{"count":0,"href":"https:\/\/www.imperialcasino.eu\/strazny\/wp-json\/wp\/v2\/pages\/2181\/revisions"}],"wp:attachment":[{"href":"https:\/\/www.imperialcasino.eu\/strazny\/wp-json\/wp\/v2\/media?parent=2181"}],"curies":[{"name":"wp","href":"https:\/\/api.w.org\/{rel}","templated":true}]}}