{"id":2202,"date":"2020-11-25T12:43:01","date_gmt":"2020-11-25T11:43:01","guid":{"rendered":"http:\/\/www.imperialcasino.eu\/strazny\/?page_id=2202"},"modified":"2023-08-08T09:38:46","modified_gmt":"2023-08-08T07:38:46","slug":"sluzby-de","status":"publish","type":"page","link":"https:\/\/www.imperialcasino.eu\/strazny\/de\/sluzby-de\/","title":{"rendered":"DIENSTLEISTUNGEN"},"content":{"rendered":"<section class=\"wpb-content-wrapper\">[vc_row el_id=&#8220;hotel&#8220; el_class=&#8220;hotel&#8220; css=&#8220;.vc_custom_1605531281517{padding-bottom: 50px !important;}&#8220;][vc_column][vc_custom_heading text=&#8220;Dienstleistungen&#8220; font_container=&#8220;tag:h1|text_align:left&#8220; use_theme_fonts=&#8220;yes&#8220; el_class=&#8220;hlavni-nadpis&#8220;][\/vc_column][\/vc_row][vc_row full_width=&#8220;stretch_row&#8220; content_placement=&#8220;top&#8220; el_id=&#8220;hotel-obsah&#8220; el_class=&#8220;jidelni-listek&#8220; css=&#8220;.vc_custom_1605531163673{padding-bottom: 117px !important;}&#8220;][vc_column width=&#8220;1\/2&#8243; el_id=&#8220;sluzby-left&#8220; el_class=&#8220;sluzby-left&#8220; css=&#8220;.vc_custom_1605532029954{padding-right: 40px !important;}&#8220;][vc_column_text css=&#8220;.vc_custom_1622644869161{padding-top: 20px !important;}&#8220;]\n<div class=\"suroviny\">LAS-VEGAS-ATMOSPH\u00c4RE VERSCHENKEN<\/div>\n[\/vc_column_text][vc_column_text]Suchen Sie ein originelles Geschenk f\u00fcr Ihre Liebsten? Bei uns k\u00f6nnen Sie aus mehreren Varianten w\u00e4hlen. F\u00fcr alle leidenschaftlichen Spieler haben wir einen Geschenkgutschein f\u00fcr Spielautomaten sowie Live-Spiele vorbereitet. F\u00fcr Gourmets und Genie\u00dfer bieten wir Voucher f\u00fcr das Restaurant und Aufenthalte in unserem Hotel an.[\/vc_column_text][vc_column_text css=&#8220;.vc_custom_1608630082523{padding-top: 20px !important;}&#8220;]<strong>GUTSCHEIN<\/strong>[\/vc_column_text][vc_column_text]Gutscheine werden in zwei Varianten angeboten und sind an der Kasse unseres Casinos erh\u00e4ltlich.[\/vc_column_text][vc_row_inner css=&#8220;.vc_custom_1605533163656{padding-top: 50px !important;}&#8220;][vc_column_inner width=&#8220;1\/2&#8243;][vc_single_image image=&#8220;2383&#8243; img_size=&#8220;&#8220; alignment=&#8220;center&#8220;][vc_column_text]\n<h4 style=\"text-align: center;\"><strong>GUTSCHEIN 25\u20ac<\/strong><\/h4>\n[\/vc_column_text][\/vc_column_inner][vc_column_inner width=&#8220;1\/2&#8243;][vc_single_image image=&#8220;2384&#8243; img_size=&#8220;&#8220; alignment=&#8220;center&#8220;][vc_column_text]\n<h4 style=\"text-align: center;\"><strong>GUTSCHEIN 50\u20ac<\/strong><\/h4>\n[\/vc_column_text][\/vc_column_inner][\/vc_row_inner][vc_row_inner disable_element=&#8220;yes&#8220; css=&#8220;.vc_custom_1606748719867{padding-top: 50px !important;}&#8220;][vc_column_inner width=&#8220;1\/2&#8243;][vc_column_text el_class=&#8220;sluzby-border&#8220;]\n<div class=\"sluzby-price\" style=\"text-align: center;\">25<span class=\"mena-price\">\u20ac<\/span><\/div>\n[\/vc_column_text][vc_column_text]\n<h4 style=\"text-align: center;\"><strong>GUTSCHEIN 25\u20ac<\/strong><\/h4>\n[\/vc_column_text][\/vc_column_inner][vc_column_inner width=&#8220;1\/2&#8243;][vc_column_text el_class=&#8220;sluzby-border&#8220;]\n<div class=\"sluzby-price\" style=\"text-align: center;\">50<span class=\"mena-price\">\u20ac<\/span><\/div>\n[\/vc_column_text][vc_column_text]\n<h4 style=\"text-align: center;\"><strong>GUTSCHEIN 50\u20ac<\/strong><\/h4>\n[\/vc_column_text][\/vc_column_inner][\/vc_row_inner][\/vc_column][vc_column width=&#8220;1\/2&#8243; css=&#8220;.vc_custom_1621948874689{margin-top: 20px !important;margin-bottom: 20px !important;background-color: #bfa146 !important;}&#8220; el_id=&#8220;box-cena&#8220; el_class=&#8220;box-sluzby-cena&#8220; offset=&#8220;vc_hidden-xs&#8220;][vc_custom_heading text=&#8220;Unser aktueller Wechselkurs EUR\/CZK&#8220; font_container=&#8220;tag:h3|text_align:left&#8220; use_theme_fonts=&#8220;yes&#8220; el_class=&#8220;hlavni-nadpis&#8220; css=&#8220;.vc_custom_1608630201620{padding-left: 40px !important;}&#8220;][vc_column_text el_class=&#8220;text-mezera-sluzby&#8220; css=&#8220;.vc_custom_1608630388002{padding-top: 20px !important;padding-bottom: 70px !important;padding-left: 150px !important;}&#8220;]In unserem Casino k\u00f6nnen Sie auch Geld wechseln.[\/vc_column_text][vc_row_inner el_id=&#8220;box-sluzby&#8220; el_class=&#8220;box-hotel&#8220; css=&#8220;.vc_custom_1605530714738{margin-bottom: 30px !important;}&#8220;][vc_column_inner el_class=&#8220;left&#8220; width=&#8220;1\/2&#8243; css=&#8220;.vc_custom_1600865225147{padding-top: 0px !important;}&#8220;][vc_column_text]\n<p style=\"text-align: center;\"><span style=\"color: #ffffff;\">KAUF<\/span><\/p>\n<div class=\"cena-sluzby\" style=\"text-align: center;\">23<span class=\"mena-sluzby\">K\u010d<\/span><\/div>\n[\/vc_column_text][\/vc_column_inner][vc_column_inner width=&#8220;1\/2&#8243;][vc_column_text]\n<p style=\"text-align: center;\"><span style=\"color: #ffffff;\">VERKAUF<\/span><\/p>\n<div class=\"cena-sluzby\" style=\"text-align: center;\">27<span class=\"mena-sluzby\">K\u010d<\/span><\/div>\n[\/vc_column_text][\/vc_column_inner][\/vc_row_inner][\/vc_column][\/vc_row][vc_row full_width=&#8220;stretch_row&#8220; css=&#8220;.vc_custom_1605533467988{background-color: #cccccc !important;}&#8220; el_id=&#8220;voucher&#8220; el_class=&#8220;voucher&#8220;][vc_column width=&#8220;1\/2&#8243; css=&#8220;.vc_custom_1605534146341{padding-bottom: 50px !important;}&#8220;][vc_custom_heading text=&#8220;VOUCHER&#8220; font_container=&#8220;tag:h3|text_align:left&#8220; use_theme_fonts=&#8220;yes&#8220; css=&#8220;.vc_custom_1608630104355{padding-top: 50px !important;}&#8220;][vc_column_text]Wir haben f\u00fcr Sie 3 Arten von Vouchern vorbereitet, je nachdem ob Sie bei uns einen entspannten Abend oder gleich ein ganzes Wochenende verbringen m\u00f6chten.[\/vc_column_text][vc_row_inner css=&#8220;.vc_custom_1605533837989{padding-top: 50px !important;}&#8220;][vc_column_inner el_class=&#8220;ikons-voucher&#8220; width=&#8220;1\/2&#8243; el_id=&#8220;ikons-voucher&#8220;][vc_single_image image=&#8220;3211&#8243; img_size=&#8220;&#8220; alignment=&#8220;center&#8220;][vc_column_text]\n<h4 style=\"text-align: center;\"><strong>75\u20ac<\/strong><\/h4>\n<p style=\"text-align: center;\">Unterkunft f\u00fcr eine Nacht f\u00fcr zwei Personen in unserem Viersternehotel inklusive reichhaltigem Fr\u00fchst\u00fcck<\/p>\n[\/vc_column_text][\/vc_column_inner][vc_column_inner el_class=&#8220;ikons-voucher&#8220; width=&#8220;1\/2&#8243; el_id=&#8220;ikons-voucher&#8220;][vc_single_image image=&#8220;3917&#8243; img_size=&#8220;&#8220; alignment=&#8220;center&#8220;][vc_column_text]\n<h4 style=\"text-align: center;\"><strong>105\u20ac<\/strong><\/h4>\n<p style=\"text-align: center;\">Geburtstags-Paket: 1 Nacht f\u00fcr 2 Personen in unserem Hotel. Im Paket sind ein Drei-G\u00e4nge-Men\u00fc an beiden Abenden und uneingeschr\u00e4nkter Softdrink-Konsum enthalten.<\/p>\n[\/vc_column_text][\/vc_column_inner][\/vc_row_inner][vc_row_inner css=&#8220;.vc_custom_1605533847388{padding-top: 50px !important;}&#8220;][vc_column_inner el_class=&#8220;ikons-voucher aligncenter&#8220; width=&#8220;1\/2&#8243; el_id=&#8220;ikons-voucher&#8220;][vc_single_image image=&#8220;3209&#8243; img_size=&#8220;&#8220; alignment=&#8220;center&#8220;][vc_column_text]\n<h4 style=\"text-align: center;\"><strong>199\u20ac<\/strong><\/h4>\n<p style=\"text-align: center;\">Imperial-Paket: 2 N\u00e4chte f\u00fcr 2 Personen in unserem Hotel. Im Paket sind ein Drei-G\u00e4nge-Men\u00fc an beiden Abenden und uneingeschr\u00e4nkter Softdrink-Konsum enthalten.<\/p>\n[\/vc_column_text][\/vc_column_inner][vc_column_inner width=&#8220;1\/2&#8243;][\/vc_column_inner][\/vc_row_inner][\/vc_column][vc_column css_animation=&#8220;fadeIn&#8220; width=&#8220;1\/2&#8243; el_id=&#8220;right-voucher&#8220; el_class=&#8220;right-voucher&#8220;][vc_single_image image=&#8220;2103&#8243; img_size=&#8220;full&#8220; alignment=&#8220;center&#8220;][\/vc_column][\/vc_row][vc_row full_width=&#8220;stretch_row&#8220; content_placement=&#8220;top&#8220; el_id=&#8220;hotel-obsah&#8220; el_class=&#8220;jidelni-listek&#8220;][vc_column width=&#8220;1\/2&#8243; el_class=&#8220;sluzby-left&#8220; css=&#8220;.vc_custom_1605532029954{padding-right: 40px !important;}&#8220;][\/vc_column][vc_column width=&#8220;1\/2&#8243; css=&#8220;.vc_custom_1621948894800{margin-top: 20px !important;margin-bottom: 20px !important;background-color: #bfa146 !important;}&#8220; el_id=&#8220;box-cena&#8220; el_class=&#8220;box-sluzby-cena&#8220; offset=&#8220;vc_hidden-lg vc_hidden-md vc_hidden-sm&#8220;][vc_custom_heading text=&#8220;Unser aktueller Wechselkurs EUR\/CZK&#8220; font_container=&#8220;tag:h3|text_align:left&#8220; use_theme_fonts=&#8220;yes&#8220; el_class=&#8220;hlavni-nadpis&#8220; css=&#8220;.vc_custom_1608630201620{padding-left: 40px !important;}&#8220;][vc_column_text el_class=&#8220;text-mezera-sluzby&#8220; css=&#8220;.vc_custom_1608630388002{padding-top: 20px !important;padding-bottom: 70px !important;padding-left: 150px !important;}&#8220;]In unserem Casino k\u00f6nnen Sie auch Geld wechseln.[\/vc_column_text][vc_row_inner el_id=&#8220;box-sluzby&#8220; el_class=&#8220;box-hotel&#8220; css=&#8220;.vc_custom_1621948880801{margin-bottom: 30px !important;}&#8220;][vc_column_inner el_class=&#8220;left&#8220; width=&#8220;1\/2&#8243; css=&#8220;.vc_custom_1600865225147{padding-top: 0px !important;}&#8220;][vc_column_text]\n<p style=\"text-align: center;\"><span style=\"color: #ffffff;\">KAUF<\/span><\/p>\n<div class=\"cena-sluzby\" style=\"text-align: center;\">25<span class=\"mena-sluzby\">K\u010d<\/span><\/div>\n[\/vc_column_text][\/vc_column_inner][vc_column_inner width=&#8220;1\/2&#8243;][vc_column_text]\n<p style=\"text-align: center;\"><span style=\"color: #ffffff;\">VERKAUF<\/span><\/p>\n<div class=\"cena-sluzby\" style=\"text-align: center;\">29<span class=\"mena-sluzby\">K\u010d<\/span><\/div>\n[\/vc_column_text][\/vc_column_inner][\/vc_row_inner][\/vc_column][\/vc_row]\n<\/section>","protected":false},"excerpt":{"rendered":"<p>[vc_row el_id=&#8220;hotel&#8220; el_class=&#8220;hotel&#8220; css=&#8220;.vc_custom_1605531281517{padding-bottom: 50px !important;}&#8220;][vc_column][vc_custom_heading text=&#8220;Dienstleistungen&#8220; font_container=&#8220;tag:h1|text_align:left&#8220; use_theme_fonts=&#8220;yes&#8220; el_class=&#8220;hlavni-nadpis&#8220;][\/vc_column][\/vc_row][vc_row full_width=&#8220;stretch_row&#8220; content_placement=&#8220;top&#8220; el_id=&#8220;hotel-obsah&#8220; el_class=&#8220;jidelni-listek&#8220;&#8230;<\/p>\n","protected":false},"author":1,"featured_media":0,"parent":0,"menu_order":0,"comment_status":"closed","ping_status":"closed","template":"","meta":{"footnotes":""},"class_list":["post-2202","page","type-page","status-publish","hentry"],"acf":[],"_links":{"self":[{"href":"https:\/\/www.imperialcasino.eu\/strazny\/wp-json\/wp\/v2\/pages\/2202","targetHints":{"allow":["GET"]}}],"collection":[{"href":"https:\/\/www.imperialcasino.eu\/strazny\/wp-json\/wp\/v2\/pages"}],"about":[{"href":"https:\/\/www.imperialcasino.eu\/strazny\/wp-json\/wp\/v2\/types\/page"}],"author":[{"embeddable":true,"href":"https:\/\/www.imperialcasino.eu\/strazny\/wp-json\/wp\/v2\/users\/1"}],"replies":[{"embeddable":true,"href":"https:\/\/www.imperialcasino.eu\/strazny\/wp-json\/wp\/v2\/comments?post=2202"}],"version-history":[{"count":0,"href":"https:\/\/www.imperialcasino.eu\/strazny\/wp-json\/wp\/v2\/pages\/2202\/revisions"}],"wp:attachment":[{"href":"https:\/\/www.imperialcasino.eu\/strazny\/wp-json\/wp\/v2\/media?parent=2202"}],"curies":[{"name":"wp","href":"https:\/\/api.w.org\/{rel}","templated":true}]}}