{"id":2206,"date":"2020-11-25T12:44:17","date_gmt":"2020-11-25T11:44:17","guid":{"rendered":"http:\/\/www.imperialcasino.eu\/strazny\/?page_id=2206"},"modified":"2024-12-03T17:57:36","modified_gmt":"2024-12-03T16:57:36","slug":"gdpr-2","status":"publish","type":"page","link":"https:\/\/www.imperialcasino.eu\/strazny\/de\/gdpr-2\/","title":{"rendered":"Datenschutz-Bestimmungen"},"content":{"rendered":"<p>&nbsp;<\/p>\n<p><strong>Apex gaming EUROPE a.s.<\/strong>, mit Sitz in V\u00e1clavsk\u00e9 n\u00e1m. 808\/66, Praha 1 \u2013 Nov\u00e9 M\u011bsto 110 00, erkl\u00e4rt der breiten \u00d6ffentlichkeit durch die Annahme der Grunds\u00e4tze zur Verarbeitung und zum Schutz personenbezogener Daten ihren Ansatz zum Datenschutz als eine ihrer Priorit\u00e4ten. Diese Grunds\u00e4tze sind auf der Website des Unternehmens unter <a href=\"https:\/\/www.imperialcasino.eu\/\">www.imperialcasino.eu<\/a> ver\u00f6ffentlicht.<\/p>\n<p><strong>DATENSCHUTZRICHTLINIEN<\/strong><\/p>\n<p>Der Schutz personenbezogener Daten hat f\u00fcr uns hohe Priorit\u00e4t. Hier bieten wir Ihnen Informationen dar\u00fcber, welche personenbezogenen Daten in unseren Unternehmen gesammelt werden, wie sie verarbeitet werden, aus welchen Quellen wir sie erhalten und zu welchen Zwecken wir sie verwenden, wem wir sie zur Verf\u00fcgung stellen, wo Sie Informationen \u00fcber die Verarbeitung personenbezogener Daten erhalten k\u00f6nnen und welche Ma\u00dfnahmen zum Schutz Ihrer personenbezogenen Daten gegen Missbrauch ergriffen wurden.<\/p>\n<p>Wir verarbeiten personenbezogene Daten in \u00dcbereinstimmung mit den gesetzlichen Bestimmungen zum Schutz personenbezogener Daten, insbesondere der Verordnung (EU) 2016\/679 des Europ\u00e4ischen Parlaments und des Rates vom 27. April 2016 zum Schutz nat\u00fcrlicher Personen bei der Verarbeitung personenbezogener Daten und zum freien Verkehr dieser Daten (DSGVO). Wir f\u00fchren eine Aufzeichnung aller verarbeiteten personenbezogenen Daten und sind f\u00fcr diese Daten verantwortlich.<\/p>\n<p>Wir speichern und verarbeiten personenbezogene Daten nur f\u00fcr bestimmte, ausdr\u00fccklich festgelegte gesetzliche Zwecke, bei denen die Bereitstellung unserer Dienste mit der Verarbeitung personenbezogener Daten verbunden ist, oder auf Grundlage Ihrer Zustimmung, die Sie ablehnen oder jederzeit widerrufen k\u00f6nnen.<\/p>\n<p><strong>Welche personenbezogenen Daten verarbeiten wir<\/strong><\/p>\n<p>Wir verarbeiten Identifikationsdaten der Kunden, die es erm\u00f6glichen, eine nat\u00fcrliche Person im Rahmen der Erf\u00fcllung gesetzlicher Zwecke zu identifizieren, Kontaktdaten f\u00fcr die Kommunikation sowie gegebenenfalls weitere pr\u00e4zisierende Informationen im Zusammenhang mit den erbrachten Dienstleistungen und Aktivit\u00e4ten des Unternehmens. Zu den Kontaktdaten geh\u00f6ren insbesondere\u00a0 angegebener Name, Vorname, Adresse, Telefonnummer und E-Mail-Adresse.<\/p>\n<p>Informationen \u00fcber die verarbeiteten personenbezogenen Daten sind in den Registrierungsbedingungen oder der erteilten Einwilligung bzw. den Informationen zur Verarbeitung personenbezogener Daten enthalten..<\/p>\n<p><strong>Dauer der Verarbeitung personenbezogener Daten<\/strong><\/p>\n<p>Wir verarbeiten personenbezogene Daten f\u00fcr den Zeitraum, der durch gesetzliche Vorschriften im Falle der gesetzlich vorgeschriebenen Verarbeitung festgelegt ist, f\u00fcr den Zeitraum, der durch das berechtigte Interesse definiert wird, oder f\u00fcr die Dauer der G\u00fcltigkeit der erteilten Einwilligung. Nach Ablauf der Verarbeitungsdauer erfolgt deren Vernichtung durch L\u00f6schung und Aktenvernichtung.<\/p>\n<p><strong>Woher wir personenbezogene Daten erhalten<\/strong><\/p>\n<p>Von Ihnen, basierend auf der Registrierung oder einem anderen gesetzlichen Zweck.<br \/>\nVon anderen Verantwortlichen f\u00fcr personenbezogene Daten mit Ihrer Zustimmung oder auf Ihren Auftrag.<\/p>\n<p><strong>Zu welchen Zwecken wir personenbezogene Daten verarbeiten<\/strong><\/p>\n<p>Wir verarbeiten personenbezogene Daten im Zusammenhang mit den von uns bereitgestellten Dienstleistungen und zur Durchf\u00fchrung aller Aktivit\u00e4ten, die zur Bereitstellung dieser Dienstleistungen erforderlich sind.<\/p>\n<p>Dar\u00fcberhinaus verarbeiten wir personenbezogene Daten zum Schutz unserer Rechte und rechtlich gesch\u00fctzter Interessen, zur Bewertung und Verbesserung der Qualit\u00e4t unserer Dienstleistungen und zur Steigerung der Kundenzufriedenheit mit unseren Dienstleistungen.<\/p>\n<p>F\u00fcr weitere Zwecke mit Ihrer Zustimmung, beispielsweise zur Information \u00fcber neue Dienstleistungen oder Aktionen f\u00fcr unsere Kunden.<\/p>\n<p><strong>Verwendung von Cookies auf unseren Webseiten<\/strong><\/p>\n<p>Wir verwenden Cookies nur zu rein technischen Zwecken. Es handelt sich ausschlie\u00dflich um notwendige Cookies, ohne die wir den Service technisch nicht bereitstellen k\u00f6nnen. Mit diesen Cookies verbinden wir keine durch Sie erhaltenen Daten mit anderen Daten und arbeiten mit Cookies so, dass sie keine Identifikation von konkreten Personen erm\u00f6glichen.Tempor\u00e4re Cookies werden nur auf Ihrem Computer gespeichert, bis Sie den Browser schlie\u00dfen.<\/p>\n<p><strong>Automatisierte individuelle Entscheidungen, einschlie\u00dflich Profiling<\/strong><\/p>\n<p>Im Rahmen der Erf\u00fcllung der uns gesetzlich auferlegten Pflichten im Zusammenhang mit dem Betrieb von Gl\u00fccksspielangeboten kommt es zu automatisierten Entscheidungen bei der Verarbeitung personenbezogener Daten. Automatisierte Entscheidungen werden verwendet, um personenbezogene Daten von Personen zu \u00fcberpr\u00fcfen, denen die Teilnahme an Gl\u00fccksspielen nicht erm\u00f6glicht werden kann, sei es aufgrund nationaler, unionsrechtlicher oder internationaler Vorschriften.<\/p>\n<p><strong>\u00dcberwachungssystem und Kameraufnahmen<\/strong><\/p>\n<p>Wir betreiben ein \u00dcberwachungssystem zum Zweck unseres berechtigten Interesses, n\u00e4mlich dem Schutz von Eigentum und Gesundheit sowie ggf. zur Erf\u00fcllung gesetzlicher Verpflichtungen. Diese Aufnahmen werden in \u00dcbereinstimmung mit den allgemein g\u00fcltigen gesetzlichen Bestimmungen aufbewahrt.<\/p>\n<p>Im Zusammenhang mit dem Betrieb von Gl\u00fccksspielen betreiben wir au\u00dferdem \u00dcberwachungssysteme zur Erf\u00fcllung der im Gesetz Nr. 186\/2016 Slg. \u00fcber Gl\u00fccksspiel festgelegten Pflichten, gem\u00e4\u00df den von den lokalen Beh\u00f6rden genehmigten Kameraschemata. Diese Aufnahmen werden gesetzlich f\u00fcr einen Zeitraum von 2 Jahren aufbewahrt.<\/p>\n<p><strong>Wie wir personenbezogene Daten sch\u00fctzen<\/strong><\/p>\n<p>Die Verarbeitung personenbezogener Daten in unserem Unternehmen wird durch eine Datenschutzpolitik geregelt. Es sind konkrete Schritte und Prozesse zur organisatorischen und technischen Absicherung festgelegt. Die Richtlinien und Verfahren zum Schutz personenbezogener Daten werden regelm\u00e4\u00dfig aktualisiert und ihre Einhaltung wird kontinuierlich \u00fcberwacht. Bei der Verarbeitung verwenden wir Sicherheitsmechanismen, die den Schutz personenbezogener Daten auf dem h\u00f6chstm\u00f6glichen Niveau gew\u00e4hrleisten, um zuf\u00e4llige oder unrechtm\u00e4\u00dfige Zerst\u00f6rung, Verlust, \u00c4nderung, unbefugte Offenlegung oder den unbefugten Zugriff auf \u00fcbermittelte, gespeicherte oder anderweitig verarbeitete personenbezogene Daten zu verhindern.<\/p>\n<p>Mitarbeiter und Personen, die im Rahmen ihrer Arbeits- oder vertraglichen Pflichten mit personenbezogenen Daten arbeiten, sind zur Verschwiegenheit verpflichtet, die durch Gesetzgebung oder vertragliche Vereinbarungen festgelegt ist. Diese Verschwiegenheitspflicht gilt auch nach Beendigung ihres Arbeits- oder Vertragsverh\u00e4ltnisses mit uns..<\/p>\n<p><strong>Wem und unter welchen Bedingungen wir personenbezogene Daten weitergeben<\/strong><\/p>\n<p>\u00d6ffentlichen Stellen und staatlichen Beh\u00f6rden zur Erf\u00fcllung gesetzlicher Pflichten.<\/p>\n<p>Anderen Stellen nur auf Ihre Anweisung oder mit Ihrer Zustimmung.<\/p>\n<p>Wir verlangen stets von den Empf\u00e4ngern die Sicherstellung des Schutzes personenbezogener Daten im Hinblick auf die Sicherheit und den Schutz der Rechte der betroffenen Person gem\u00e4\u00df den Anforderungen der DSGVO und den entsprechenden rechtlichen Vorschriften.<\/p>\n<p><strong>Verarbeitung personenbezogener Daten mit erteilter Zustimmung<\/strong><\/p>\n<p>Im Falle der Verarbeitung auf Grundlage einer informierten Zustimmung entscheiden Sie immer frei, ob Sie Ihre Zustimmung zur Verarbeitung Ihrer personenbezogenen Daten in dem von uns vorgeschlagenen Umfang erteilen, diese einschr\u00e4nken oder die Zustimmung ablehnen. Wir sind an den Umfang der erteilten Zustimmung gebunden.<\/p>\n<p>Die erteilte Zustimmung k\u00f6nnen Sie jederzeit widerrufen. Kontakt zum Widerruf der Zustimmung: <a href=\"mailto:oou@apex-gaming.com\">oou@apex-gaming.com<\/a><\/p>\n<p>Im Falle der Ablehnung der Zustimmung oder des Widerrufs bereits erteilter Zustimmung werden wir die Verarbeitung der betroffenen personenbezogenen Daten so schnell wie m\u00f6glich beenden, basierend auf den technischen und organisatorischen M\u00f6glichkeiten.<\/p>\n<p>Die Zustimmung zur Verarbeitung personenbezogener Daten k\u00f6nnen Sie jederzeit erneut erteilen.<\/p>\n<p><strong>Rechte der betroffenen Person<\/strong><\/p>\n<p>Als betroffene Person haben Sie das Recht auf:<\/p>\n<p><strong>&#8211; Zugang<\/strong> zu Ihren personenbezogenen Daten gem\u00e4\u00df Art. 15 DSGVO<br \/>\n<strong>&#8211; Berichtigung unrichtiger<\/strong> und Erg\u00e4nzung unvollst\u00e4ndiger personenbezogener Daten gem\u00e4\u00df Art. 16 DSGVO<br \/>\n<strong>&#8211; L\u00f6schung<\/strong> personenbezogener Daten gem\u00e4\u00df Art. 17 DSGVO<br \/>\n<strong>&#8211; Einschr\u00e4nkung<\/strong> der Verarbeitung gem\u00e4\u00df Art. 18 DSGVO<br \/>\n<strong>&#8211; Widerspruch<\/strong> gegen die Verarbeitung gem\u00e4\u00df Art. 21 DSGVO<br \/>\n<strong>&#8211; Daten\u00fcbertragbarkeit<\/strong> gem\u00e4\u00df Art. 20 DSGVO<br \/>\n<strong>&#8211; Eine Beschwerde<\/strong> bei der Datenschutzbeh\u00f6rde einzureichen, wenn Sie der Ansicht sind, dass Ihr Recht auf Datenschutz verletzt wurde.<\/p>\n<p>Ihre Anfrage wird ohne unangemessene Verz\u00f6gerung gem\u00e4\u00df den geltenden gesetzlichen Bestimmungen bearbeitet.<\/p>\n<p><strong>Wie Sie Ihre Rechte im Bereich personenbezogener Daten geltend machen k\u00f6nnen<\/strong><\/p>\n<p>Sie haben die M\u00f6glichkeit, Ihre Rechte auf folgende Weise geltend zu machen:<\/p>\n<p>Per E-Mail an: <a href=\"mailto:oou@apex-gaming.com\">oou@apex-gaming.com<\/a><br \/>\nPers\u00f6nlich in der Betriebsst\u00e4tte von IMPERIAL CASINO STR\u00c1\u017dN\u00dd<br \/>\nPer elektronischem Postfach (Datenschrank): b2gcuvm<strong>\u00a0<\/strong><\/p>\n<p><strong>Schriftlich an unsere Adresse:<\/strong><\/p>\n<p>APEX gaming EUROPE a.s.<br \/>\nPov\u011b\u0159enec pro ochranu osobn\u00edch \u00fadaj\u016f<br \/>\nPod Stromovkou 207, 370 01 Litv\u00ednovice<\/p>\n<p><strong>Informationen \u00fcber die Grunds\u00e4tze der Verarbeitung personenbezogener Daten<\/strong><\/p>\n<p>Die Grunds\u00e4tze der Verarbeitung und des Schutzes personenbezogener Daten sind in \u00f6ffentlicher Form auf der Website <a href=\"http:\/\/www.imperialcasino.eu\/strazny\/\">www.imperialcasino.eu\/strazny\/<\/a> \u00a0ver\u00f6ffentlicht.<br \/>\nMit den Grunds\u00e4tzen zum Schutz personenbezogener Daten machen unsere Mitarbeiter die betroffenen Personen auch aktiv bei der Registrierung vertraut.<\/p>\n<p><strong>Abschlie\u00dfende Bestimmungen<\/strong><\/p>\n<p>Das Dokument wird regelm\u00e4\u00dfig aktualisiert.<br \/>\nG\u00fcltigkeit des Dokuments ab dem 1. Dezember 2024.<\/p>\n<p>&nbsp;<\/p>\n","protected":false},"excerpt":{"rendered":"<p>&nbsp; Apex gaming EUROPE a.s., mit Sitz in V\u00e1clavsk\u00e9 n\u00e1m. 808\/66, Praha 1 \u2013&#8230;<\/p>\n","protected":false},"author":1,"featured_media":0,"parent":0,"menu_order":0,"comment_status":"closed","ping_status":"closed","template":"","meta":{"footnotes":""},"class_list":["post-2206","page","type-page","status-publish","hentry"],"acf":[],"_links":{"self":[{"href":"https:\/\/www.imperialcasino.eu\/strazny\/wp-json\/wp\/v2\/pages\/2206","targetHints":{"allow":["GET"]}}],"collection":[{"href":"https:\/\/www.imperialcasino.eu\/strazny\/wp-json\/wp\/v2\/pages"}],"about":[{"href":"https:\/\/www.imperialcasino.eu\/strazny\/wp-json\/wp\/v2\/types\/page"}],"author":[{"embeddable":true,"href":"https:\/\/www.imperialcasino.eu\/strazny\/wp-json\/wp\/v2\/users\/1"}],"replies":[{"embeddable":true,"href":"https:\/\/www.imperialcasino.eu\/strazny\/wp-json\/wp\/v2\/comments?post=2206"}],"version-history":[{"count":0,"href":"https:\/\/www.imperialcasino.eu\/strazny\/wp-json\/wp\/v2\/pages\/2206\/revisions"}],"wp:attachment":[{"href":"https:\/\/www.imperialcasino.eu\/strazny\/wp-json\/wp\/v2\/media?parent=2206"}],"curies":[{"name":"wp","href":"https:\/\/api.w.org\/{rel}","templated":true}]}}