{"id":3,"date":"2020-06-16T11:09:05","date_gmt":"2020-06-16T09:09:05","guid":{"rendered":"http:\/\/www.imperialcasino.eu\/strazny\/?page_id=3"},"modified":"2024-12-03T17:57:07","modified_gmt":"2024-12-03T16:57:07","slug":"ochrana-osobnich-udaju","status":"publish","type":"page","link":"https:\/\/www.imperialcasino.eu\/strazny\/ochrana-osobnich-udaju\/","title":{"rendered":"Z\u00e1sady ochrany osobn\u00edch \u00fadaj\u016f"},"content":{"rendered":"<p>&nbsp;<\/p>\n<p><strong>Apex gaming EUROPE a.s.<\/strong>, se s\u00eddlem: V\u00e1clavsk\u00e9 n\u00e1m. 808\/66, Praha 1 \u2013 Nov\u00e9 M\u011bsto 110 00,\u00a0deklaruje \u0161irok\u00e9 ve\u0159ejnosti p\u0159ijet\u00edm Z\u00e1sad zpracov\u00e1n\u00ed a ochrany osobn\u00edch \u00fadaj\u016f sv\u016fj p\u0159\u00edstup k ochran\u011b osobn\u00edch \u00fadaj\u016f jako jednu ze sv\u00fdch priorit. Tyto Z\u00e1sady jsou uve\u0159ejn\u011bny na webov\u00fdch str\u00e1nk\u00e1ch spole\u010dnosti na adrese\u00a0<a href=\"https:\/\/www.imperialcasino.eu\/\">www.imperialcasino.eu<\/a>\u00a0.<\/p>\n<p><strong>Z\u00c1SADY O ZPRACOV\u00c1N\u00cd A OCHRANY OSOBN\u00cdCH \u00daDAJ\u016e<\/strong><\/p>\n<p>Ochrana osobn\u00edch \u00fadaj\u016f m\u00e1 pro n\u00e1s vysokou prioritu. Zde V\u00e1m poskytujeme informace o tom, jak\u00e9 osobn\u00ed \u00fadaje jsou v r\u00e1mci v\u0161ech na\u0161ich spole\u010dnost\u00ed shroma\u017e\u010fov\u00e1ny, jak jsou zpracov\u00e1v\u00e1ny, z jak\u00fdch zdroj\u016f je z\u00edsk\u00e1v\u00e1me a k jak\u00fdm \u00fa\u010del\u016fm vyu\u017e\u00edv\u00e1me, komu je poskytujeme, kde je mo\u017en\u00e9 z\u00edskat informace o zpracov\u00e1n\u00ed osobn\u00edch \u00fadaj\u016f a jak\u00e1 jsou provedena opat\u0159en\u00ed pro zabezpe\u010den\u00ed Va\u0161ich osobn\u00edch \u00fadaj\u016f proti p\u0159\u00edpadn\u00e9mu zneu\u017eit\u00ed.<\/p>\n<p>Osobn\u00ed \u00fadaje zpracov\u00e1v\u00e1me v souladu s legislativou upravuj\u00edc\u00ed oblast ochrany osobn\u00edch \u00fadaj\u016f, mj. na\u0159\u00edzen\u00edm Evropsk\u00e9ho parlamentu a Rady (EU) 2016\/679 ze dne 27. dubna 2016 o ochran\u011b fyzick\u00fdch osob v souvislosti se zpracov\u00e1n\u00edm osobn\u00edch \u00fadaj\u016f a o voln\u00e9m pohybu t\u011bchto \u00fadaj\u016f (GDPR). Vedeme evidenci v\u0161ech zpracov\u00e1van\u00fdch osobn\u00edch \u00fadaj\u016f a jsme spr\u00e1vci t\u011bchto \u00fadaj\u016f.<\/p>\n<p>Osobn\u00ed \u00fadaje ukl\u00e1d\u00e1me a zpracov\u00e1v\u00e1me pouze pro ur\u010dit\u00e9, v\u00fdslovn\u011b vyj\u00e1d\u0159en\u00e9 z\u00e1konn\u00e9 \u00fa\u010dely, p\u0159i kter\u00fdch je poskytnut\u00ed na\u0161ich slu\u017eeb v\u00e1z\u00e1no na zpracov\u00e1n\u00ed osobn\u00edch \u00fadaj\u016f, nebo na z\u00e1klad\u011b Va\u0161eho souhlasu, kdy souhlas se zpracov\u00e1n\u00edm m\u016f\u017eete odm\u00edtnout p\u0159\u00edpadn\u011b kdykoliv odvolat.<\/p>\n<p><strong>Jak\u00e9 osobn\u00ed \u00fadaje zpracov\u00e1v\u00e1me <\/strong><\/p>\n<p>Zpracov\u00e1v\u00e1me identifika\u010dn\u00ed osobn\u00ed \u00fadaje klient\u016f umo\u017e\u0148uj\u00edc\u00ed identifikaci fyzick\u00e9 osoby v r\u00e1mci pln\u011bn\u00ed z\u00e1konn\u00fdch \u00fa\u010del\u016f, kontaktn\u00ed osobn\u00ed \u00fadaje pro komunikaci, p\u0159\u00edpadn\u011b dal\u0161\u00ed up\u0159es\u0148uj\u00edc\u00ed informace souvisej\u00edc\u00ed s poskytovan\u00fdmi slu\u017ebami a \u010dinnostmi spole\u010dnosti. Kontaktn\u00edmi \u00fadaji se rozum\u00ed zejm\u00e9na jm\u00e9no, p\u0159\u00edjmen\u00ed,uveden\u00e1 adresa, \u010d\u00edslo telefonu, e-mailov\u00e1 adresa.<\/p>\n<p>Informace o zpracov\u00e1van\u00fdch osobn\u00edch \u00fadaj\u00edch je uvedena v podm\u00ednk\u00e1ch registrace nebo v ud\u011blovan\u00e9m souhlasu \u010di informaci o zpracov\u00e1n\u00ed osobn\u00edch \u00fadaj\u016f.<\/p>\n<p><strong>Doba zpracov\u00e1n\u00ed osobn\u00edch \u00fadaj\u016f<\/strong><\/p>\n<p>Osobn\u00ed \u00fadaje zpracov\u00e1v\u00e1me po dobu stanovenou pr\u00e1vn\u00edmi p\u0159edpisy v p\u0159\u00edpad\u011b z\u00e1konn\u00e9ho zpracov\u00e1n\u00ed, po dobu definovanou opr\u00e1vn\u011bn\u00fdm z\u00e1jem nebo po dobu platnosti ud\u011blen\u00e9ho souhlasu. Po skon\u010den\u00ed doby zpracov\u00e1n\u00ed provedeme jejich likvidaci v\u00fdmazem a skartac\u00ed.<\/p>\n<p><strong>Kde z\u00edsk\u00e1v\u00e1me osobn\u00ed \u00fadaje<\/strong><\/p>\n<p>Od V\u00e1s na z\u00e1klad\u011b registrace nebo jin\u00e9ho z\u00e1konn\u00e9ho \u00fa\u010delu.<br \/>\nOd dal\u0161\u00edch spr\u00e1vc\u016f osobn\u00edch \u00fadaj\u016f s Va\u0161\u00edm souhlasem nebo na V\u00e1\u0161 pokyn.<\/p>\n<p><strong>Pro jak\u00e9 \u00fa\u010dely zpracov\u00e1v\u00e1me osobn\u00ed \u00fadaje<\/strong><\/p>\n<p>Osobn\u00ed \u00fadaje zpracov\u00e1v\u00e1me v souvislosti s\u00a0n\u00e1mi poskytovan\u00fdmi slu\u017ebami a pro zaji\u0161t\u011bn\u00ed v\u0161ech \u010dinnost\u00ed vy\u017eadovan\u00fdch k poskytov\u00e1n\u00ed t\u011bchto slu\u017eeb.<\/p>\n<p>Osobn\u00ed \u00fadaje d\u00e1le zpracov\u00e1v\u00e1me pro ochranu na\u0161ich pr\u00e1v a pr\u00e1vem chr\u00e1n\u011bn\u00fdch z\u00e1jm\u016f, pro vyhodnocov\u00e1n\u00ed a zvy\u0161ov\u00e1n\u00ed kvality n\u00e1mi poskytovan\u00fdch slu\u017eeb a zvy\u0161ov\u00e1n\u00ed spokojenosti v\u00e1s, na\u0161ich klient\u016f s\u00a0na\u0161imi slu\u017ebami.<\/p>\n<p>Pro dal\u0161\u00ed \u00fa\u010dely s Va\u0161\u00edm souhlasem, nap\u0159\u00edklad pro informov\u00e1n\u00ed o nov\u00fdch slu\u017eb\u00e1ch nebo akc\u00edch pro na\u0161e klienty.<\/p>\n<p><strong>Zpracov\u00e1n\u00ed Cookies na na\u0161ich webov\u00fdch str\u00e1nk\u00e1ch<\/strong><\/p>\n<p>Cookies nevyu\u017e\u00edv\u00e1me k jin\u00fdm ne\u017e \u010dist\u011b technick\u00fdm \u00fa\u010del\u016fm. Jedna se pouze o nezbytn\u00e1 cookies bez kter\u00fdch nem\u016f\u017eeme slu\u017ebu technicky poskytnout. S t\u011bmito cookies nespojujeme \u00fadaje z\u00edskan\u00e9 d\u00edky nim s jak\u00fdmikoliv jin\u00fdmi \u00fadaji a pracujeme s cookies tak, \u017ee neumo\u017e\u0148uj\u00ed identifikovat konkr\u00e9tn\u00ed osoby.<br \/>\nDo\u010dasn\u00e9 cookies jsou ulo\u017eeny ve va\u0161em po\u010d\u00edta\u010di jen do ukon\u010den\u00ed prohl\u00ed\u017ee\u010de.<\/p>\n<p><strong>Automatizovan\u00e9 individu\u00e1ln\u00ed rozhodov\u00e1n\u00ed, v\u010detn\u011b profilov\u00e1n\u00ed<\/strong><\/p>\n<p>V\u00a0r\u00e1mci pln\u011bn\u00ed pr\u00e1vn\u00edch povinnost\u00ed stanoven\u00fdch n\u00e1m z\u00e1konem v\u00a0souvislosti s\u00a0provozov\u00e1n\u00edm hazardn\u00edch her doch\u00e1z\u00ed k\u00a0automatizovan\u00e9mu rozhodov\u00e1n\u00ed p\u0159i zpracov\u00e1n\u00ed osobn\u00edch \u00fadaj\u016f. Automatizovan\u00e9 rozhodov\u00e1n\u00ed je vyu\u017e\u00edv\u00e1no ke kontrole osobn\u00edch \u00fadaj\u016f osob, kter\u00fdm nem\u016f\u017ee b\u00fdt umo\u017en\u011bna \u00fa\u010dast na hazardn\u00edch hr\u00e1ch, a\u0165 u\u017e na z\u00e1klad\u011b pr\u00e1va n\u00e1rodn\u00edho, unijn\u00edho \u010di mezin\u00e1rodn\u00edho.<\/p>\n<p><strong>Kamerov\u00fd syst\u00e9m a kamerov\u00e9 z\u00e1znamy<\/strong><\/p>\n<p>Provozujeme kamerov\u00fd syst\u00e9m za \u00fa\u010delem na\u0161eho opr\u00e1vn\u011bn\u00e9ho z\u00e1jmu, kter\u00fdm je ochrana majetku a zdrav\u00ed, pop\u0159. v\u00a0souladu s\u00a0povinnostmi vypl\u00fdvaj\u00edc\u00edch z\u00a0pr\u00e1vn\u00edch p\u0159edpis\u016f. Tyto z\u00e1znamy jsou uchov\u00e1v\u00e1ny v\u00a0souladu s\u00a0obecn\u011b platn\u00fdmi pr\u00e1vn\u00edmi p\u0159edpisy.<\/p>\n<p>Ve vztahu k\u00a0provozov\u00e1n\u00ed hazardn\u00edch her d\u00e1le provozujeme kamerov\u00e9 syst\u00e9my za \u00fa\u010delem pln\u011bn\u00ed povinnost\u00ed stanoven\u00fdch z\u00e1konem \u010d. 186\/2016 Sb., o hazardn\u00edch hr\u00e1ch, a to dle kamerov\u00fdch sch\u00e9mat schv\u00e1len\u00fdch m\u00edstn\u00edmi \u00fa\u0159ady. Tyto z\u00e1znamy jsou ze z\u00e1kona uchov\u00e1v\u00e1ny po dobu 2 let.<\/p>\n<p><strong>Jak chr\u00e1n\u00edme osobn\u00ed \u00fadaje<\/strong><\/p>\n<p>Zpracov\u00e1n\u00ed osobn\u00edch \u00fadaj\u016f v na\u0161\u00ed spole\u010dnosti je \u0159\u00edzeno politikou prosazov\u00e1n\u00ed ochrany osobn\u00edch \u00fadaj\u016f. Jsou stanoveny konkr\u00e9tn\u00ed kroky a procesy organiza\u010dn\u00edho i technick\u00e9ho zabezpe\u010den\u00ed. Pokyny a postupy ochrany osobn\u00edch \u00fadaj\u016f jsou pravideln\u011b aktualizov\u00e1ny a jejich pln\u011bn\u00ed je pod neust\u00e1lou kontrolou. P\u0159i zpracov\u00e1n\u00ed vyu\u017e\u00edv\u00e1me bezpe\u010dnostn\u00ed mechanismy zaji\u0161\u0165uj\u00edc\u00ed ochranu osobn\u00edch \u00fadaj\u016f na co nejvy\u0161\u0161\u00ed mo\u017en\u00e9 \u00farovni p\u0159ed n\u00e1hodn\u00fdm nebo protipr\u00e1vn\u00edm zni\u010den\u00edm, ztr\u00e1tou, pozm\u011b\u0148ov\u00e1n\u00edm, neopr\u00e1vn\u011bn\u00e9mu zp\u0159\u00edstupn\u011bn\u00ed p\u0159ed\u00e1van\u00fdch, ulo\u017een\u00fdch nebo jinak zpracov\u00e1van\u00fdch osobn\u00edch \u00fadaj\u016f, nebo neopr\u00e1vn\u011bn\u00fd p\u0159\u00edstup k nim.<\/p>\n<p>Zam\u011bstnanci a osoby, kter\u00e9 s osobn\u00edmi \u00fadaji pracuj\u00ed v r\u00e1mci sv\u00fdch pracovn\u00edch \u010di smluvn\u011b dan\u00fdch povinnost\u00ed, jsou v\u00e1z\u00e1ny ml\u010denlivost\u00ed danou legislativou nebo smluvn\u00edm vztahem, ml\u010denlivost trv\u00e1 i po skon\u010den\u00ed jejich pracovn\u00edho nebo smluvn\u00edho vztahu k n\u00e1m.<\/p>\n<p><strong>Komu a za jak\u00fdch podm\u00ednek p\u0159ed\u00e1v\u00e1me osobn\u00ed \u00fadaje<\/strong><\/p>\n<p>Subjekt\u016fm ve\u0159ejn\u00e9 moci a st\u00e1tn\u00edm org\u00e1n\u016fm p\u0159i pln\u011bn\u00ed z\u00e1konn\u00fdch povinnost\u00ed.<\/p>\n<p>Dal\u0161\u00edm subjekt\u016fm, a to pouze na V\u00e1\u0161 pokyn nebo s Va\u0161\u00edm souhlasem.<\/p>\n<p>V\u017edy vy\u017eadujeme od p\u0159\u00edjemc\u016f zaji\u0161t\u011bn\u00ed osobn\u00edch \u00fadaj\u016f z hlediska bezpe\u010dnosti a ochrany s ohledem na pr\u00e1va subjektu \u00fadaj\u016f na \u00farovni stanoven\u00e9 GDPR a p\u0159\u00edslu\u0161n\u00fdm pr\u00e1vn\u00edmi p\u0159edpisy.<\/p>\n<p><strong>Zpracov\u00e1v\u00e1n\u00ed osobn\u00edch \u00fadaj\u016f s ud\u011blen\u00fdm souhlasem<\/strong><\/p>\n<p>V p\u0159\u00edpad\u011b zpracov\u00e1n\u00ed na z\u00e1klad\u011b informovan\u00e9ho souhlasu v\u017edy svobodn\u011b rozhodnete, zda sv\u016fj souhlas ke zpracov\u00e1n\u00ed sv\u00fdch osobn\u00edch \u00fadaj\u016f v n\u00e1mi navr\u017een\u00e9m rozsahu poskytnete, p\u0159\u00edpadn\u011b omez\u00edte, nebo odm\u00edtnete souhlas ud\u011blit. Jsme v\u00e1z\u00e1ni rozsahem poskytnut\u00e9ho souhlasu.<\/p>\n<p>Poskytnut\u00fd souhlas m\u016f\u017eete kdykoliv odvolat. Kontakt pro odvol\u00e1n\u00ed souhlasu:\u00a0<a href=\"mailto:oou@apex-gaming.com\">oou@apex-gaming.com<\/a><\/p>\n<p>V p\u0159\u00edpad\u011b odm\u00edtnut\u00ed ud\u011blen\u00ed souhlasu nebo odvol\u00e1n\u00ed ji\u017e poskytnut\u00e9ho souhlasu, ukon\u010d\u00edme zpracov\u00e1n\u00ed dot\u010den\u00fdch osobn\u00edch \u00fadaj\u016f v co nejbli\u017e\u0161\u00edm mo\u017en\u00e9m term\u00ednu, kter\u00fd je stanoven technick\u00fdmi a organiza\u010dn\u00edmi mo\u017enostmi.<\/p>\n<p>Souhlas se zpracov\u00e1n\u00edm osobn\u00edch \u00fadaj\u016f m\u016f\u017eete op\u011bt kdykoliv ud\u011blit.<\/p>\n<p><strong>Pr\u00e1va subjektu \u00fadaj\u016f<\/strong><\/p>\n<p>Jako subjekt osobn\u00edch \u00fadaj\u016f m\u00e1te pr\u00e1vo na:<\/p>\n<p><strong>&#8211; p\u0159\u00edstup <\/strong>ke sv\u00fdm osobn\u00edm \u00fadaj\u016fm dle \u010dl. 15 GDPR<br \/>\n<strong>&#8211; opravu <\/strong>nep\u0159esn\u00fdch a dopln\u011bn\u00ed ne\u00fapln\u00fdch osobn\u00edch \u00fadaj\u016f dle \u010dl. 16 GDPR<br \/>\n<strong>&#8211; v\u00fdmaz <\/strong>osobn\u00edch \u00fadaj\u016f dle \u010dl. 17 GDPR<br \/>\n<strong>&#8211; omezen\u00ed <\/strong>zpracov\u00e1n\u00ed dle \u010dl. 18 GDPR<br \/>\n<strong>&#8211; vzn\u00e9st n\u00e1mitku <\/strong>proti zpracov\u00e1n\u00ed dle \u010dl. 21 GDPR<br \/>\n<strong>&#8211; p\u0159enositelnost \u00fadaj\u016f <\/strong>dle \u010dl. 20 GDPR<br \/>\n<strong>&#8211; podat st\u00ed\u017enost <\/strong>u \u00da\u0159adu pro ochranu osobn\u00edch \u00fadaj\u016f, pokud se domn\u00edv\u00e1te, \u017ee bylo poru\u0161eno va\u0161e pr\u00e1vo na ochranu osobn\u00edch \u00fadaj\u016f<\/p>\n<p>Va\u0161e \u017e\u00e1dost bude vy\u0159\u00edzena bez zbyte\u010dn\u00e9ho odkladu v souladu s platn\u00fdmi pr\u00e1vn\u00edmi p\u0159edpisy.<\/p>\n<p><strong>Jak m\u016f\u017eete po\u017e\u00e1dat o pln\u011bn\u00ed pr\u00e1v v oblasti osobn\u00edch \u00fadaj\u016f<\/strong><\/p>\n<p>M\u00e1te mo\u017enost uplatnit Va\u0161e pr\u00e1va n\u00e1sleduj\u00edc\u00edm zp\u016fsobem:<\/p>\n<p>E-mailem: <a href=\"mailto:oou@apex-gaming.com\">oou@apex-gaming.com<\/a><br \/>\nOsobn\u011b v provozovn\u011b IMPERIAL CASINO STR\u00c1\u017dN\u00dd<br \/>\nDatovou schr\u00e1nkou: b2gcuvm<\/p>\n<p><strong>P\u00edsemn\u011b na na\u0161i adresu:<\/strong><\/p>\n<p>APEX gaming EUROPE a.s.<br \/>\nPov\u011b\u0159enec pro ochranu osobn\u00edch \u00fadaj\u016f<br \/>\nPod Stromovkou 207, 370 01 Litv\u00ednovice<\/p>\n<p><strong>Informov\u00e1n\u00ed o z\u00e1sad\u00e1ch zpracov\u00e1n\u00ed osobn\u00edch \u00fadaj\u016f<\/strong><\/p>\n<p>Z\u00e1sady zpracov\u00e1n\u00ed a ochrany osobn\u00edch \u00fadaj\u016f jsou ve form\u011b pro ve\u0159ejnost zve\u0159ejn\u011bny na internetov\u00fdch str\u00e1nk\u00e1ch\u00a0<a href=\"https:\/\/www.imperialcasino.eu\/strazny\/\">www.imperialcasino.eu\/strazny<\/a>\u00a0.<br \/>\nSe z\u00e1sadami ochrany osobn\u00edch \u00fadaj\u016f tak\u00e9 aktivn\u011b seznamuj\u00ed subjekty \u00fadaj\u016f na\u0161i pracovn\u00edci p\u0159i registraci.<\/p>\n<p><strong>Z\u00e1v\u011bre\u010dn\u00e1 ustanoven\u00ed<\/strong><\/p>\n<p>Dokument je pravideln\u011b aktualizov\u00e1n.<br \/>\nPlatnost dokumentu od dne 1.12.2024.<\/p>\n<p>&nbsp;<\/p>\n","protected":false},"excerpt":{"rendered":"<p>&nbsp; Apex gaming EUROPE a.s., se s\u00eddlem: V\u00e1clavsk\u00e9 n\u00e1m. 808\/66, Praha 1 \u2013 Nov\u00e9&#8230;<\/p>\n","protected":false},"author":1,"featured_media":0,"parent":0,"menu_order":0,"comment_status":"closed","ping_status":"closed","template":"","meta":{"footnotes":""},"class_list":["post-3","page","type-page","status-publish","hentry"],"acf":[],"_links":{"self":[{"href":"https:\/\/www.imperialcasino.eu\/strazny\/wp-json\/wp\/v2\/pages\/3","targetHints":{"allow":["GET"]}}],"collection":[{"href":"https:\/\/www.imperialcasino.eu\/strazny\/wp-json\/wp\/v2\/pages"}],"about":[{"href":"https:\/\/www.imperialcasino.eu\/strazny\/wp-json\/wp\/v2\/types\/page"}],"author":[{"embeddable":true,"href":"https:\/\/www.imperialcasino.eu\/strazny\/wp-json\/wp\/v2\/users\/1"}],"replies":[{"embeddable":true,"href":"https:\/\/www.imperialcasino.eu\/strazny\/wp-json\/wp\/v2\/comments?post=3"}],"version-history":[{"count":0,"href":"https:\/\/www.imperialcasino.eu\/strazny\/wp-json\/wp\/v2\/pages\/3\/revisions"}],"wp:attachment":[{"href":"https:\/\/www.imperialcasino.eu\/strazny\/wp-json\/wp\/v2\/media?parent=3"}],"curies":[{"name":"wp","href":"https:\/\/api.w.org\/{rel}","templated":true}]}}