{"id":503,"date":"2020-08-31T17:30:51","date_gmt":"2020-08-31T15:30:51","guid":{"rendered":"http:\/\/www.imperialcasino.eu\/strazny\/?page_id=503"},"modified":"2024-02-14T20:22:11","modified_gmt":"2024-02-14T19:22:11","slug":"sluzby","status":"publish","type":"page","link":"https:\/\/www.imperialcasino.eu\/strazny\/sluzby\/","title":{"rendered":"Slu\u017eby"},"content":{"rendered":"<section class=\"wpb-content-wrapper\">[vc_row el_id=&#8220;hotel&#8220; el_class=&#8220;hotel&#8220; css=&#8220;.vc_custom_1605531281517{padding-bottom: 50px !important;}&#8220;][vc_column][vc_custom_heading text=&#8220;Slu\u017eby&#8220; font_container=&#8220;tag:h1|text_align:left&#8220; use_theme_fonts=&#8220;yes&#8220; el_class=&#8220;hlavni-nadpis&#8220;][\/vc_column][\/vc_row][vc_row full_width=&#8220;stretch_row&#8220; content_placement=&#8220;top&#8220; el_id=&#8220;hotel-obsah&#8220; el_class=&#8220;jidelni-listek&#8220; css=&#8220;.vc_custom_1605531163673{padding-bottom: 117px !important;}&#8220;][vc_column width=&#8220;1\/2&#8243; el_id=&#8220;sluzby-left&#8220; el_class=&#8220;sluzby-left&#8220; css=&#8220;.vc_custom_1605532029954{padding-right: 40px !important;}&#8220;][vc_column_text css=&#8220;.vc_custom_1605689950588{padding-top: 20px !important;}&#8220;]\n<div class=\"suroviny\">DARUJTE ATMOSF\u00c9RU LAS VEGAS<\/div>\n[\/vc_column_text][vc_column_text]Hled\u00e1te origin\u00e1ln\u00ed d\u00e1rek pro Va\u0161e bl\u00edzk\u00e9? U n\u00e1s m\u00e1te na v\u00fdb\u011br z\u00a0n\u011bkolika mo\u017enost\u00ed. Pro milovn\u00edky her jsme p\u0159ipravili d\u00e1rkov\u00fd poukaz, kter\u00fd lze vyu\u017e\u00edt jak na v\u00fdhern\u00edch automatech tak na \u017eiv\u00e9 h\u0159e. Pro fanou\u0161ky dobr\u00e9ho j\u00eddla a pohody nab\u00edz\u00edme vouchery do restaurace nebo k\u00a0pobytu v na\u0161em hotelu.[\/vc_column_text][vc_column_text css=&#8220;.vc_custom_1605531867133{padding-top: 20px !important;}&#8220;]\n<h3>gutschein<\/h3>\n[\/vc_column_text][vc_column_text]D\u00e1rkov\u00fd poukaz \u201eGUTSCHEIN\u201c nab\u00edz\u00edme ve dvou variant\u00e1ch a zakoup\u00edte jej na pokladn\u011b na\u0161eho casina.[\/vc_column_text][vc_row_inner css=&#8220;.vc_custom_1605533163656{padding-top: 50px !important;}&#8220;][vc_column_inner width=&#8220;1\/2&#8243;][vc_single_image image=&#8220;2383&#8243; img_size=&#8220;&#8220; alignment=&#8220;center&#8220;][vc_column_text]\n<h4 style=\"text-align: center;\"><strong>GUTSCHEIN 25\u20ac<\/strong><\/h4>\n[\/vc_column_text][\/vc_column_inner][vc_column_inner width=&#8220;1\/2&#8243;][vc_single_image image=&#8220;2384&#8243; img_size=&#8220;&#8220; alignment=&#8220;center&#8220;][vc_column_text]\n<h4 style=\"text-align: center;\"><strong>GUTSCHEIN 50\u20ac<\/strong><\/h4>\n[\/vc_column_text][\/vc_column_inner][\/vc_row_inner][vc_row_inner disable_element=&#8220;yes&#8220; css=&#8220;.vc_custom_1606748605733{padding-top: 50px !important;}&#8220;][vc_column_inner width=&#8220;1\/2&#8243;][vc_column_text el_class=&#8220;sluzby-border&#8220;]\n<div class=\"sluzby-price\" style=\"text-align: center;\">25<span class=\"mena-price\">\u20ac<\/span><\/div>\n[\/vc_column_text][vc_column_text]\n<h4 style=\"text-align: center;\"><strong>GUTSCHEIN 25\u20ac<\/strong><\/h4>\n[\/vc_column_text][\/vc_column_inner][vc_column_inner width=&#8220;1\/2&#8243;][vc_column_text el_class=&#8220;sluzby-border&#8220;]\n<div class=\"sluzby-price\" style=\"text-align: center;\">50<span class=\"mena-price\">\u20ac<\/span><\/div>\n[\/vc_column_text][vc_column_text]\n<h4 style=\"text-align: center;\"><strong>GUTSCHEIN 50\u20ac<\/strong><\/h4>\n[\/vc_column_text][\/vc_column_inner][\/vc_row_inner][\/vc_column][vc_column width=&#8220;1\/2&#8243; css=&#8220;.vc_custom_1621948545682{margin-top: 20px !important;margin-bottom: 20px !important;background-color: #bfa146 !important;}&#8220; el_id=&#8220;box-cena&#8220; el_class=&#8220;box-sluzby-cena&#8220; offset=&#8220;vc_hidden-xs&#8220;][vc_custom_heading text=&#8220;N\u00e1\u0161 aktualn\u00ed kurz eur\/czk&#8220; font_container=&#8220;tag:h3|text_align:left&#8220; use_theme_fonts=&#8220;yes&#8220; el_class=&#8220;hlavni-nadpis&#8220; css=&#8220;.vc_custom_1605530897580{padding-left: 40px !important;}&#8220;][vc_column_text el_class=&#8220;text-mezera-sluzby&#8220; css=&#8220;.vc_custom_1605534185202{padding-top: 20px !important;padding-bottom: 70px !important;padding-left: 150px !important;}&#8220;]Na\u0161e kasino poskytuje slu\u017eby sm\u011bn\u00e1rny.[\/vc_column_text][vc_row_inner el_id=&#8220;box-sluzby&#8220; el_class=&#8220;box-hotel&#8220; css=&#8220;.vc_custom_1605530714738{margin-bottom: 30px !important;}&#8220;][vc_column_inner el_class=&#8220;left&#8220; width=&#8220;1\/2&#8243; css=&#8220;.vc_custom_1600865225147{padding-top: 0px !important;}&#8220;][vc_column_text]\n<p style=\"text-align: center;\"><span style=\"color: #ffffff;\">N\u00c1KUP<\/span><\/p>\n<div class=\"cena-sluzby\" style=\"text-align: center;\">23<span class=\"mena-sluzby\">K\u010d<\/span><\/div>\n[\/vc_column_text][\/vc_column_inner][vc_column_inner width=&#8220;1\/2&#8243;][vc_column_text]\n<p style=\"text-align: center;\"><span style=\"color: #ffffff;\">PRODEJ<\/span><\/p>\n<div class=\"cena-sluzby\" style=\"text-align: center;\">27<span class=\"mena-sluzby\">K\u010d<\/span><\/div>\n[\/vc_column_text][\/vc_column_inner][\/vc_row_inner][\/vc_column][\/vc_row][vc_row full_width=&#8220;stretch_row&#8220; css=&#8220;.vc_custom_1605533467988{background-color: #cccccc !important;}&#8220; el_id=&#8220;voucher&#8220; el_class=&#8220;voucher&#8220;][vc_column width=&#8220;1\/2&#8243; css=&#8220;.vc_custom_1605534146341{padding-bottom: 50px !important;}&#8220;][vc_custom_heading text=&#8220;voucher&#8220; font_container=&#8220;tag:h3|text_align:left&#8220; use_theme_fonts=&#8220;yes&#8220; css=&#8220;.vc_custom_1605533924420{padding-top: 50px !important;}&#8220;][vc_column_text]P\u0159ipravili jsme pro V\u00e1s 3 typy voucher\u016f a z\u00e1le\u017e\u00ed jen na V\u00e1s, zda se rozhodnete str\u00e1vit s\u00a0n\u00e1mi hezk\u00fd ve\u010der \u010di si hodl\u00e1te u\u017e\u00edt cel\u00fd v\u00edkend.[\/vc_column_text][vc_row_inner css=&#8220;.vc_custom_1605533837989{padding-top: 50px !important;}&#8220;][vc_column_inner el_class=&#8220;ikons-voucher&#8220; width=&#8220;1\/2&#8243; el_id=&#8220;ikons-voucher&#8220;][vc_single_image image=&#8220;3211&#8243; img_size=&#8220;&#8220; alignment=&#8220;center&#8220;][vc_column_text]\n<h4 style=\"text-align: center;\"><strong>75\u20ac<\/strong><\/h4>\n<p style=\"text-align: center;\">Ubytov\u00e1n\u00ed na jednu noc pro dv\u011b osoby v na\u0161em \u010dty\u0159hv\u011bzdi\u010dkov\u00e9m hotelu v\u010detn\u011b bohat\u00e9 sn\u00eddan\u011b<\/p>\n[\/vc_column_text][\/vc_column_inner][vc_column_inner el_class=&#8220;ikons-voucher&#8220; width=&#8220;1\/2&#8243; el_id=&#8220;ikons-voucher&#8220;][vc_single_image image=&#8220;3917&#8243; img_size=&#8220;&#8220; alignment=&#8220;center&#8220;][vc_column_text]\n<h4 style=\"text-align: center;\"><strong>105\u20ac<\/strong><\/h4>\n<p style=\"text-align: center;\">Narozeninov\u00fd bal\u00ed\u010dek obsahuje 1 noc pro dv\u011b osoby v na\u0161em hotelu. Sou\u010d\u00e1st\u00ed bal\u00ed\u010dku je t\u00e9\u017e t\u0159\u00edchodov\u00e9 menu pro oba ve\u010dery a neomezen\u00e1 konzumace softdrink\u016f<\/p>\n[\/vc_column_text][\/vc_column_inner][\/vc_row_inner][vc_row_inner css=&#8220;.vc_custom_1605533847388{padding-top: 50px !important;}&#8220;][vc_column_inner el_class=&#8220;ikons-voucher aligncenter&#8220; width=&#8220;1\/2&#8243; el_id=&#8220;ikons-voucher&#8220;][vc_single_image image=&#8220;3209&#8243; img_size=&#8220;&#8220; alignment=&#8220;center&#8220;][vc_column_text]\n<h4 style=\"text-align: center;\"><strong>199\u20ac<\/strong><\/h4>\n<p style=\"text-align: center;\">Imperial bal\u00ed\u010dek obsahuje 2 noci pro dv\u011b osoby v na\u0161em hotelu. Sou\u010d\u00e1st\u00ed bal\u00ed\u010dku je t\u00e9\u017e t\u0159\u00edchodov\u00e9 menu pro oba ve\u010dery a neomezen\u00e1 konzumace softdrink\u016f<\/p>\n[\/vc_column_text][\/vc_column_inner][vc_column_inner width=&#8220;1\/2&#8243;][\/vc_column_inner][\/vc_row_inner][\/vc_column][vc_column css_animation=&#8220;fadeIn&#8220; width=&#8220;1\/2&#8243; el_id=&#8220;right-voucher&#8220; el_class=&#8220;right-voucher&#8220;][vc_single_image image=&#8220;2103&#8243; img_size=&#8220;full&#8220; alignment=&#8220;center&#8220;][\/vc_column][\/vc_row][vc_row full_width=&#8220;stretch_row&#8220; content_placement=&#8220;top&#8220; el_class=&#8220;jidelni-listek&#8220;][vc_column width=&#8220;1\/2&#8243; el_class=&#8220;sluzby-left&#8220; css=&#8220;.vc_custom_1605532029954{padding-right: 40px !important;}&#8220;][\/vc_column][vc_column width=&#8220;1\/2&#8243; css=&#8220;.vc_custom_1621948530868{margin-top: 20px !important;margin-bottom: 20px !important;background-color: #bfa146 !important;}&#8220; el_class=&#8220;box-sluzby-cena&#8220; offset=&#8220;vc_hidden-lg vc_hidden-md vc_hidden-sm&#8220; el_id=&#8220;box-cena&#8220;][vc_custom_heading text=&#8220;N\u00e1\u0161 aktualn\u00ed kurz eur\/czk&#8220; font_container=&#8220;tag:h3|text_align:left&#8220; use_theme_fonts=&#8220;yes&#8220; el_class=&#8220;hlavni-nadpis&#8220; css=&#8220;.vc_custom_1605530897580{padding-left: 40px !important;}&#8220;][vc_column_text el_class=&#8220;text-mezera-sluzby&#8220; css=&#8220;.vc_custom_1605534185202{padding-top: 20px !important;padding-bottom: 70px !important;padding-left: 150px !important;}&#8220;]Na\u0161e kasino poskytuje slu\u017eby sm\u011bn\u00e1rny.[\/vc_column_text][vc_row_inner el_class=&#8220;box-hotel&#8220; css=&#8220;.vc_custom_1621948347837{margin-bottom: 30px !important;}&#8220; el_id=&#8220;box-sluzby&#8220;][vc_column_inner el_class=&#8220;left&#8220; width=&#8220;1\/2&#8243; css=&#8220;.vc_custom_1600865225147{padding-top: 0px !important;}&#8220;][vc_column_text]\n<p style=\"text-align: center;\"><span style=\"color: #ffffff;\">N\u00c1KUP<\/span><\/p>\n<div class=\"cena-sluzby\" style=\"text-align: center;\">23<span class=\"mena-sluzby\">K\u010d<\/span><\/div>\n[\/vc_column_text][\/vc_column_inner][vc_column_inner width=&#8220;1\/2&#8243;][vc_column_text]\n<p style=\"text-align: center;\"><span style=\"color: #ffffff;\">PRODEJ<\/span><\/p>\n<div class=\"cena-sluzby\" style=\"text-align: center;\">27<span class=\"mena-sluzby\">K\u010d<\/span><\/div>\n[\/vc_column_text][\/vc_column_inner][\/vc_row_inner][\/vc_column][\/vc_row]\n<\/section>","protected":false},"excerpt":{"rendered":"<p>[vc_row el_id=&#8220;hotel&#8220; el_class=&#8220;hotel&#8220; css=&#8220;.vc_custom_1605531281517{padding-bottom: 50px !important;}&#8220;][vc_column][vc_custom_heading text=&#8220;Slu\u017eby&#8220; font_container=&#8220;tag:h1|text_align:left&#8220; use_theme_fonts=&#8220;yes&#8220; el_class=&#8220;hlavni-nadpis&#8220;][\/vc_column][\/vc_row][vc_row full_width=&#8220;stretch_row&#8220; content_placement=&#8220;top&#8220; el_id=&#8220;hotel-obsah&#8220; el_class=&#8220;jidelni-listek&#8220;&#8230;<\/p>\n","protected":false},"author":1,"featured_media":0,"parent":0,"menu_order":0,"comment_status":"closed","ping_status":"closed","template":"","meta":{"footnotes":""},"class_list":["post-503","page","type-page","status-publish","hentry"],"acf":[],"_links":{"self":[{"href":"https:\/\/www.imperialcasino.eu\/strazny\/wp-json\/wp\/v2\/pages\/503","targetHints":{"allow":["GET"]}}],"collection":[{"href":"https:\/\/www.imperialcasino.eu\/strazny\/wp-json\/wp\/v2\/pages"}],"about":[{"href":"https:\/\/www.imperialcasino.eu\/strazny\/wp-json\/wp\/v2\/types\/page"}],"author":[{"embeddable":true,"href":"https:\/\/www.imperialcasino.eu\/strazny\/wp-json\/wp\/v2\/users\/1"}],"replies":[{"embeddable":true,"href":"https:\/\/www.imperialcasino.eu\/strazny\/wp-json\/wp\/v2\/comments?post=503"}],"version-history":[{"count":0,"href":"https:\/\/www.imperialcasino.eu\/strazny\/wp-json\/wp\/v2\/pages\/503\/revisions"}],"wp:attachment":[{"href":"https:\/\/www.imperialcasino.eu\/strazny\/wp-json\/wp\/v2\/media?parent=503"}],"curies":[{"name":"wp","href":"https:\/\/api.w.org\/{rel}","templated":true}]}}