{"id":5052,"date":"2023-12-13T18:15:53","date_gmt":"2023-12-13T17:15:53","guid":{"rendered":"https:\/\/www.imperialcasino.eu\/strazny\/?page_id=5052"},"modified":"2023-12-14T12:48:42","modified_gmt":"2023-12-14T11:48:42","slug":"whistleblowing","status":"publish","type":"page","link":"https:\/\/www.imperialcasino.eu\/strazny\/whistleblowing\/","title":{"rendered":"Whistleblowing"},"content":{"rendered":"<p>&nbsp;<\/p>\n<p>&nbsp;<\/p>\n<p><strong>Informace k ochran\u011b oznamovatel\u016f (whistleblowing)<\/strong><\/p>\n<p>V souladu se z\u00e1konem \u010d. 171\/2023 Sb., o ochran\u011b oznamovatel\u016f (d\u00e1le jen \u201ez\u00e1kon o ochran\u011b oznamovatel\u016f\u201c) z\u0159\u00eddila spole\u010dnost APEX gaming EUROPE a.s., se s\u00eddlem V\u00e1clavsk\u00e9 n\u00e1m\u011bst\u00ed 808\/66, Praha 1 -Nov\u00e9 M\u011bsto, I\u010cO: 47252481, vnit\u0159n\u00ed oznamovac\u00ed syst\u00e9m, kter\u00fd slou\u017e\u00ed k oznamov\u00e1n\u00ed mo\u017en\u00e9ho protipr\u00e1vn\u00edho jedn\u00e1n\u00ed ve smyslu \u00a7 2 odst. 1 z\u00e1kona o ochran\u011b oznamovatel\u016f.<\/p>\n<p>Ozn\u00e1men\u00ed je mo\u017en\u00e9 prost\u0159ednictv\u00edm tohoto vnit\u0159n\u00edho oznamovac\u00edho syst\u00e9mu u\u010dinit n\u00e1sleduj\u00edc\u00edm zp\u016fsobem:<\/p>\n<p>P\u00edsemn\u011b prost\u0159ednictv\u00edm softwarov\u00e9ho n\u00e1stroje WHISPERO, kter\u00fd je dostupn\u00fd\u00a0<strong><a href=\"https:\/\/app.whispero.eu\/f\/6yvn0jxa59xjrm39\" target=\"_blank\" rel=\"noopener\">ZDE,\u00a0<\/a><\/strong><strong>(d\u00e1le jen \u201cadresa vnit\u0159n\u00edho oznamovac\u00edho syst\u00e9mu\u201d).<br \/>\n<\/strong>Telefonicky na \u010d\u00edsle: +420 239 05 05 05 (k\u00f3d organizace 469326271).<br \/>\nE-mailem na adrese: 469326271@whispero.eu<\/p>\n<p>Oznamovatel je rovn\u011b\u017e opr\u00e1vn\u011bn podat sv\u00e9 ozn\u00e1men\u00ed prost\u0159ednictv\u00edm extern\u00edho oznamovac\u00edho syst\u00e9mu spravovan\u00e9ho Ministerstvem spravedlnosti. Ve\u0161ker\u00e9 informace k mo\u017enosti vyu\u017eit\u00ed extern\u00edho oznamovac\u00edho syst\u00e9mu Ministerstva spravedlnosti jsou dostupn\u00e9 zde: https:\/\/oznamovatel.justice.cz\/<\/p>\n<p>P\u0159\u00edslu\u0161nou osobou ur\u010denou spole\u010dnost\u00ed APEX gaming EUROPE a.s. dle z\u00e1kona o ochran\u011b oznamovatel\u016f je pan\u00ed: <strong>Lenka Hluch\u00e1.<\/strong><\/p>\n<p>&nbsp;<\/p>\n<p>&nbsp;<\/p>\n","protected":false},"excerpt":{"rendered":"<p>&nbsp; &nbsp; Informace k ochran\u011b oznamovatel\u016f (whistleblowing) V souladu se z\u00e1konem \u010d. 171\/2023 Sb.,&#8230;<\/p>\n","protected":false},"author":2,"featured_media":0,"parent":0,"menu_order":0,"comment_status":"closed","ping_status":"closed","template":"","meta":{"footnotes":""},"class_list":["post-5052","page","type-page","status-publish","hentry"],"acf":[],"_links":{"self":[{"href":"https:\/\/www.imperialcasino.eu\/strazny\/wp-json\/wp\/v2\/pages\/5052","targetHints":{"allow":["GET"]}}],"collection":[{"href":"https:\/\/www.imperialcasino.eu\/strazny\/wp-json\/wp\/v2\/pages"}],"about":[{"href":"https:\/\/www.imperialcasino.eu\/strazny\/wp-json\/wp\/v2\/types\/page"}],"author":[{"embeddable":true,"href":"https:\/\/www.imperialcasino.eu\/strazny\/wp-json\/wp\/v2\/users\/2"}],"replies":[{"embeddable":true,"href":"https:\/\/www.imperialcasino.eu\/strazny\/wp-json\/wp\/v2\/comments?post=5052"}],"version-history":[{"count":0,"href":"https:\/\/www.imperialcasino.eu\/strazny\/wp-json\/wp\/v2\/pages\/5052\/revisions"}],"wp:attachment":[{"href":"https:\/\/www.imperialcasino.eu\/strazny\/wp-json\/wp\/v2\/media?parent=5052"}],"curies":[{"name":"wp","href":"https:\/\/api.w.org\/{rel}","templated":true}]}}