{"id":5057,"date":"2023-12-13T18:20:02","date_gmt":"2023-12-13T17:20:02","guid":{"rendered":"https:\/\/www.imperialcasino.eu\/strazny\/?page_id=5057"},"modified":"2023-12-13T18:20:02","modified_gmt":"2023-12-13T17:20:02","slug":"whistleblowing-2","status":"publish","type":"page","link":"https:\/\/www.imperialcasino.eu\/strazny\/de\/whistleblowing-2\/","title":{"rendered":"Whistleblowing"},"content":{"rendered":"<p><strong>Informationen zum Schutz von Hinweisgebern (Whistleblower)<\/strong><\/p>\n<p>Informationen zum Schutz von Hinweisgebern (Whistleblowing) Im Einklang mit dem Gesetz Nr. 171\/2023 Slg. \u00fcber den Schutz von Hinweisgebern (nachfolgend als &#8222;Gesetz zum Schutz von Hinweisgebern&#8220; bezeichnet) hat APEX gaming EUROPE a.s. mit Sitz in V\u00e1clavsk\u00e9 n\u00e1m\u011bst\u00ed 808\/66, Prag 1 -Nov\u00e9 M\u011bsto, ID-Nr.: 47252481, ein internes Hinweisgebersystem f\u00fcr die Meldung m\u00f6glicher rechtswidriger Handlungen im Sinne von \u00a7 2 Abs. 1 des Gesetzes zum Schutz von Hinweisgebern eingerichtet.<\/p>\n<p>Meldungen k\u00f6nnen \u00fcber dieses interne Whistleblowing-System auf folgende Weise erfolgen:<\/p>\n<p>Schriftlich \u00fcber das Software-Tool WHISPERO, das <a href=\"https:\/\/app.whispero.eu\/f\/6yvn0jxa59xjrm39\" target=\"_blank\" rel=\"noopener\"><strong>HIER<\/strong><\/a> zur Verf\u00fcgung steht <strong>(im Folgenden als &#8222;Adresse des internen Meldesystems&#8220; bezeichnet).<\/strong><br \/>\nTelefonisch unter +420 239 05 05 05 (Organisationscode 469326271).<br \/>\nPer E-Mail an: 469326271@whispero.eu<\/p>\n<p>Der Anmelder ist auch berechtigt, seine Anmeldung \u00fcber das vom Justizministerium verwaltete externe Meldesystem einzureichen. Alle Informationen \u00fcber die Nutzung des externen Meldesystems des Justizministeriums finden Sie hier: https:\/\/oznamovatel.justice.cz\/<\/p>\n<p>Die von Apex gaming EUROPE a.s. gem\u00e4\u00df dem Whistleblower Protection Act benannte zust\u00e4ndige Person ist Frau <strong>Lenka Hluch\u00e1<\/strong>.<\/p>\n","protected":false},"excerpt":{"rendered":"<p>Informationen zum Schutz von Hinweisgebern (Whistleblower) Informationen zum Schutz von Hinweisgebern (Whistleblowing) Im Einklang&#8230;<\/p>\n","protected":false},"author":2,"featured_media":0,"parent":0,"menu_order":0,"comment_status":"closed","ping_status":"closed","template":"","meta":{"footnotes":""},"class_list":["post-5057","page","type-page","status-publish","hentry"],"acf":[],"_links":{"self":[{"href":"https:\/\/www.imperialcasino.eu\/strazny\/wp-json\/wp\/v2\/pages\/5057","targetHints":{"allow":["GET"]}}],"collection":[{"href":"https:\/\/www.imperialcasino.eu\/strazny\/wp-json\/wp\/v2\/pages"}],"about":[{"href":"https:\/\/www.imperialcasino.eu\/strazny\/wp-json\/wp\/v2\/types\/page"}],"author":[{"embeddable":true,"href":"https:\/\/www.imperialcasino.eu\/strazny\/wp-json\/wp\/v2\/users\/2"}],"replies":[{"embeddable":true,"href":"https:\/\/www.imperialcasino.eu\/strazny\/wp-json\/wp\/v2\/comments?post=5057"}],"version-history":[{"count":0,"href":"https:\/\/www.imperialcasino.eu\/strazny\/wp-json\/wp\/v2\/pages\/5057\/revisions"}],"wp:attachment":[{"href":"https:\/\/www.imperialcasino.eu\/strazny\/wp-json\/wp\/v2\/media?parent=5057"}],"curies":[{"name":"wp","href":"https:\/\/api.w.org\/{rel}","templated":true}]}}