{"id":516,"date":"2020-08-31T17:33:17","date_gmt":"2020-08-31T15:33:17","guid":{"rendered":"http:\/\/www.imperialcasino.eu\/strazny\/?page_id=516"},"modified":"2021-06-04T08:47:21","modified_gmt":"2021-06-04T06:47:21","slug":"kariera","status":"publish","type":"page","link":"https:\/\/www.imperialcasino.eu\/strazny\/kariera\/","title":{"rendered":"Kari\u00e9ra"},"content":{"rendered":"<section class=\"wpb-content-wrapper\">[vc_row el_id=&#8220;kariera&#8220; el_class=&#8220;kariera&#8220; css=&#8220;.vc_custom_1603196383911{padding-bottom: 50px !important;}&#8220;][vc_column][vc_custom_heading text=&#8220;KARI\u00c9RA&#8220; font_container=&#8220;tag:h1|text_align:left&#8220; use_theme_fonts=&#8220;yes&#8220; el_class=&#8220;hlavni-nadpis restaurace&#8220;][vc_column_text]\n<div class=\"suroviny\">HLED\u00c1ME NOV\u00c9 KOLEGY DO NA\u0160EHO T\u00ddMU.<\/div>\n[\/vc_column_text][\/vc_column][\/vc_row][vc_row disable_element=&#8220;yes&#8220; el_id=&#8220;kariera-banner&#8220; css=&#8220;.vc_custom_1603458540661{padding-bottom: 50px !important;}&#8220;][vc_column width=&#8220;1\/3&#8243;]<div class=\"norebro-banner-box-sc banner-box\"\n\tid=\"norebro-custom-69dc39a77f413\"\n\t\t>\n\n\t\t\t<div class=\"image-wrap\">\n\t\t\t<img decoding=\"async\" src=\"https:\/\/www.imperialcasino.eu\/strazny\/wp-content\/uploads\/2020\/10\/banner-kariera.jpg\" alt=\"KRUPI\u00c9R\/KA\">\n\t\t\t<div class=\"overlay default\">\n\t\t\t\t\t\t\t\t<a class=\"btn btn-white btn-small btn-outline\" href=\"\/krupier-ka\/\">\n\t\t\t\t\tV\u00cdCE\t\t\t\t\t\t\t\t\t<\/a>\n\t\t\t\t\t\t\t<\/div>\n\t\t<\/div>\n\t\t<div class=\"content\">\n\n\t\t\t<div class=\"title-wrap\">\n\t\t\t\t<h4>KRUPI\u00c9R\/KA<\/h4>\n\t\t\t\t\t\t\t<\/div>\n\n\t\t\t<div class=\"description-wrap\">\n\t\t\t\t<p class=\"description\"><\/p>\n\n\t\t\t\t\t\t\t<\/div>\n\n\t\t<\/div>\n\t\n<\/div>\n[\/vc_column][vc_column width=&#8220;1\/3&#8243;]<div class=\"norebro-banner-box-sc banner-box\"\n\tid=\"norebro-custom-69dc39a77f751\"\n\t\t>\n\n\t\t\t<div class=\"image-wrap\">\n\t\t\t<img decoding=\"async\" src=\"https:\/\/www.imperialcasino.eu\/strazny\/wp-content\/uploads\/2020\/10\/banner-kariera.jpg\" alt=\"KRUPI\u00c9RSK\u00dd KURZ\">\n\t\t\t<div class=\"overlay default\">\n\t\t\t\t\t\t\t\t<a class=\"btn btn-white btn-small btn-outline\" href=\"\/recepcni\/\">\n\t\t\t\t\tV\u00cdCE\t\t\t\t\t\t\t\t\t<\/a>\n\t\t\t\t\t\t\t<\/div>\n\t\t<\/div>\n\t\t<div class=\"content\">\n\n\t\t\t<div class=\"title-wrap\">\n\t\t\t\t<h4>KRUPI\u00c9RSK\u00dd KURZ<\/h4>\n\t\t\t\t\t\t\t<\/div>\n\n\t\t\t<div class=\"description-wrap\">\n\t\t\t\t<p class=\"description\"><\/p>\n\n\t\t\t\t\t\t\t<\/div>\n\n\t\t<\/div>\n\t\n<\/div>\n[\/vc_column][vc_column width=&#8220;1\/3&#8243;]<div class=\"norebro-banner-box-sc banner-box\"\n\tid=\"norebro-custom-69dc39a77f85c\"\n\t\t>\n\n\t\t\t<div class=\"image-wrap\">\n\t\t\t<img decoding=\"async\" src=\"https:\/\/www.imperialcasino.eu\/strazny\/wp-content\/uploads\/2020\/10\/banner-kariera.jpg\" alt=\"OCHRANKA\">\n\t\t\t<div class=\"overlay default\">\n\t\t\t\t\t\t\t\t<a class=\"btn btn-white btn-small btn-outline\" href=\"\/manager\/\">\n\t\t\t\t\tV\u00cdCE\t\t\t\t\t\t\t\t\t<\/a>\n\t\t\t\t\t\t\t<\/div>\n\t\t<\/div>\n\t\t<div class=\"content\">\n\n\t\t\t<div class=\"title-wrap\">\n\t\t\t\t<h4>OCHRANKA<\/h4>\n\t\t\t\t\t\t\t<\/div>\n\n\t\t\t<div class=\"description-wrap\">\n\t\t\t\t<p class=\"description\"><\/p>\n\n\t\t\t\t\t\t\t<\/div>\n\n\t\t<\/div>\n\t\n<\/div>\n[\/vc_column][\/vc_row][vc_row css=&#8220;.vc_custom_1603458574623{padding-bottom: 50px !important;}&#8220; el_id=&#8220;kariera-vypis&#8220;][vc_column width=&#8220;2\/3&#8243;][vc_raw_html]JTNDZGl2JTIwaWQlM0QlMjJmZWF0dXJlLWFrY2UlMjIlMjBjbGFzcyUzRCUyMmZlYXR1cmUtYWtjZSUyMiUzRSUwQSUzQ2RpdiUyMGNsYXNzJTNEJTIyZXZlbnRlci1keW5hbWljLWxpc3Qtc2V0JTIyJTNFJTBBJTNDZGl2JTIwY2xhc3MlM0QlMjJldmVudGVyJTIwZXZlbnRlci1taW5pbWFsLWxpc3QlMjIlM0UlMEElM0N1bCUzRSUwQSUzQ2xpJTIwY2xhc3MlM0QlMjJldmVudGVyLWV2ZW50LWl0ZW0lMjBldmVudGVyLWV2ZW50LWxpc3QtaXRlbSUyMCUyMiUzRSUwQSUyMCUyMCUyMCUyMCUzQ3NwYW4lMjBjbGFzcyUzRCUyMmV2ZW50ZXItZXZlbnQtZGV0YWlscy1jb250ZW50JTIyJTNFJTBBJTNDc3BhbiUyMGNsYXNzJTNEJTIyZXZlbnRlci1ldmVudC1kYXRlJTIyJTNFJTBBJTNDJTJGc3BhbiUzRSUwQSUzQ3NwYW4lMjBjbGFzcyUzRCUyMmV2ZW50ZXItZXZlbnQtZGF0ZSUyMiUzRSUwQSUzQ3NwYW4lMjBjbGFzcyUzRCUyMmV2ZW50ZXItZXZlbnQtZGV0YWlscyUyMCUyMiUzRSUwQSUzQ3NwYW4lMjBjbGFzcyUzRCUyMmV2ZW50ZXItZXZlbnQtdGl0bGUlMjIlM0UlM0NzcGFuJTIwY2xhc3MlM0QlMjJldmVudGVyLWV2ZW50LXRpdGxlJTIyJTNFT0NIUkFOS0ElM0MlMkZzcGFuJTNFJTNDJTJGc3BhbiUzRSUwQSUzQ3NwYW4lMjBjbGFzcyUzRCUyMmV2ZW50ZXItZXZlbnQtdGltZSUyMiUzRU4lQzMlQTFzdHVwJTIwbW8lQzUlQkVuJUMzJUJEJTIwaWhuZWQlM0MlMkZzcGFuJTNFJTBBJTNDJTJGc3BhbiUzRSUwQSUzQ2ElMjBjbGFzcyUzRCUyMmV2ZW50ZXItZXZlbnQtbW9yZSUyMiUyMGhyZWYlM0QlMjIlMkZzdHJhem55JTJGb2NocmFua2ElMkYlMjIlMjB0YXJnZXQlM0QlMjJfc2VsZiUyMiUyMHJlbCUzRCUyMm5vb3BlbmVyJTIwbm9yZWZlcnJlciUyMiUzRVpKSVNUSVQlMjBWJUMzJThEQ0UlQzIlQTAlM0MlMkZhJTNFJTNDJTJGc3BhbiUzRSUwQSUzQyUyRnNwYW4lM0UlMEElM0NsaSUyMGNsYXNzJTNEJTIyZXZlbnRlci1ldmVudC1pdGVtJTIwZXZlbnRlci1ldmVudC1saXN0LWl0ZW0lMjAlMjIlM0UlMEElMjAlMjAlMjAlMjAlM0NzcGFuJTIwY2xhc3MlM0QlMjJldmVudGVyLWV2ZW50LWRldGFpbHMtY29udGVudCUyMiUzRSUwQSUzQ3NwYW4lMjBjbGFzcyUzRCUyMmV2ZW50ZXItZXZlbnQtZGF0ZSUyMiUzRSUwQSUzQyUyRnNwYW4lM0UlMEElM0NzcGFuJTIwY2xhc3MlM0QlMjJldmVudGVyLWV2ZW50LWRhdGUlMjIlM0UlMEElM0NzcGFuJTIwY2xhc3MlM0QlMjJldmVudGVyLWV2ZW50LWRldGFpbHMlMjAlMjIlM0UlMEElM0NzcGFuJTIwY2xhc3MlM0QlMjJldmVudGVyLWV2ZW50LXRpdGxlJTIyJTNFJTNDc3BhbiUyMGNsYXNzJTNEJTIyZXZlbnRlci1ldmVudC10aXRsZSUyMiUzRVJFQ0VQJUM0JThDTiVDMyU4RCUzQyUyRnNwYW4lM0UlM0MlMkZzcGFuJTNFJTBBJTNDc3BhbiUyMGNsYXNzJTNEJTIyZXZlbnRlci1ldmVudC10aW1lJTIyJTNFTiVDMyVBMXN0dXAlMjBtbyVDNSVCRW4lQzMlQkQlMjBpaG5lZCUzQyUyRnNwYW4lM0UlMEElM0MlMkZzcGFuJTNFJTBBJTNDYSUyMGNsYXNzJTNEJTIyZXZlbnRlci1ldmVudC1tb3JlJTIyJTIwaHJlZiUzRCUyMiUyRnN0cmF6bnklMkZyZWNlcGNuaSUyRiUyMiUyMHRhcmdldCUzRCUyMl9zZWxmJTIyJTIwcmVsJTNEJTIybm9vcGVuZXIlMjBub3JlZmVycmVyJTIyJTNFWkpJU1RJVCUyMFYlQzMlOERDRSVDMiVBMCUzQyUyRmElM0UlM0MlMkZzcGFuJTNFJTBBJTNDJTJGc3BhbiUzRSUwQSUzQyUyRmxpJTNFJTBBJTNDJTJGbGklM0UlMEElM0NsaSUyMGNsYXNzJTNEJTIyZXZlbnRlci1ldmVudC1pdGVtJTIwZXZlbnRlci1ldmVudC1saXN0LWl0ZW0lMjAlMjIlM0UlMEElMjAlMjAlMjAlMjAlM0NzcGFuJTIwY2xhc3MlM0QlMjJldmVudGVyLWV2ZW50LWRldGFpbHMtY29udGVudCUyMiUzRSUwQSUzQ3NwYW4lMjBjbGFzcyUzRCUyMmV2ZW50ZXItZXZlbnQtZGF0ZSUyMiUzRSUwQSUzQyUyRnNwYW4lM0UlMEElM0NzcGFuJTIwY2xhc3MlM0QlMjJldmVudGVyLWV2ZW50LWRhdGUlMjIlM0UlMEElM0NzcGFuJTIwY2xhc3MlM0QlMjJldmVudGVyLWV2ZW50LWRldGFpbHMlMjAlMjIlM0UlMEElM0NzcGFuJTIwY2xhc3MlM0QlMjJldmVudGVyLWV2ZW50LXRpdGxlJTIyJTNFJTNDc3BhbiUyMGNsYXNzJTNEJTIyZXZlbnRlci1ldmVudC10aXRsZSUyMiUzRUtSVVBJJUMzJTg5UlNLJUMzJTlEJTIwS1VSWiUzQyUyRnNwYW4lM0UlM0MlMkZzcGFuJTNFJTBBJTNDc3BhbiUyMGNsYXNzJTNEJTIyZXZlbnRlci1ldmVudC10aW1lJTIyJTNFJTNDJTJGc3BhbiUzRSUwQSUzQyUyRnNwYW4lM0UlMEElM0NhJTIwY2xhc3MlM0QlMjJldmVudGVyLWV2ZW50LW1vcmUlMjIlMjBocmVmJTNEJTIyJTJGc3RyYXpueSUyRmt1cnota3J1cGllciUyRiUyMiUyMHRhcmdldCUzRCUyMl9zZWxmJTIyJTIwcmVsJTNEJTIybm9vcGVuZXIlMjBub3JlZmVycmVyJTIyJTNFWkpJU1RJVCUyMFYlQzMlOERDRSVDMiVBMCUzQyUyRmElM0UlM0MlMkZzcGFuJTNFJTBBJTNDJTJGc3BhbiUzRSUwQSUzQyUyRmxpJTNFJTBBJTNDbGklMjBjbGFzcyUzRCUyMmV2ZW50ZXItZXZlbnQtaXRlbSUyMGV2ZW50ZXItZXZlbnQtbGlzdC1pdGVtJTIwJTIyJTNFJTBBJTIwJTIwJTIwJTIwJTNDc3BhbiUyMGNsYXNzJTNEJTIyZXZlbnRlci1ldmVudC1kZXRhaWxzLWNvbnRlbnQlMjIlM0UlMEElM0NzcGFuJTIwY2xhc3MlM0QlMjJldmVudGVyLWV2ZW50LWRhdGUlMjIlM0UlMEElM0MlMkZzcGFuJTNFJTBBJTBBJTNDJTJGdWwlM0UlMEElM0MlMkZkaXYlM0UlMEElM0MlMkZkaXYlM0UlMEElM0MlMkZkaXYlM0U=[\/vc_raw_html][\/vc_column][vc_column width=&#8220;1\/3&#8243;][vc_row_inner][vc_column_inner css=&#8220;.vc_custom_1603202591118{padding-bottom: 50px !important;padding-left: 20px !important;background-color: #bfa146 !important;}&#8220;][vc_custom_heading text=&#8220;KONTAKTUJTE N\u00c1S&#8220; font_container=&#8220;tag:h2|text_align:left|color:%23ffffff&#8220; use_theme_fonts=&#8220;yes&#8220;][vc_column_text el_id=&#8220;text-vypis&#8220;]<span style=\"color: #ffffff;\"><strong>Adresa:<\/strong><\/span><br \/>\n<span style=\"color: #ffffff;\">Imperial Casino Str\u00e1\u017en\u00fd<\/span><br \/>\n<span style=\"color: #ffffff;\">Str\u00e1\u017en\u00fd 18<\/span><br \/>\n<span style=\"color: #ffffff;\">Str\u00e1\u017en\u00fd 384 43<\/span><\/p>\n<p><span style=\"color: #ffffff;\"><strong>Tel:<\/strong><\/span><br \/>\n<span style=\"color: #ffffff;\"><a style=\"color: #ffffff;\" href=\"tel:388437011\">+420 725 523 586<\/a><\/span><\/p>\n<p><span style=\"color: #ffffff;\"><strong>Email:<\/strong> <a style=\"color: #ffffff;\" href=\"mailto:denisa.kozackova@imperialcasino.eu\"> denisa.kozackova@imperialcasino.eu<\/a><\/span><\/p>\n<p><a href=\"https:\/\/www.facebook.com\/ImperialCasinoStrazny\/\" target=\"_blank\" rel=\"noopener noreferrer\"><img loading=\"lazy\" decoding=\"async\" class=\"wp-image-796 size-full alignnone\" src=\"https:\/\/www.imperialcasino.eu\/strazny\/wp-content\/uploads\/2020\/08\/facebook-white.png\" alt=\"\" width=\"35\" height=\"34\" \/><\/a> <a href=\"https:\/\/www.instagram.com\/casinoimperial\/\" target=\"_blank\" rel=\"noopener noreferrer\"><img loading=\"lazy\" decoding=\"async\" class=\"size-medium wp-image-797 alignnone\" src=\"https:\/\/www.imperialcasino.eu\/strazny\/wp-content\/uploads\/2020\/08\/instagram-white.png\" alt=\"\" width=\"35\" height=\"34\" \/><\/a>[\/vc_column_text][\/vc_column_inner][\/vc_row_inner][\/vc_column][\/vc_row]\n<\/section>","protected":false},"excerpt":{"rendered":"<p>[vc_row el_id=&#8220;kariera&#8220; el_class=&#8220;kariera&#8220; css=&#8220;.vc_custom_1603196383911{padding-bottom: 50px !important;}&#8220;][vc_column][vc_custom_heading text=&#8220;KARI\u00c9RA&#8220; font_container=&#8220;tag:h1|text_align:left&#8220; use_theme_fonts=&#8220;yes&#8220; el_class=&#8220;hlavni-nadpis restaurace&#8220;][vc_column_text] HLED\u00c1ME NOV\u00c9 KOLEGY&#8230;<\/p>\n","protected":false},"author":1,"featured_media":0,"parent":0,"menu_order":0,"comment_status":"closed","ping_status":"closed","template":"","meta":{"footnotes":""},"class_list":["post-516","page","type-page","status-publish","hentry"],"acf":[],"_links":{"self":[{"href":"https:\/\/www.imperialcasino.eu\/strazny\/wp-json\/wp\/v2\/pages\/516","targetHints":{"allow":["GET"]}}],"collection":[{"href":"https:\/\/www.imperialcasino.eu\/strazny\/wp-json\/wp\/v2\/pages"}],"about":[{"href":"https:\/\/www.imperialcasino.eu\/strazny\/wp-json\/wp\/v2\/types\/page"}],"author":[{"embeddable":true,"href":"https:\/\/www.imperialcasino.eu\/strazny\/wp-json\/wp\/v2\/users\/1"}],"replies":[{"embeddable":true,"href":"https:\/\/www.imperialcasino.eu\/strazny\/wp-json\/wp\/v2\/comments?post=516"}],"version-history":[{"count":0,"href":"https:\/\/www.imperialcasino.eu\/strazny\/wp-json\/wp\/v2\/pages\/516\/revisions"}],"wp:attachment":[{"href":"https:\/\/www.imperialcasino.eu\/strazny\/wp-json\/wp\/v2\/media?parent=516"}],"curies":[{"name":"wp","href":"https:\/\/api.w.org\/{rel}","templated":true}]}}