{"id":639,"date":"2020-09-03T12:31:28","date_gmt":"2020-09-03T10:31:28","guid":{"rendered":"http:\/\/www.imperialcasino.eu\/strazny\/?page_id=639"},"modified":"2025-02-09T20:14:32","modified_gmt":"2025-02-09T19:14:32","slug":"restaurace","status":"publish","type":"page","link":"https:\/\/www.imperialcasino.eu\/strazny\/restaurace\/","title":{"rendered":"Restaurace"},"content":{"rendered":"<section class=\"wpb-content-wrapper\">[vc_row el_id=&#8220;restaurace&#8220; el_class=&#8220;restaurace&#8220; css=&#8220;.vc_custom_1600863584365{padding-bottom: 70px !important;}&#8220;][vc_column][vc_custom_heading text=&#8220;RESTAURACE&#8220; font_container=&#8220;tag:h1|text_align:left&#8220; use_theme_fonts=&#8220;yes&#8220; el_class=&#8220;hlavni-nadpis&#8220;][vc_column_text]\n<div class=\"suroviny\">PRVOT\u0158\u00cdDN\u00cd SUROVINY A TALENTOVAN\u00c9<br \/>\nRUCE PRO V\u00c1S VYKOUZL\u00cd<br \/>\nDOKONAL\u00c9 MENU<\/div>\n[\/vc_column_text][\/vc_column][\/vc_row][vc_row full_width=&#8220;stretch_row&#8220; el_id=&#8220;jidelni-listek&#8220; el_class=&#8220;jidelni-listek&#8220; css=&#8220;.vc_custom_1604910867287{padding-bottom: 50px !important;}&#8220;][vc_column][vc_custom_heading text=&#8220;J\u00cdDELN\u00cd L\u00cdSTEK&#8220; use_theme_fonts=&#8220;yes&#8220;]<div class=\"norebro-tabs-sc tab-box  vertical tabs-left\"\n\tid=\"norebro-custom-69dc3a00c7aed\" \n\tdata-norebro-tab-box=\"true\" \n\tdata-options='{}' \n\t data-aos=\"zoom-in\" \n\t>\n\t\n\t<div class=\"buttons-wrap\">\n\t\t<div class=\"buttons\" role=\"tablist\">\n\t\t\t\t\t\t<div class=\"line brand-bg-color\"><\/div>\n\t\t<\/div>\n\t<\/div>\n\t<div class=\"items\" role=\"tabpanel\">\n\t\t<div class=\"item\" data-title=\"P\u0158EDKRMY\" id=\"predkrmy\">\n\n\t[vc_column_text el_id=&#8220;jidlo-menu&#8220; el_class=&#8220;jidlo-menu&#8220;]\n<div class=\"listek\">\n<h3>CARPACCIO Z PRAV\u00c9 HOV\u011aZ\u00cd SV\u00cd\u010cKOV\u00c9 &#8211; 6\u20ac<\/h3>\n<p>s rukolou, kapary, strouhan\u00fdm parmaz\u00e1nem s olivov\u00fdm olejem a ope\u010den\u00fdm toastem<\/p>\n<h3>MARINOVAN\u00c1 \u010cERVEN\u00c1 \u0158EPA S MOZZARELLOU &#8211; 5,80\u20ac<\/h3>\n<p>bazalkov\u00fdm pestem, poln\u00ed\u010dkem, piniov\u00fdmi o\u0159\u00ed\u0161ky a ope\u010den\u00fdm toaste<\/p>\n<h3>PARMEZ\u00c1NOV\u00c9 RISOTO &#8211; 6,20\u20ac<\/h3>\n<p>z arborio r\u00fd\u017ee s lan\u00fd\u017eov\u00fdm olejem a sma\u017eenou rukolou<\/p>\n<p>&nbsp;<\/p>\n<\/div>\n[\/vc_column_text]\t\n<\/div><div class=\"item\" data-title=\"SAL\u00c1TY\" id=\"salaty\">\n\n\t[vc_column_text el_id=&#8220;jidlo-menu&#8220; el_class=&#8220;jidlo-menu&#8220;]\n<div class=\"listek\">\n<h3>GRILOVAN\u00dd HERMEL\u00cdN NA TRHAN\u00ddCH LISTOV\u00ddCH SAL\u00c1TECH &#8211; 9,80\u20ac<\/h3>\n<p>s cherry raj\u010daty a medovo \u2013 ho\u0159\u010di\u010dn\u00fdm dresinkem<\/p>\n<h3>CAESAR SAL\u00c1T &#8211; 8,10\u20ac<\/h3>\n<p>s va\u0159en\u00fdm vaj\u00ed\u010dkem, slaninov\u00fdm chipsem, \u010desnekov\u00fdmi krutony a pl\u00e1tky parmez\u00e1nu<\/p>\n<h3>SAL\u00c1T Z \u010cERSTV\u00c9 ZELENINY &#8211; 9\u20ac<\/h3>\n<p>s oreganov\u00fdm vinaigrette dresinkem, s\u00fdrem feta a callamata olivami<\/p>\n<\/div>\n[\/vc_column_text]\t\n<\/div><div class=\"item\" data-title=\"SANDWICH\" id=\"sandwich\">\n\n\t[vc_column_text el_id=&#8220;jidlo-menu&#8220; el_class=&#8220;jidlo-menu&#8220;]\n<div class=\"listek\">\n<h3>CLUB SANDWICH &#8211; 8,70\u20ac<\/h3>\n<p>s grilovan\u00fdmi ku\u0159ec\u00edmi prsy, anglickou slaninou, s\u00e1zen\u00fdm vejcem a \u010derstvou zeleninou<\/p>\n<h3>SANDWICH SE SCHWARZWALDSKOU \u0160UNKOU &#8211; 7,70\u20ac<\/h3>\n<p>va\u0159en\u00fdm vejcem, raj\u010daty, rukolou a dresinkem ze zelen\u00e9ho pep\u0159e<\/p>\n<\/div>\n[\/vc_column_text]\t\n<\/div><div class=\"item\" data-title=\"HLAVN\u00cd CHOD\" id=\"hlavni-chod\">\n\n\t[vc_column_text el_id=&#8220;jidlo-menu&#8220; el_class=&#8220;jidlo-menu&#8220;]\n<div class=\"listek\">\n<h3>Hov\u011bz\u00ed ball-tip steak &#8211; 22,80\u20ac<\/h3>\n<p>se silnou demi-glace om\u00e1\u010dkou<\/p>\n<h3>Hov\u011bz\u00ed Stroganoff &#8211; 20.20\u20ac<\/h3>\n<p>z prav\u00e9 hov\u011bz\u00ed sv\u00ed\u010dkov\u00e9 s \u010dervenou cibul\u00ed a nakl\u00e1dan\u00fdmi okurkami<\/p>\n<h3>Sma\u017een\u00e9 \u0159\u00edze\u010dky &#8211; 16,40\u20ac<\/h3>\n<p>z telec\u00ed k\u00fdty s brusinkami a citr\u00f3nem<\/p>\n<h3>Stripsy z ku\u0159ec\u00edch prsou &#8211; 9,80\u20ac<\/h3>\n<p>sma\u017een\u00e9 v s\u00fdrov\u00e9 strouhance s pep\u0159ovou majon\u00e9zou a poln\u00ed\u010dkov\u00fdm sal\u00e1tkem<\/p>\n<h3>Spaghetti s pl\u00e1tky \u010desneku &#8211; 9,80\u20ac<\/h3>\n<p>bazalkov\u00fdm pestem a strouhan\u00fdm s\u00fdrem Grana Padano<\/p>\n<h3>Grilovan\u00fd filet mo\u0159sk\u00e9 \u0161tiky &#8211; 15,20\u20ac<\/h3>\n<p>s ope\u010denou cuketou, estragonovou om\u00e1\u010dkou, rukolov\u00fdm chipsem a citronem<\/p>\n<p>&nbsp;<\/p>\n<\/div>\n[\/vc_column_text]\t\n<\/div><div class=\"item\" data-title=\"DESERT\" id=\"desert\">\n\n\t[vc_column_text el_id=&#8220;jidlo-menu&#8220; el_class=&#8220;jidlo-menu&#8220;]\n<div class=\"listek\">\n<h3>SMETANOV\u00c1 PANNA COTTA &#8211; 6,20\u20ac<\/h3>\n<p>s jahodov\u00fdm pyr\u00e9, \u010dokol\u00e1dov\u00fdmi su\u0161enkami a \u010derstvou m\u00e1tou<\/p>\n<h3>C\u00cdSA\u0158SK\u00dd TRHANEC &#8211; 8,10\u20ac<\/h3>\n<p>s rozinkami, karamelovou om\u00e1\u010dkou, jable\u010dn\u00fdm pyr\u00e9 a mou\u010dkov\u00fdm cukrem<\/p>\n<\/div>\n[\/vc_column_text]\t\n<\/div><div class=\"item\" data-title=\"P\u0158\u00cdLOHY\" id=\"prilohy\">\n\n\t[vc_column_text el_id=&#8220;jidlo-menu&#8220; el_class=&#8220;jidlo-menu&#8220;]\n<div class=\"listek\">\n<h3>Steakov\u00e9 hranolky &#8211; 2,50\u20ac<\/h3>\n<p>&nbsp;<\/p>\n<h3>Grilovan\u00e1 zelenina &#8211; 2,50\u20ac<\/h3>\n<p>s \u010derstv\u00fdm rozmar\u00fdnem<\/p>\n<h3>Americk\u00e9 brambory &#8211; 2,50\u20ac<\/h3>\n<p>&nbsp;<\/p>\n<h3>Pe\u010den\u00e1 basmati r\u00fd\u017ee &#8211; 2,50\u20ac<\/h3>\n<p>&nbsp;<\/p>\n<h3>Pe\u010den\u00e1 \u010desnekov\u00e1 bageta &#8211; 2,50\u20ac<\/h3>\n<\/div>\n[\/vc_column_text]\t\n<\/div>\t<\/div>\n\t<div class=\"clear\"><\/div>\n\n<\/div>[\/vc_column][\/vc_row][vc_row full_width=&#8220;stretch_row&#8220; css=&#8220;.vc_custom_1604910663028{padding-bottom: 70px !important;background-color: #e6e6e6 !important;}&#8220; el_id=&#8220;restuarace-galerie&#8220; el_class=&#8220;restuarace-galerie&#8220;][vc_column][vc_custom_heading text=&#8220;BUFET KA\u017dD\u00dd DEN&#8220; use_theme_fonts=&#8220;yes&#8220; el_class=&#8220;stredni-nadpis&#8220;][vc_column_text]\n<div class=\"suroviny\">STUDEN\u00dd BUFET<\/div>\n<p>Serv\u00edrujeme denn\u011b od 15 hodin. Sou\u010d\u00e1st\u00ed je v\u017edy pol\u00e9vka, v\u00fdb\u011br sal\u00e1t\u016f, sandwich\u016f\u00a0 a dezert.[\/vc_column_text][vc_column_text css=&#8220;.vc_custom_1606745999023{padding-top: 50px !important;padding-bottom: 100px !important;}&#8220;]\n<div class=\"suroviny\">TEPL\u00dd BUFET<\/div>\n<p>Bufet se skl\u00e1d\u00e1 v\u017edy minim\u00e1ln\u011b ze dvou hlavn\u00edch j\u00eddel a t\u011b\u0161it na n\u011bj m\u016f\u017eete od 19 hodin.[\/vc_column_text][vc_row_inner equal_height=&#8220;yes&#8220; css=&#8220;.vc_custom_1600073159797{margin-top: 0px !important;margin-bottom: 0px !important;}&#8220;][vc_column_inner width=&#8220;1\/3&#8243; css=&#8220;.vc_custom_1599559555329{padding-right: 0px !important;padding-left: 0px !important;}&#8220;][vc_single_image image=&#8220;1887&#8243; img_size=&#8220;500&#215;500&#8243; alignment=&#8220;center&#8220;][\/vc_column_inner][vc_column_inner width=&#8220;1\/3&#8243; css=&#8220;.vc_custom_1599559644948{padding-right: 0px !important;padding-left: 0px !important;}&#8220;][vc_single_image image=&#8220;1889&#8243; img_size=&#8220;500&#215;500&#8243; alignment=&#8220;center&#8220;][\/vc_column_inner][vc_column_inner width=&#8220;1\/3&#8243; css=&#8220;.vc_custom_1599559638381{padding-right: 0px !important;padding-left: 0px !important;}&#8220;][vc_single_image image=&#8220;1891&#8243; img_size=&#8220;500&#215;500&#8243; alignment=&#8220;center&#8220;][\/vc_column_inner][\/vc_row_inner][vc_row_inner equal_height=&#8220;yes&#8220;][vc_column_inner width=&#8220;1\/3&#8243; css=&#8220;.vc_custom_1599559555329{padding-right: 0px !important;padding-left: 0px !important;}&#8220;][vc_single_image image=&#8220;1893&#8243; img_size=&#8220;500&#215;500&#8243; alignment=&#8220;center&#8220;][\/vc_column_inner][vc_column_inner el_class=&#8220;text-stred&#8220; width=&#8220;1\/3&#8243; css=&#8220;.vc_custom_1602016512539{padding-left: 40px !important;background-color: #ffffff !important;}&#8220; el_id=&#8220;text-stred&#8220;][vc_separator color=&#8220;custom&#8220; align=&#8220;align_left&#8220; el_width=&#8220;20&#8243; accent_color=&#8220;#bfa146&#8243;][vc_column_text]\n<div class=\"spokojenost\" style=\"text-align: left;\">VA\u0160E SPOKOJENOST<br \/>\nJE U N\u00c1S<br \/>\nNA 1. M\u00cdST\u011a<\/div>\n[\/vc_column_text][\/vc_column_inner][vc_column_inner width=&#8220;1\/3&#8243; css=&#8220;.vc_custom_1599559638381{padding-right: 0px !important;padding-left: 0px !important;}&#8220;][vc_single_image image=&#8220;1895&#8243; img_size=&#8220;500&#215;500&#8243; alignment=&#8220;center&#8220;][\/vc_column_inner][\/vc_row_inner][\/vc_column][\/vc_row]\n<\/section>","protected":false},"excerpt":{"rendered":"<p>[vc_row el_id=&#8220;restaurace&#8220; el_class=&#8220;restaurace&#8220; css=&#8220;.vc_custom_1600863584365{padding-bottom: 70px !important;}&#8220;][vc_column][vc_custom_heading text=&#8220;RESTAURACE&#8220; font_container=&#8220;tag:h1|text_align:left&#8220; use_theme_fonts=&#8220;yes&#8220; el_class=&#8220;hlavni-nadpis&#8220;][vc_column_text] PRVOT\u0158\u00cdDN\u00cd SUROVINY A TALENTOVAN\u00c9&#8230;<\/p>\n","protected":false},"author":1,"featured_media":0,"parent":0,"menu_order":0,"comment_status":"closed","ping_status":"closed","template":"","meta":{"footnotes":""},"class_list":["post-639","page","type-page","status-publish","hentry"],"acf":[],"_links":{"self":[{"href":"https:\/\/www.imperialcasino.eu\/strazny\/wp-json\/wp\/v2\/pages\/639","targetHints":{"allow":["GET"]}}],"collection":[{"href":"https:\/\/www.imperialcasino.eu\/strazny\/wp-json\/wp\/v2\/pages"}],"about":[{"href":"https:\/\/www.imperialcasino.eu\/strazny\/wp-json\/wp\/v2\/types\/page"}],"author":[{"embeddable":true,"href":"https:\/\/www.imperialcasino.eu\/strazny\/wp-json\/wp\/v2\/users\/1"}],"replies":[{"embeddable":true,"href":"https:\/\/www.imperialcasino.eu\/strazny\/wp-json\/wp\/v2\/comments?post=639"}],"version-history":[{"count":0,"href":"https:\/\/www.imperialcasino.eu\/strazny\/wp-json\/wp\/v2\/pages\/639\/revisions"}],"wp:attachment":[{"href":"https:\/\/www.imperialcasino.eu\/strazny\/wp-json\/wp\/v2\/media?parent=639"}],"curies":[{"name":"wp","href":"https:\/\/api.w.org\/{rel}","templated":true}]}}