{"id":644,"date":"2020-09-03T12:34:07","date_gmt":"2020-09-03T10:34:07","guid":{"rendered":"http:\/\/www.imperialcasino.eu\/strazny\/?page_id=644"},"modified":"2026-02-18T10:36:16","modified_gmt":"2026-02-18T09:36:16","slug":"hotel","status":"publish","type":"page","link":"https:\/\/www.imperialcasino.eu\/strazny\/hotel\/","title":{"rendered":"Hotel"},"content":{"rendered":"<section class=\"wpb-content-wrapper\">[vc_row el_id=&#8220;hotel&#8220; el_class=&#8220;hotel&#8220; css=&#8220;.vc_custom_1599561140487{padding-bottom: 70px !important;}&#8220;][vc_column width=&#8220;1\/2&#8243;][vc_custom_heading text=&#8220;HOTEL&#8220; font_container=&#8220;tag:h1|text_align:left&#8220; use_theme_fonts=&#8220;yes&#8220; el_class=&#8220;hlavni-nadpis&#8220;][vc_column_text]\n<div class=\"suroviny\">LUXUS A KOMFORT V\u00c1S POHLT\u00cd.<\/div>\n[\/vc_column_text][\/vc_column][vc_column width=&#8220;1\/2&#8243; css=&#8220;.vc_custom_1599564196579{padding-top: 50px !important;}&#8220;][vc_single_image image=&#8220;733&#8243; img_size=&#8220;&#8220;][vc_raw_html]JTNDZGl2JTIwc3R5bGUlM0QlMjIlMEElMjAlMjAlMjAlMjBkaXNwbGF5JTNBZmxleCUzQiUwQSUyMCUyMCUyMCUyMGFsaWduLWl0ZW1zJTNBY2VudGVyJTNCJTBBJTIwJTIwJTIwJTIwZ2FwJTNBMThweCUzQiUwQSUyMCUyMCUyMCUyMGZsZXgtd3JhcCUzQXdyYXAlM0IlMEElMjIlM0UlMEElMjAlMjAlMjAlMjAlM0NhJTIwaHJlZiUzRCUyMmh0dHBzJTNBJTJGJTJGd3d3LmltcGVyaWFsY2FzaW5vLmV1JTJGc3RyYXpueSUyRndwLWNvbnRlbnQlMkZ1cGxvYWRzJTJGcGRmJTJGaG90ZWwtc3RyYXpueS1jcnQucGRmJTIyJTIwJTBBJTIwJTIwJTIwJTIwJTIwJTIwJTIwdGFyZ2V0JTNEJTIyX2JsYW5rJTIyJTIwcmVsJTNEJTIybm9vcGVuZXIlMjIlM0UlMEElMjAlMjAlMjAlMjAlMjAlMjAlMjAlMjAlM0NpbWclMjBzcmMlM0QlMjIlMkZzdHJhem55JTJGd3AtY29udGVudCUyRnVwbG9hZHMlMkYyMDI1JTJGMTElMkZzdHJhem55LWNlcnQtMTUweDE1MC5wbmclMjIlMEElMjAlMjAlMjAlMjAlMjAlMjAlMjAlMjAlMjAlMjAlMjAlMjAlMjBhbHQlM0QlMjJIb3RlbCUyMFN0YXJzJTIwVW5pb24lMjIlMEElMjAlMjAlMjAlMjAlMjAlMjAlMjAlMjAlMjAlMjAlMjAlMjAlMjBzdHlsZSUzRCUyMmhlaWdodCUzQTEyMHB4JTNCd2lkdGglM0FhdXRvJTNCZGlzcGxheSUzQWJsb2NrJTNCJTIyJTNFJTBBJTIwJTIwJTIwJTIwJTNDJTJGYSUzRSUwQSUwQSUyMCUyMCUyMCUyMCUzQ2ElMjBocmVmJTNEJTIyaHR0cHMlM0ElMkYlMkZ3d3cuaW1wZXJpYWxjYXNpbm8uZXUlMkZzdHJhem55JTJGd3AtY29udGVudCUyRnVwbG9hZHMlMkZwZGYlMkYyNjI2LWFwZXgtaG90ZWwucGRmJTIyJTBBJTIwJTIwJTIwJTIwJTIwJTIwJTIwdGFyZ2V0JTNEJTIyX2JsYW5rJTIyJTIwcmVsJTNEJTIybm9vcGVuZXIlMjIlM0UlMEElMjAlMjAlMjAlMjAlMjAlMjAlMjAlMjAlM0NpbWclMjBzcmMlM0QlMjIlMkZzdHJhem55JTJGd3AtY29udGVudCUyRnVwbG9hZHMlMkYyMDIwJTJGMDklMkZhaGxyLWxvZ28tMzQweDg2LnBuZyUyMiUwQSUyMCUyMCUyMCUyMCUyMCUyMCUyMCUyMCUyMCUyMCUyMCUyMCUyMGFsdCUzRCUyMkFIUiUyMCVDNCU4Q1IlMjIlMEElMjAlMjAlMjAlMjAlMjAlMjAlMjAlMjAlMjAlMjAlMjAlMjAlMjBzdHlsZSUzRCUyMmhlaWdodCUzQTgwcHglM0J3aWR0aCUzQWF1dG8lM0JkaXNwbGF5JTNBYmxvY2slM0IlMjIlM0UlMEElMjAlMjAlMjAlMjAlM0MlMkZhJTNFJTBBJTNDJTJGZGl2JTNFJTBB[\/vc_raw_html][\/vc_column][\/vc_row][vc_row content_placement=&#8220;middle&#8220; el_id=&#8220;hotel-obsah&#8220; el_class=&#8220;jidelni-listek&#8220; css=&#8220;.vc_custom_1600864947385{padding-bottom: 117px !important;}&#8220;][vc_column width=&#8220;1\/2&#8243; el_class=&#8220;box-mezera&#8220;][vc_column_text el_class=&#8220;text-mezera&#8220;]\u010cty\u0159hv\u011bzdi\u010dkov\u00fd hotel je sou\u010d\u00e1st\u00ed casina, kter\u00e9 se nach\u00e1z\u00ed v\u00a0pohrani\u010dn\u00edm m\u011bste\u010dku Str\u00e1\u017en\u00fd. Vyu\u017eijte benefity t\u00e9to lokality na plno, p\u0159es den turistikou p\u0159\u00edmo v\u00a0srdci n\u00e1rodn\u00edho parku a v\u00a0noci nekone\u010dnou z\u00e1bavou v\u00a0podob\u011b \u017eiv\u00e9 hry \u010di nep\u0159ebern\u00e9ho mno\u017estv\u00ed v\u00fdhern\u00edch automat\u016f. T\u00e9matick\u00e9 ve\u010dery jsou u n\u00e1s ji\u017e tradic\u00ed a z\u00a0pestr\u00e9 nab\u00eddky si zaru\u010den\u011b vybere ka\u017ed\u00fd.[\/vc_column_text][\/vc_column][vc_column width=&#8220;1\/2&#8243; css=&#8220;.vc_custom_1600865196336{margin-top: 20px !important;margin-bottom: 20px !important;}&#8220; el_id=&#8220;box-cena&#8220; el_class=&#8220;box-cena&#8220;][vc_row_inner el_id=&#8220;box-hotel&#8220; el_class=&#8220;box-hotel&#8220; css=&#8220;.vc_custom_1600864582669{margin-bottom: 30px !important;}&#8220;][vc_column_inner el_class=&#8220;left&#8220; width=&#8220;1\/2&#8243; css=&#8220;.vc_custom_1600865225147{padding-top: 0px !important;}&#8220;][vc_column_text]\n<p style=\"text-align: center;\"><span style=\"color: #ffffff;\">POKOJ\u016e<\/span><\/p>\n<div class=\"pocet-pokoju\" style=\"text-align: center;\">14<\/div>\n[\/vc_column_text][\/vc_column_inner][vc_column_inner width=&#8220;1\/2&#8243;][vc_column_text]\n<p style=\"text-align: center;\"><span style=\"color: #ffffff;\">CENA OD<\/span><\/p>\n<div class=\"cena-pokoje\" style=\"text-align: center;\">60\u20ac<\/div>\n[\/vc_column_text][\/vc_column_inner][\/vc_row_inner][vc_row_inner el_id=&#8220;balik&#8220;][vc_column_inner]<div class=\"norebro-button-sc btn-wrap text-center\" \n\tid=\"norebro-custom-69f4dce5afeba\"\n\t \n\t>\n\n\t<a href=\"https:\/\/www.imperialcasino.eu\/strazny\/rezervace\/\" \n\t\tclass=\"btn  btn-outline tlacitko-balicky\">\n\n\t\t\n\t\t<span class=\"text\">\n\t\t\tREZERVACE\t\t<\/span>\n\n\t\t\n\t\t\t<\/a>\n\n<\/div>[\/vc_column_inner][\/vc_row_inner][\/vc_column][\/vc_row][vc_row full_width=&#8220;stretch_row&#8220; el_id=&#8220;restuarace-galerie&#8220; el_class=&#8220;restuarace-galerie&#8220;][vc_column][vc_row_inner equal_height=&#8220;yes&#8220; css=&#8220;.vc_custom_1600079486859{margin-top: 0px !important;}&#8220;][vc_column_inner width=&#8220;1\/3&#8243; css=&#8220;.vc_custom_1599559555329{padding-right: 0px !important;padding-left: 0px !important;}&#8220;][vc_single_image image=&#8220;745&#8243; img_size=&#8220;full&#8220; alignment=&#8220;center&#8220;][\/vc_column_inner][vc_column_inner width=&#8220;1\/3&#8243; css=&#8220;.vc_custom_1599559644948{padding-right: 0px !important;padding-left: 0px !important;}&#8220;][vc_single_image image=&#8220;746&#8243; img_size=&#8220;full&#8220; alignment=&#8220;center&#8220;][\/vc_column_inner][vc_column_inner width=&#8220;1\/3&#8243; css=&#8220;.vc_custom_1599559638381{padding-right: 0px !important;padding-left: 0px !important;}&#8220;][vc_single_image image=&#8220;747&#8243; img_size=&#8220;full&#8220; alignment=&#8220;center&#8220;][\/vc_column_inner][\/vc_row_inner][\/vc_column][\/vc_row][vc_row full_width=&#8220;stretch_row&#8220; equal_height=&#8220;yes&#8220; css=&#8220;.vc_custom_1600081321611{margin-top: 0px !important;padding-bottom: 100px !important;background-color: #e6e6e6 !important;}&#8220; el_class=&#8220;restuarace-galerie&#8220;][vc_column][vc_row_inner equal_height=&#8220;yes&#8220;][vc_column_inner width=&#8220;1\/3&#8243; css=&#8220;.vc_custom_1599559555329{padding-right: 0px !important;padding-left: 0px !important;}&#8220;][vc_single_image image=&#8220;748&#8243; img_size=&#8220;full&#8220; alignment=&#8220;center&#8220;][\/vc_column_inner][vc_column_inner width=&#8220;1\/3&#8243; css=&#8220;.vc_custom_1600079853570{padding-bottom: 47px !important;padding-left: 40px !important;background-color: #ffffff !important;}&#8220;][vc_separator color=&#8220;custom&#8220; align=&#8220;align_left&#8220; el_width=&#8220;20&#8243; accent_color=&#8220;#bfa146&#8243; css=&#8220;.vc_custom_1600079788431{padding-top: 20px !important;}&#8220;][vc_column_text]\n<div class=\"spokojenost\" style=\"text-align: left;\">VA\u0160E SPOKOJENOST<br \/>\nJE U N\u00c1S<br \/>\nNA 1. M\u00cdST\u011a<\/div>\n[\/vc_column_text][\/vc_column_inner][vc_column_inner width=&#8220;1\/3&#8243; css=&#8220;.vc_custom_1599559638381{padding-right: 0px !important;padding-left: 0px !important;}&#8220;][vc_single_image image=&#8220;749&#8243; img_size=&#8220;full&#8220; alignment=&#8220;center&#8220;][\/vc_column_inner][\/vc_row_inner][\/vc_column][\/vc_row]\n<\/section>","protected":false},"excerpt":{"rendered":"<p>[vc_row el_id=&#8220;hotel&#8220; el_class=&#8220;hotel&#8220; css=&#8220;.vc_custom_1599561140487{padding-bottom: 70px !important;}&#8220;][vc_column width=&#8220;1\/2&#8243;][vc_custom_heading text=&#8220;HOTEL&#8220; font_container=&#8220;tag:h1|text_align:left&#8220; use_theme_fonts=&#8220;yes&#8220; el_class=&#8220;hlavni-nadpis&#8220;][vc_column_text] LUXUS A KOMFORT&#8230;<\/p>\n","protected":false},"author":1,"featured_media":0,"parent":0,"menu_order":0,"comment_status":"closed","ping_status":"closed","template":"","meta":{"footnotes":""},"class_list":["post-644","page","type-page","status-publish","hentry"],"acf":[],"_links":{"self":[{"href":"https:\/\/www.imperialcasino.eu\/strazny\/wp-json\/wp\/v2\/pages\/644","targetHints":{"allow":["GET"]}}],"collection":[{"href":"https:\/\/www.imperialcasino.eu\/strazny\/wp-json\/wp\/v2\/pages"}],"about":[{"href":"https:\/\/www.imperialcasino.eu\/strazny\/wp-json\/wp\/v2\/types\/page"}],"author":[{"embeddable":true,"href":"https:\/\/www.imperialcasino.eu\/strazny\/wp-json\/wp\/v2\/users\/1"}],"replies":[{"embeddable":true,"href":"https:\/\/www.imperialcasino.eu\/strazny\/wp-json\/wp\/v2\/comments?post=644"}],"version-history":[{"count":6,"href":"https:\/\/www.imperialcasino.eu\/strazny\/wp-json\/wp\/v2\/pages\/644\/revisions"}],"predecessor-version":[{"id":6420,"href":"https:\/\/www.imperialcasino.eu\/strazny\/wp-json\/wp\/v2\/pages\/644\/revisions\/6420"}],"wp:attachment":[{"href":"https:\/\/www.imperialcasino.eu\/strazny\/wp-json\/wp\/v2\/media?parent=644"}],"curies":[{"name":"wp","href":"https:\/\/api.w.org\/{rel}","templated":true}]}}