{"id":2998,"date":"2022-05-02T11:38:29","date_gmt":"2022-05-02T09:38:29","guid":{"rendered":"http:\/\/www.imperialcasino.eu\/strazny\/?post_type=product&#038;p=2998"},"modified":"2023-01-19T12:16:48","modified_gmt":"2023-01-19T11:16:48","slug":"vikendovy-balicek","status":"publish","type":"product","link":"https:\/\/www.imperialcasino.eu\/strazny\/produkt\/vikendovy-balicek\/","title":{"rendered":"IMPERIAL bal\u00ed\u010dek"},"content":{"rendered":"<p>Vstup zdarma<br \/>\n2x speci\u00e1ln\u00ed t\u0159\u00edchodov\u00e9 menu<br \/>\nUbytov\u00e1n\u00ed se sn\u00eddan\u00ed<br \/>\n2x pouk\u00e1zka F&amp;B \/ osoba<br \/>\nLze pou\u017e\u00edt jak\u00fdkoliv den v t\u00fddnu<\/p>\n<p>Pro\u017eijte v\u00edkend v casinu!<br \/>\nP\u0159ij\u010fte si vychutnat dokonal\u00e9 Menu na\u0161\u00ed Ala Carte restaurace a u\u017eijte si ubytov\u00e1n\u00ed v luxusn\u00edch<br \/>\nDe Luxe Dvoul\u016f\u017ekov\u00fdch pokoj\u00edch.<br \/>\nBal\u00ed\u010dek obsahuje:<br \/>\nUbytov\u00e1n\u00ed pro 2 osoby na 2 noci se sn\u00eddan\u00ed, ve\u010de\u0159e formou v\u00fdb\u011bru z Menu se sektem po oba dny, F&amp;B voucher po oba dny,<\/p>\n<p><strong>P\u0159i zakoupen\u00ed bal\u00ed\u010dku, rezervace prob\u00edh\u00e1 telefonnicky. Zavolejte na telefon: <a href=\"tel:388437011 \">+420 388 437 011 <\/a><\/strong><\/p>\n","protected":false},"excerpt":{"rendered":"<p>Vstup zdarma 2x speci\u00e1ln\u00ed t\u0159\u00edchodov\u00e9 menu Ubytov\u00e1n\u00ed se sn\u00eddan\u00ed 2x pouk\u00e1zka F&amp;B \/ osoba&#8230;<\/p>\n","protected":false},"featured_media":4103,"template":"","meta":[],"product_brand":[],"product_cat":[114],"product_tag":[],"class_list":{"0":"post-2998","1":"product","2":"type-product","3":"status-publish","4":"has-post-thumbnail","6":"product_cat-balicky","8":"first","9":"instock","10":"virtual","11":"purchasable","12":"product-type-calendarista"},"acf":[],"_links":{"self":[{"href":"https:\/\/www.imperialcasino.eu\/strazny\/wp-json\/wp\/v2\/product\/2998","targetHints":{"allow":["GET"]}}],"collection":[{"href":"https:\/\/www.imperialcasino.eu\/strazny\/wp-json\/wp\/v2\/product"}],"about":[{"href":"https:\/\/www.imperialcasino.eu\/strazny\/wp-json\/wp\/v2\/types\/product"}],"wp:featuredmedia":[{"embeddable":true,"href":"https:\/\/www.imperialcasino.eu\/strazny\/wp-json\/wp\/v2\/media\/4103"}],"wp:attachment":[{"href":"https:\/\/www.imperialcasino.eu\/strazny\/wp-json\/wp\/v2\/media?parent=2998"}],"wp:term":[{"taxonomy":"product_brand","embeddable":true,"href":"https:\/\/www.imperialcasino.eu\/strazny\/wp-json\/wp\/v2\/product_brand?post=2998"},{"taxonomy":"product_cat","embeddable":true,"href":"https:\/\/www.imperialcasino.eu\/strazny\/wp-json\/wp\/v2\/product_cat?post=2998"},{"taxonomy":"product_tag","embeddable":true,"href":"https:\/\/www.imperialcasino.eu\/strazny\/wp-json\/wp\/v2\/product_tag?post=2998"}],"curies":[{"name":"wp","href":"https:\/\/api.w.org\/{rel}","templated":true}]}}