{"id":3139,"date":"2022-05-05T12:32:24","date_gmt":"2022-05-05T10:32:24","guid":{"rendered":"http:\/\/www.imperialcasino.eu\/strazny\/?post_type=product&#038;p=3139"},"modified":"2023-08-31T09:23:21","modified_gmt":"2023-08-31T07:23:21","slug":"pokoj-s-manzelskou-posteli","status":"publish","type":"product","link":"https:\/\/www.imperialcasino.eu\/strazny\/produkt\/pokoj-s-manzelskou-posteli\/","title":{"rendered":"Pokoj s man\u017eelskou postel\u00ed"},"content":{"rendered":"<p>Pokoj pro 2 osoby s man\u017eelskou postel\u00ed.<\/p>\n","protected":false},"excerpt":{"rendered":"<p>Pokoj pro 2 osoby s man\u017eelskou postel\u00ed.<\/p>\n","protected":false},"featured_media":3161,"template":"","meta":[],"product_brand":[],"product_cat":[128],"product_tag":[],"class_list":{"0":"post-3139","1":"product","2":"type-product","3":"status-publish","4":"has-post-thumbnail","6":"product_cat-pokoje","8":"first","9":"instock","10":"virtual","11":"purchasable","12":"product-type-calendarista"},"acf":[],"_links":{"self":[{"href":"https:\/\/www.imperialcasino.eu\/strazny\/wp-json\/wp\/v2\/product\/3139","targetHints":{"allow":["GET"]}}],"collection":[{"href":"https:\/\/www.imperialcasino.eu\/strazny\/wp-json\/wp\/v2\/product"}],"about":[{"href":"https:\/\/www.imperialcasino.eu\/strazny\/wp-json\/wp\/v2\/types\/product"}],"wp:featuredmedia":[{"embeddable":true,"href":"https:\/\/www.imperialcasino.eu\/strazny\/wp-json\/wp\/v2\/media\/3161"}],"wp:attachment":[{"href":"https:\/\/www.imperialcasino.eu\/strazny\/wp-json\/wp\/v2\/media?parent=3139"}],"wp:term":[{"taxonomy":"product_brand","embeddable":true,"href":"https:\/\/www.imperialcasino.eu\/strazny\/wp-json\/wp\/v2\/product_brand?post=3139"},{"taxonomy":"product_cat","embeddable":true,"href":"https:\/\/www.imperialcasino.eu\/strazny\/wp-json\/wp\/v2\/product_cat?post=3139"},{"taxonomy":"product_tag","embeddable":true,"href":"https:\/\/www.imperialcasino.eu\/strazny\/wp-json\/wp\/v2\/product_tag?post=3139"}],"curies":[{"name":"wp","href":"https:\/\/api.w.org\/{rel}","templated":true}]}}