{"id":3143,"date":"2022-05-04T12:37:08","date_gmt":"2022-05-04T10:37:08","guid":{"rendered":"http:\/\/www.imperialcasino.eu\/strazny\/?post_type=product&#038;p=3143"},"modified":"2023-08-31T09:24:18","modified_gmt":"2023-08-31T07:24:18","slug":"pokoj-s-oddelenou-posteli","status":"publish","type":"product","link":"https:\/\/www.imperialcasino.eu\/strazny\/produkt\/pokoj-s-oddelenou-posteli\/","title":{"rendered":"Pokoj s odd\u011blenou postel\u00ed"},"content":{"rendered":"<p>Pokoj pro 2 osoby s odd\u011blenou postel\u00ed.<\/p>\n","protected":false},"excerpt":{"rendered":"<p>Pokoj pro 2 osoby s odd\u011blenou postel\u00ed.<\/p>\n","protected":false},"featured_media":3159,"template":"","meta":[],"product_brand":[],"product_cat":[128],"product_tag":[],"class_list":{"0":"post-3143","1":"product","2":"type-product","3":"status-publish","4":"has-post-thumbnail","6":"product_cat-pokoje","8":"first","9":"instock","10":"virtual","11":"purchasable","12":"product-type-calendarista"},"acf":[],"_links":{"self":[{"href":"https:\/\/www.imperialcasino.eu\/strazny\/wp-json\/wp\/v2\/product\/3143","targetHints":{"allow":["GET"]}}],"collection":[{"href":"https:\/\/www.imperialcasino.eu\/strazny\/wp-json\/wp\/v2\/product"}],"about":[{"href":"https:\/\/www.imperialcasino.eu\/strazny\/wp-json\/wp\/v2\/types\/product"}],"wp:featuredmedia":[{"embeddable":true,"href":"https:\/\/www.imperialcasino.eu\/strazny\/wp-json\/wp\/v2\/media\/3159"}],"wp:attachment":[{"href":"https:\/\/www.imperialcasino.eu\/strazny\/wp-json\/wp\/v2\/media?parent=3143"}],"wp:term":[{"taxonomy":"product_brand","embeddable":true,"href":"https:\/\/www.imperialcasino.eu\/strazny\/wp-json\/wp\/v2\/product_brand?post=3143"},{"taxonomy":"product_cat","embeddable":true,"href":"https:\/\/www.imperialcasino.eu\/strazny\/wp-json\/wp\/v2\/product_cat?post=3143"},{"taxonomy":"product_tag","embeddable":true,"href":"https:\/\/www.imperialcasino.eu\/strazny\/wp-json\/wp\/v2\/product_tag?post=3143"}],"curies":[{"name":"wp","href":"https:\/\/api.w.org\/{rel}","templated":true}]}}