{"id":13,"date":"2016-02-18T13:46:16","date_gmt":"2016-02-18T12:46:16","guid":{"rendered":"http:\/\/zinnwald.apex-casino.cz\/?page_id=13"},"modified":"2026-01-08T11:06:33","modified_gmt":"2026-01-08T10:06:33","slug":"kontakt","status":"publish","type":"page","link":"https:\/\/www.imperialcasino.eu\/zinnwald\/kontakt\/","title":{"rendered":"Kontakt"},"content":{"rendered":"<p><!-- FontAwesome pro v\u0161echny ikonky -->\n<link rel=\"stylesheet\" href=\"https:\/\/cdnjs.cloudflare.com\/ajax\/libs\/font-awesome\/6.5.0\/css\/all.min.css\" \/>\n<section class=\"contact-page\">\n<div class=\"contact-wrapper container\">\n<h1 class=\"contact-title\">KONTAKT<\/h1>\n<div class=\"contact-box\">\n<p>            <!-- Lev\u00e1 strana --><\/p>\n<div class=\"contact-box-left\">\n<p>                <!-- Logo + NONSTOP --><\/p>\n<div class=\"contact-header-small\">\n                    <img decoding=\"async\" class=\"contact-logo-small\"\n                         src=\"\/zinnwald\/wp-content\/uploads\/2025\/12\/logo-zinnwald-gold.webp\"\n                         alt=\"Imperial Casino Zinnwald\" \/><\/p>\n<div class=\"contact-nonstop-small\">\n                        <i class=\"fa-solid fa-clock\"><\/i> NONSTOP\n                    <\/div>\n<\/p><\/div>\n<h2>KONTAKTUJTE N\u00c1S<\/h2>\n<p class=\"contact-line address-line\">\n                    <i class=\"fa-solid fa-house\"><\/i><br \/>\n                    <span class=\"address-text\"><br \/>\n                        <strong>Imperial Casino Zinnwald<\/strong><br \/>\n                        C\u00ednovec 288, 417 32 C\u00ednovec<br \/>\n                    <\/span>\n                <\/p>\n<p class=\"contact-line\">\n                    <i class=\"fa-solid fa-phone\"><\/i><br \/>\n                    <span>Telefon:<\/span><br \/>\n                    <a href=\"tel:+420720958403\">+420 720 958 403<\/a>\n                <\/p>\n<p class=\"contact-line\">\n                    <i class=\"fa-solid fa-envelope\"><\/i><br \/>\n                    <span>Email:<\/span><br \/>\n                    <a href=\"mailto:info.zinnwald@imperialcasino.eu\">info.zinnwald@imperialcasino.eu<br \/>\n                    <\/a>\n                <\/p>\n<\/p><\/div>\n<p>            <!-- Prav\u00e1 strana (obr\u00e1zek) --><\/p>\n<div class=\"contact-box-right\">\n                <img decoding=\"async\" class=\"contact-image\"\n                     src=\"\/zinnwald\/wp-content\/uploads\/2026\/01\/contact-ci.webp\"\n                     alt=\"Kontakt Imperial Casino Zinnwald\" \/>\n            <\/div>\n<\/p><\/div>\n<p>        <!-- Soci\u00e1ln\u00ed s\u00edt\u011b --><\/p>\n<div class=\"contact-social\">\n<h3>Sledujte n\u00e1s<\/h3>\n<div class=\"social-icons\">\n                <a href=\"https:\/\/www.facebook.com\/imperialcasinozinnwald\" class=\"social-item\"><i class=\"fab fa-facebook-f\"><\/i><\/a><br \/>\n                <a href=\"https:\/\/www.instagram.com\/casinozinnwald\/\" class=\"social-item\"><i class=\"fab fa-instagram\"><\/i><\/a>\n            <\/div>\n<\/p><\/div>\n<\/p><\/div>\n<p>    <!-- MAPA --><\/p>\n<div class=\"contact-map\">\n        <iframe\n            src=\"https:\/\/www.google.com\/maps?q=C%C3%ADnovec+288,+417+32+C%C3%ADnovec&#038;output=embed\"\n            allowfullscreen\n            loading=\"lazy\"\n            referrerpolicy=\"no-referrer-when-downgrade\"><br \/>\n        <\/iframe>\n    <\/div>\n<\/section>\n","protected":false},"excerpt":{"rendered":"<p>KONTAKT NONSTOP KONTAKTUJTE N\u00c1S Imperial Casino Zinnwald C\u00ednovec 288, 417 32 C\u00ednovec Telefon: +420 720 958 403 Email: info.zinnwald@imperialcasino.eu Sledujte [&hellip;]<\/p>\n","protected":false},"author":3,"featured_media":0,"parent":0,"menu_order":0,"comment_status":"closed","ping_status":"closed","template":"","meta":{"_acf_changed":false,"site-sidebar-layout":"default","site-content-layout":"","ast-site-content-layout":"full-width-container","site-content-style":"default","site-sidebar-style":"default","ast-global-header-display":"","ast-banner-title-visibility":"","ast-main-header-display":"","ast-hfb-above-header-display":"","ast-hfb-below-header-display":"","ast-hfb-mobile-header-display":"","site-post-title":"","ast-breadcrumbs-content":"","ast-featured-img":"","footer-sml-layout":"","ast-disable-related-posts":"","theme-transparent-header-meta":"default","adv-header-id-meta":"","stick-header-meta":"","header-above-stick-meta":"","header-main-stick-meta":"","header-below-stick-meta":"","astra-migrate-meta-layouts":"set","ast-page-background-enabled":"default","ast-page-background-meta":{"desktop":{"background-color":"var(--ast-global-color-5)","background-image":"","background-repeat":"repeat","background-position":"center center","background-size":"auto","background-attachment":"scroll","background-type":"","background-media":"","overlay-type":"","overlay-color":"","overlay-opacity":"","overlay-gradient":""},"tablet":{"background-color":"","background-image":"","background-repeat":"repeat","background-position":"center center","background-size":"auto","background-attachment":"scroll","background-type":"","background-media":"","overlay-type":"","overlay-color":"","overlay-opacity":"","overlay-gradient":""},"mobile":{"background-color":"","background-image":"","background-repeat":"repeat","background-position":"center center","background-size":"auto","background-attachment":"scroll","background-type":"","background-media":"","overlay-type":"","overlay-color":"","overlay-opacity":"","overlay-gradient":""}},"ast-content-background-meta":{"desktop":{"background-color":"var(--ast-global-color-4)","background-image":"","background-repeat":"repeat","background-position":"center center","background-size":"auto","background-attachment":"scroll","background-type":"","background-media":"","overlay-type":"","overlay-color":"","overlay-opacity":"","overlay-gradient":""},"tablet":{"background-color":"var(--ast-global-color-4)","background-image":"","background-repeat":"repeat","background-position":"center center","background-size":"auto","background-attachment":"scroll","background-type":"","background-media":"","overlay-type":"","overlay-color":"","overlay-opacity":"","overlay-gradient":""},"mobile":{"background-color":"var(--ast-global-color-4)","background-image":"","background-repeat":"repeat","background-position":"center center","background-size":"auto","background-attachment":"scroll","background-type":"","background-media":"","overlay-type":"","overlay-color":"","overlay-opacity":"","overlay-gradient":""}},"footnotes":""},"class_list":["post-13","page","type-page","status-publish","hentry"],"acf":[],"_links":{"self":[{"href":"https:\/\/www.imperialcasino.eu\/zinnwald\/wp-json\/wp\/v2\/pages\/13","targetHints":{"allow":["GET"]}}],"collection":[{"href":"https:\/\/www.imperialcasino.eu\/zinnwald\/wp-json\/wp\/v2\/pages"}],"about":[{"href":"https:\/\/www.imperialcasino.eu\/zinnwald\/wp-json\/wp\/v2\/types\/page"}],"author":[{"embeddable":true,"href":"https:\/\/www.imperialcasino.eu\/zinnwald\/wp-json\/wp\/v2\/users\/3"}],"replies":[{"embeddable":true,"href":"https:\/\/www.imperialcasino.eu\/zinnwald\/wp-json\/wp\/v2\/comments?post=13"}],"version-history":[{"count":18,"href":"https:\/\/www.imperialcasino.eu\/zinnwald\/wp-json\/wp\/v2\/pages\/13\/revisions"}],"predecessor-version":[{"id":1751,"href":"https:\/\/www.imperialcasino.eu\/zinnwald\/wp-json\/wp\/v2\/pages\/13\/revisions\/1751"}],"wp:attachment":[{"href":"https:\/\/www.imperialcasino.eu\/zinnwald\/wp-json\/wp\/v2\/media?parent=13"}],"curies":[{"name":"wp","href":"https:\/\/api.w.org\/{rel}","templated":true}]}}