{"id":1499,"date":"2025-12-22T12:39:35","date_gmt":"2025-12-22T11:39:35","guid":{"rendered":"https:\/\/www.imperialcasino.eu\/zinnwald\/?page_id=1499"},"modified":"2026-03-02T09:58:24","modified_gmt":"2026-03-02T08:58:24","slug":"akce","status":"publish","type":"page","link":"https:\/\/www.imperialcasino.eu\/zinnwald\/akce\/","title":{"rendered":"AKCE"},"content":{"rendered":"<section class=\"contact-page\">\n<div class=\"contact-wrapper container\">\n<div class=\"contact-layout\">\n<p>      <!-- LEV\u00c1 STRANA --><\/p>\n<h1 class=\"contact-title\">AKCE<\/h1>\n<p>      <!-- PRAV\u00c1 STRANA --><\/p>\n<div class=\"contact-right-text\">\n        KDY\u017d SE V KASINU N\u011aCO D\u011aJE, STOJ\u00cd TO ZA TO.<br \/>\n        SPECI\u00c1LN\u00cd VE\u010cERY, Z\u00c1BAVN\u00dd PROGRAM<br \/>\n        A \u0160ANCE NA EXTRA V\u00ddHRY.\n      <\/div>\n<\/p><\/div>\n<\/p><\/div>\n<\/section>\n<div class=\"event-no-active\">Aktu\u00e1ln\u011b neprob\u00edh\u00e1 \u017e\u00e1dn\u00e1 akce<\/div>\n","protected":false},"excerpt":{"rendered":"<p>AKCE KDY\u017d SE V KASINU N\u011aCO D\u011aJE, STOJ\u00cd TO ZA TO. SPECI\u00c1LN\u00cd VE\u010cERY, Z\u00c1BAVN\u00dd PROGRAM A \u0160ANCE NA EXTRA V\u00ddHRY.<\/p>\n","protected":false},"author":3,"featured_media":0,"parent":0,"menu_order":0,"comment_status":"closed","ping_status":"closed","template":"","meta":{"_acf_changed":false,"site-sidebar-layout":"default","site-content-layout":"","ast-site-content-layout":"full-width-container","site-content-style":"default","site-sidebar-style":"default","ast-global-header-display":"","ast-banner-title-visibility":"","ast-main-header-display":"","ast-hfb-above-header-display":"","ast-hfb-below-header-display":"","ast-hfb-mobile-header-display":"","site-post-title":"","ast-breadcrumbs-content":"","ast-featured-img":"","footer-sml-layout":"","ast-disable-related-posts":"","theme-transparent-header-meta":"default","adv-header-id-meta":"","stick-header-meta":"","header-above-stick-meta":"","header-main-stick-meta":"","header-below-stick-meta":"","astra-migrate-meta-layouts":"set","ast-page-background-enabled":"default","ast-page-background-meta":{"desktop":{"background-color":"var(--ast-global-color-5)","background-image":"","background-repeat":"repeat","background-position":"center center","background-size":"auto","background-attachment":"scroll","background-type":"","background-media":"","overlay-type":"","overlay-color":"","overlay-opacity":"","overlay-gradient":""},"tablet":{"background-color":"","background-image":"","background-repeat":"repeat","background-position":"center center","background-size":"auto","background-attachment":"scroll","background-type":"","background-media":"","overlay-type":"","overlay-color":"","overlay-opacity":"","overlay-gradient":""},"mobile":{"background-color":"","background-image":"","background-repeat":"repeat","background-position":"center center","background-size":"auto","background-attachment":"scroll","background-type":"","background-media":"","overlay-type":"","overlay-color":"","overlay-opacity":"","overlay-gradient":""}},"ast-content-background-meta":{"desktop":{"background-color":"var(--ast-global-color-4)","background-image":"","background-repeat":"repeat","background-position":"center center","background-size":"auto","background-attachment":"scroll","background-type":"","background-media":"","overlay-type":"","overlay-color":"","overlay-opacity":"","overlay-gradient":""},"tablet":{"background-color":"var(--ast-global-color-4)","background-image":"","background-repeat":"repeat","background-position":"center center","background-size":"auto","background-attachment":"scroll","background-type":"","background-media":"","overlay-type":"","overlay-color":"","overlay-opacity":"","overlay-gradient":""},"mobile":{"background-color":"var(--ast-global-color-4)","background-image":"","background-repeat":"repeat","background-position":"center center","background-size":"auto","background-attachment":"scroll","background-type":"","background-media":"","overlay-type":"","overlay-color":"","overlay-opacity":"","overlay-gradient":""}},"footnotes":""},"class_list":["post-1499","page","type-page","status-publish","hentry"],"acf":[],"_links":{"self":[{"href":"https:\/\/www.imperialcasino.eu\/zinnwald\/wp-json\/wp\/v2\/pages\/1499","targetHints":{"allow":["GET"]}}],"collection":[{"href":"https:\/\/www.imperialcasino.eu\/zinnwald\/wp-json\/wp\/v2\/pages"}],"about":[{"href":"https:\/\/www.imperialcasino.eu\/zinnwald\/wp-json\/wp\/v2\/types\/page"}],"author":[{"embeddable":true,"href":"https:\/\/www.imperialcasino.eu\/zinnwald\/wp-json\/wp\/v2\/users\/3"}],"replies":[{"embeddable":true,"href":"https:\/\/www.imperialcasino.eu\/zinnwald\/wp-json\/wp\/v2\/comments?post=1499"}],"version-history":[{"count":40,"href":"https:\/\/www.imperialcasino.eu\/zinnwald\/wp-json\/wp\/v2\/pages\/1499\/revisions"}],"predecessor-version":[{"id":2049,"href":"https:\/\/www.imperialcasino.eu\/zinnwald\/wp-json\/wp\/v2\/pages\/1499\/revisions\/2049"}],"wp:attachment":[{"href":"https:\/\/www.imperialcasino.eu\/zinnwald\/wp-json\/wp\/v2\/media?parent=1499"}],"curies":[{"name":"wp","href":"https:\/\/api.w.org\/{rel}","templated":true}]}}