{"id":1759,"date":"2026-01-08T11:39:16","date_gmt":"2026-01-08T10:39:16","guid":{"rendered":"https:\/\/www.imperialcasino.eu\/zinnwald\/?page_id=1759"},"modified":"2026-02-16T12:05:50","modified_gmt":"2026-02-16T11:05:50","slug":"events","status":"publish","type":"page","link":"https:\/\/www.imperialcasino.eu\/zinnwald\/de\/events\/","title":{"rendered":"EVENTS"},"content":{"rendered":"<section class=\"contact-page\">\n<div class=\"contact-wrapper container\">\n<div class=\"contact-layout\">\n<p><!-- LINKE SEITE --><\/p>\n<h1 class=\"contact-title\">EVENTS<\/h1>\n<p><!-- RECHTE SEITE --><\/p>\n<div class=\"contact-right-text\">\nWENN IM CASINO ETWAS PASSIERT, LOHNT ES SICH.<br \/>\nSPEZIALABENDE, UNTERHALTUNGSPROGRAMM<br \/>\nUND CHANCEN AUF EXTRA-GEWINNE.\n<\/div>\n<\/div>\n<\/div>\n<\/section>\n<div class=\"event-no-active\">Aktu\u00e1ln\u011b neprob\u00edh\u00e1 \u017e\u00e1dn\u00e1 akce<\/div>\n","protected":false},"excerpt":{"rendered":"<p>EVENTS WENN IM CASINO ETWAS PASSIERT, LOHNT ES SICH. SPEZIALABENDE, UNTERHALTUNGSPROGRAMM UND CHANCEN AUF EXTRA-GEWINNE.<\/p>\n","protected":false},"author":3,"featured_media":0,"parent":0,"menu_order":0,"comment_status":"closed","ping_status":"closed","template":"","meta":{"_acf_changed":false,"site-sidebar-layout":"default","site-content-layout":"","ast-site-content-layout":"full-width-container","site-content-style":"default","site-sidebar-style":"default","ast-global-header-display":"","ast-banner-title-visibility":"","ast-main-header-display":"","ast-hfb-above-header-display":"","ast-hfb-below-header-display":"","ast-hfb-mobile-header-display":"","site-post-title":"","ast-breadcrumbs-content":"","ast-featured-img":"","footer-sml-layout":"","ast-disable-related-posts":"","theme-transparent-header-meta":"default","adv-header-id-meta":"","stick-header-meta":"","header-above-stick-meta":"","header-main-stick-meta":"","header-below-stick-meta":"","astra-migrate-meta-layouts":"set","ast-page-background-enabled":"default","ast-page-background-meta":{"desktop":{"background-color":"var(--ast-global-color-5)","background-image":"","background-repeat":"repeat","background-position":"center center","background-size":"auto","background-attachment":"scroll","background-type":"","background-media":"","overlay-type":"","overlay-color":"","overlay-opacity":"","overlay-gradient":""},"tablet":{"background-color":"","background-image":"","background-repeat":"repeat","background-position":"center center","background-size":"auto","background-attachment":"scroll","background-type":"","background-media":"","overlay-type":"","overlay-color":"","overlay-opacity":"","overlay-gradient":""},"mobile":{"background-color":"","background-image":"","background-repeat":"repeat","background-position":"center center","background-size":"auto","background-attachment":"scroll","background-type":"","background-media":"","overlay-type":"","overlay-color":"","overlay-opacity":"","overlay-gradient":""}},"ast-content-background-meta":{"desktop":{"background-color":"var(--ast-global-color-4)","background-image":"","background-repeat":"repeat","background-position":"center center","background-size":"auto","background-attachment":"scroll","background-type":"","background-media":"","overlay-type":"","overlay-color":"","overlay-opacity":"","overlay-gradient":""},"tablet":{"background-color":"var(--ast-global-color-4)","background-image":"","background-repeat":"repeat","background-position":"center center","background-size":"auto","background-attachment":"scroll","background-type":"","background-media":"","overlay-type":"","overlay-color":"","overlay-opacity":"","overlay-gradient":""},"mobile":{"background-color":"var(--ast-global-color-4)","background-image":"","background-repeat":"repeat","background-position":"center center","background-size":"auto","background-attachment":"scroll","background-type":"","background-media":"","overlay-type":"","overlay-color":"","overlay-opacity":"","overlay-gradient":""}},"footnotes":""},"class_list":["post-1759","page","type-page","status-publish","hentry"],"acf":[],"_links":{"self":[{"href":"https:\/\/www.imperialcasino.eu\/zinnwald\/wp-json\/wp\/v2\/pages\/1759","targetHints":{"allow":["GET"]}}],"collection":[{"href":"https:\/\/www.imperialcasino.eu\/zinnwald\/wp-json\/wp\/v2\/pages"}],"about":[{"href":"https:\/\/www.imperialcasino.eu\/zinnwald\/wp-json\/wp\/v2\/types\/page"}],"author":[{"embeddable":true,"href":"https:\/\/www.imperialcasino.eu\/zinnwald\/wp-json\/wp\/v2\/users\/3"}],"replies":[{"embeddable":true,"href":"https:\/\/www.imperialcasino.eu\/zinnwald\/wp-json\/wp\/v2\/comments?post=1759"}],"version-history":[{"count":13,"href":"https:\/\/www.imperialcasino.eu\/zinnwald\/wp-json\/wp\/v2\/pages\/1759\/revisions"}],"predecessor-version":[{"id":2044,"href":"https:\/\/www.imperialcasino.eu\/zinnwald\/wp-json\/wp\/v2\/pages\/1759\/revisions\/2044"}],"wp:attachment":[{"href":"https:\/\/www.imperialcasino.eu\/zinnwald\/wp-json\/wp\/v2\/media?parent=1759"}],"curies":[{"name":"wp","href":"https:\/\/api.w.org\/{rel}","templated":true}]}}